{"id":5283,"date":"2024-12-24T04:49:24","date_gmt":"2024-12-24T04:49:24","guid":{"rendered":"https:\/\/www.femmeharmone.com\/?page_id=5283"},"modified":"2024-12-24T06:09:49","modified_gmt":"2024-12-24T06:09:49","slug":"milka-kresoja-mileva-maric-einstein-a-xx-szazad-legnagyobb-alkotoi-rejtelye-forditotta-es-szerkesztette-major-gyongyi","status":"publish","type":"page","link":"https:\/\/www.femmeharmone.com\/eng\/a-noi-dimenzio\/iii-evfolyam-4-szam\/noportrek\/milka-kresoja-mileva-maric-einstein-a-xx-szazad-legnagyobb-alkotoi-rejtelye-forditotta-es-szerkesztette-major-gyongyi\/","title":{"rendered":"<em>Milka Kresoja:<\/em> Mileva Mari\u0107 Einstein \u2013 A XX. sz\u00e1zad legnagyobb alkot\u00f3i rejt\u00e9lye (Ford\u00edtotta \u00e9s szerkesztette: <em>Major Gy\u00f6ngyi<\/em>)"},"content":{"rendered":"<p class=\"has-text-align-right\"><a href=\"https:\/\/doi.org\/10.55344\/andfh.2304128\"><em>DOI: 10.55344\/andfh.2304128<\/em><\/a><\/p>\n\n\n\n<div style=\"height:100px\" aria-hidden=\"true\" class=\"wp-block-spacer\"><\/div>\n\n\n\n<div data-wp-interactive=\"core\/file\" class=\"wp-block-file\"><object data-wp-bind--hidden=\"!state.hasPdfPreview\"  class=\"wp-block-file__embed\" data=\"https:\/\/www.femmeharmone.com\/wp-content\/uploads\/2024\/12\/AND10_2023_Tel_v1_0_Major_Gyongyi.pdf\" type=\"application\/pdf\" style=\"width:100%;height:1500px\" aria-label=\"Embed of AND10_2023_Tel_v1_0_Major_Gyongyi.\"><\/object><a id=\"wp-block-file--media-bb1d8306-3f1f-47fa-9fb6-9279e6d29841\" href=\"https:\/\/www.femmeharmone.com\/wp-content\/uploads\/2024\/12\/AND10_2023_Tel_v1_0_Major_Gyongyi.pdf\">AND10_2023_Tel_v1_0_Major_Gyongyi<\/a><a href=\"https:\/\/www.femmeharmone.com\/wp-content\/uploads\/2024\/12\/AND10_2023_Tel_v1_0_Major_Gyongyi.pdf\" class=\"wp-block-file__button wp-element-button\" download aria-describedby=\"wp-block-file--media-bb1d8306-3f1f-47fa-9fb6-9279e6d29841\">Let\u00f6lt\u00e9s<\/a><\/div>","protected":false},"excerpt":{"rendered":"<p>DOI: 10.55344\/andfh.2304128<\/p>","protected":false},"author":1,"featured_media":0,"parent":5243,"menu_order":1,"comment_status":"closed","ping_status":"closed","template":"page-article.php","meta":{"inline_featured_image":false,"footnotes":""},"categories":[],"tags":[],"_links":{"self":[{"href":"https:\/\/www.femmeharmone.com\/eng\/wp-json\/wp\/v2\/pages\/5283"}],"collection":[{"href":"https:\/\/www.femmeharmone.com\/eng\/wp-json\/wp\/v2\/pages"}],"about":[{"href":"https:\/\/www.femmeharmone.com\/eng\/wp-json\/wp\/v2\/types\/page"}],"author":[{"embeddable":true,"href":"https:\/\/www.femmeharmone.com\/eng\/wp-json\/wp\/v2\/users\/1"}],"replies":[{"embeddable":true,"href":"https:\/\/www.femmeharmone.com\/eng\/wp-json\/wp\/v2\/comments?post=5283"}],"version-history":[{"count":3,"href":"https:\/\/www.femmeharmone.com\/eng\/wp-json\/wp\/v2\/pages\/5283\/revisions"}],"predecessor-version":[{"id":5326,"href":"https:\/\/www.femmeharmone.com\/eng\/wp-json\/wp\/v2\/pages\/5283\/revisions\/5326"}],"up":[{"embeddable":true,"href":"https:\/\/www.femmeharmone.com\/eng\/wp-json\/wp\/v2\/pages\/5243"}],"wp:attachment":[{"href":"https:\/\/www.femmeharmone.com\/eng\/wp-json\/wp\/v2\/media?parent=5283"}],"wp:term":[{"taxonomy":"category","embeddable":true,"href":"https:\/\/www.femmeharmone.com\/eng\/wp-json\/wp\/v2\/categories?post=5283"},{"taxonomy":"post_tag","embeddable":true,"href":"https:\/\/www.femmeharmone.com\/eng\/wp-json\/wp\/v2\/tags?post=5283"}],"curies":[{"name":"wp","href":"https:\/\/api.w.org\/{rel}","templated":true}]}}