{"id":5286,"date":"2024-12-24T04:54:35","date_gmt":"2024-12-24T04:54:35","guid":{"rendered":"https:\/\/www.femmeharmone.com\/?page_id=5286"},"modified":"2024-12-24T05:11:58","modified_gmt":"2024-12-24T05:11:58","slug":"az-egyhazak-finanszirozasanak-dilemmai","status":"publish","type":"page","link":"https:\/\/www.femmeharmone.com\/eng\/a-noi-dimenzio\/iii-evfolyam-4-szam\/szemle\/az-egyhazak-finanszirozasanak-dilemmai\/","title":{"rendered":"Az egyh\u00e1zak finansz\u00edroz\u00e1s\u00e1nak dilemm\u00e1i (vide\u00f3)"},"content":{"rendered":"\n<h3 class=\"wp-block-heading has-text-align-center\">Tudom\u00e1nyos tan\u00e1cskoz\u00e1s \u00e9s kerekasztal-besz\u00e9lget\u00e9s<\/h3>\n\n\n\n<p class=\"has-text-align-center\">MTA K\u00e9pesterem<\/p>\n\n\n\n<p class=\"has-text-align-center\">2021. j\u00fanius 29.<\/p>\n\n\n\n<div style=\"height:100px\" aria-hidden=\"true\" class=\"wp-block-spacer\"><\/div>\n\n\n\n<figure class=\"wp-block-embed is-type-video is-provider-youtube wp-block-embed-youtube wp-embed-aspect-16-9 wp-has-aspect-ratio\"><div class=\"wp-block-embed__wrapper\">\n<iframe loading=\"lazy\" title=\"Az Egyh\u00e1zak Finansz\u00edroz\u00e1s\u00e1nak Dilemm\u00e1i\" width=\"750\" height=\"422\" src=\"https:\/\/www.youtube.com\/embed\/3Kr6D7PD614?feature=oembed\" frameborder=\"0\" allow=\"accelerometer; autoplay; clipboard-write; encrypted-media; gyroscope; picture-in-picture; web-share\" referrerpolicy=\"strict-origin-when-cross-origin\" allowfullscreen><\/iframe>\n<\/div><\/figure>\n\n\n\n<p>A konferencia r\u00e9sztvev\u0151i &#8211; az el\u0151ad\u00e1sok sorrendj\u00e9ben:<\/p>\n\n\n\n<p><strong>Birinyi J\u00f3zsef<\/strong>, MKT KGSZ, eln\u00f6k \u2013 <strong>Major Gy\u00f6ngyi<\/strong>, KNRF, eln\u00f6k:<\/p>\n\n\n\n<p><em>K\u00f6sz\u00f6nt\u0151k<br><\/em><br><strong>Platthy Iv\u00e1n<\/strong>, pedag\u00f3gus, nyugalmazott egyh\u00e1z\u00fcgyi c\u00edmzetes \u00e1llamtitk\u00e1r:<\/p>\n\n\n\n<p><em>Az egyh\u00e1zak finansz\u00edroz\u00e1s\u00e1nak k\u00e9rd\u00e9sei<\/em><\/p>\n\n\n\n<p><strong>Rob\u00e1k Ferenc<\/strong>, nyugalmazott nagyk\u00f6vet, c\u00edmzetes egyetemi docens:<br><em>A Vatik\u00e1ni Meg\u00e1llapod\u00e1s nemzetk\u00f6zi kontextusban<br><\/em><br><strong>Schweitzer G\u00e1bor<\/strong>, jog\u00e1sz, tudom\u00e1nyos f\u0151munkat\u00e1rs (TK JTI):<br><em>Az egyh\u00e1zak \u00e9s vall\u00e1si k\u00f6z\u00f6ss\u00e9gek jog\u00e1ll\u00e1s\u00e1nak aktu\u00e1lis k\u00e9rd\u00e9sei<\/em><\/p>\n\n\n\n<p><strong>Kov\u00e1cs K\u00e1lm\u00e1n \u00c1rp\u00e1d<\/strong>, egyh\u00e1zt\u00f6rt\u00e9n\u00e9sz, tudom\u00e1nyos munkat\u00e1rs (VERITAS Int\u00e9zet):<br><em>Egyh\u00e1zpolitikai mint\u00e1k, modellek \u00e9s az egyh\u00e1zak szabads\u00e1g\u00e1t garant\u00e1l\u00f3 jogrendszer alakul\u00e1sa a rendszerv\u00e1lt\u00e1st\u00f3l napjainkig<br><\/em><br><strong>Csel\u00e9nyi Istv\u00e1n G\u00e1bor<\/strong>, teol\u00f3gus, professor emeritus:<br><em>Az egyh\u00e1zak szerepe a szem\u00e9lyk\u00f6zpont\u00fa t\u00e1rsadalom kih\u00edv\u00e1saira<\/em><\/p>\n\n\n\n<p><strong>Garaczi Imre<\/strong>, filoz\u00f3fus, MTA-VEAB aleln\u00f6k:<br><em>Az \u00e1llam \u00e9s az egyh\u00e1zak k\u00f6z\u00f6tti koordin\u00e1ci\u00f3 v\u00e1ltoz\u00f3 szervezeti form\u00e1i<br><\/em><br><strong>G\u00e1bor J\u00f3zsef<\/strong>, k\u00f6zgazd\u00e1sz, nyugalmazott k\u00f6zigazgat\u00e1si \u00e1llamtitk\u00e1r:<br><em>Az egyh\u00e1zi ingatlanrendez\u00e9s \u00e9rt\u00e9kel\u00e9se a k\u00f6zfeladat-ell\u00e1t\u00e1s \u00f6sszef\u00fcgg\u00e9s\u00e9ben<\/em><\/p>\n\n\n\n<p><strong>Torba N\u00e1ndor<\/strong>, k\u00f6ztisztvisel\u0151, nyugalmazott korm\u00e1nyf\u0151tan\u00e1csad\u00f3:<br><em>Az 1997-es egyh\u00e1zfinansz\u00edroz\u00e1si t\u00f6rv\u00e9ny koncepci\u00f3ja<\/em><\/p>\n\n\n\n<div style=\"height:100px\" aria-hidden=\"true\" class=\"wp-block-spacer\"><\/div>\n\n\n\n<p>A Magyar K\u00f6zgazdas\u00e1gi T\u00e1rsas\u00e1g Kult\u00faragazdas\u00e1gi Szakoszt\u00e1lya \u00e9s a Kort\u00e1rs N\u0151i Reflexi\u00f3k F\u00f3ruma a fenti c\u00edmmel tudom\u00e1nyos tan\u00e1cskoz\u00e1st \u00e9s kerekasztal-besz\u00e9lget\u00e9st rendezett az MTA Sz\u00e9kh\u00e1z\u00e1ban 2021. j\u00fanius 29-\u00e9n. A k\u00e9t civil szervezet a t\u00e9m\u00e1ban j\u00e1rtas nyolc szem\u00e9lyt h\u00edvott meg azzal a sz\u00e1nd\u00e9kkal, hogy a szakter\u00fclet\u00fcket \u00e9rint\u0151en tekints\u00e9k \u00e1t az egyh\u00e1zak t\u00e1rsadalomban val\u00f3 szerep\u00e9nek alakul\u00e1s\u00e1t a rendszerv\u00e1lt\u00e1s \u00f3ta. K\u00fcl\u00f6n\u00f6s tekintettel a hit\u00e9leti \u00e9s k\u00f6zfeladatok zavartalan ell\u00e1t\u00e1s\u00e1hoz sz\u00fcks\u00e9ges felt\u00e9telek megteremt\u00e9s\u00e9re.<\/p>\n\n\n\n<p>A megh\u00edvottak el\u0151ad\u00e1saikban elemezt\u00e9k az elm\u00falt id\u0151szak e ter\u00fcletet \u00e9rint\u0151 jogszab\u00e1lyi helyzet alakul\u00e1s\u00e1t \u00e9s annak vissz\u00e1ss\u00e1gait, a t\u00f6rt\u00e9nelmi helyzet v\u00e1ltoz\u00e1sait, filoz\u00f3fiai \u00e9s teol\u00f3giai \u00f6sszef\u00fcgg\u00e9seit, k\u00f6zgazdas\u00e1gi meg\u00edt\u00e9l\u00e9s\u00e9t, a k\u00f6zfeladatokat ell\u00e1t\u00f3 int\u00e9zm\u00e9nyek ir\u00e1ny\u00edt\u00e1si probl\u00e9m\u00e1it, a kialakult helyzet nemzetk\u00f6zi meg\u00edt\u00e9l\u00e9s\u00e9t.<\/p>\n\n\n\n<p>Az el\u0151ad\u00e1sokat k\u00f6vet\u0151 kerekasztal-besz\u00e9lget\u00e9sen a r\u00e9sztvev\u0151k egyet\u00e9rtettek abban, hogy az egyh\u00e1zakkal k\u00f6z\u00f6sen kialak\u00edtott, a lelkiismereti \u00e9s vall\u00e1sszabads\u00e1gr\u00f3l, valamint az egyh\u00e1zakr\u00f3l sz\u00f3l\u00f3 1990. \u00e9vi IV. t\u00f6rv\u00e9ny, melyet az Orsz\u00e1ggy\u0171l\u00e9s 1990. janu\u00e1r 24-\u00e9n egy ellenszavazattal megalkotott \u00e9s j\u00f3v\u00e1hagyott, j\u00f3 alap volt az egyh\u00e1zak teljes szabads\u00e1g\u00e1nak garant\u00e1l\u00e1s\u00e1hoz, \u00e9rt\u00e9kmeg\u0151rz\u0151 \u00e9s \u00e9rt\u00e9kteremt\u0151 tev\u00e9kenys\u00e9g\u00fck \u00fajraindul\u00e1s\u00e1hoz. Ez a t\u00f6rv\u00e9ny biztos\u00edtotta a Magyar K\u00f6zt\u00e1rsas\u00e1g \u00e9s az Apostoli Szentsz\u00e9k k\u00f6z\u00f6tti 1990. febru\u00e1r 9-\u00e9n Budapesten, Agostino Casaroli b\u00edboros, \u00e1llamtitk\u00e1r \u00e9s N\u00e9meth Mikl\u00f3s minisztereln\u00f6k \u00e1ltal al\u00e1\u00edrt diplom\u00e1ciai kapcsolatok \u00fajrafelv\u00e9tel\u00e9r\u0151l sz\u00f3l\u00f3 dokumentumot.<\/p>\n\n\n\n<p>Erre a t\u00f6rv\u00e9nyre \u00e9p\u00fclt a volt egyh\u00e1zi ingatlanok tulajdoni helyzet\u00e9nek rendez\u00e9s\u00e9r\u0151l sz\u00f3l\u00f3 1991. \u00e9vi XXXII. t\u00f6rv\u00e9ny, melyet az Orsz\u00e1ggy\u0171l\u00e9s 1991. j\u00falius 22-\u00e9n hozott, mely el\u0151seg\u00edtette az 1948-ban \u00e1llamos\u00edtott egyh\u00e1zi h\u00e1zas ingatlanok visszaig\u00e9nyl\u00e9s\u00e9t, hit\u00e9leti \u00e9s k\u00f6zfeladatokkal kapcsolatos \u00e1llampolg\u00e1ri ig\u00e9nyek (pl. oktat\u00e1s-nevel\u00e9s, gyermek- \u00e9s ifj\u00fas\u00e1gv\u00e9delem, kultur\u00e1lis, m\u0171v\u00e9szeti, m\u0171eml\u00e9kv\u00e9delmi, k\u00f6zgy\u0171jtem\u00e9nyi, hagyom\u00e1nyok \u00e9s \u00faj hagyom\u00e1nyok kialak\u00edt\u00e1sa, szoci\u00e1lis, karitat\u00edv, eg\u00e9szs\u00e9g\u00fcgyi stb.) kiel\u00e9g\u00edt\u00e9s\u00e9ben val\u00f3 r\u00e9szv\u00e9tel\u00fcket.<\/p>\n\n\n\n<p>E k\u00e9t t\u00f6rv\u00e9ny alapj\u00e1n az elm\u00falt harminc \u00e9v alatt az egyh\u00e1zak jelent\u0151s szerepet v\u00e1llaltak a hit\u00e9leti feladataik ell\u00e1t\u00e1s\u00e1n k\u00edv\u00fcl az \u00e1llam k\u00f6telez\u0151 feladatainak \u00e1tv\u00e1llal\u00e1s\u00e1val is. A k\u00f6zfeladatokban val\u00f3 r\u00e9szv\u00e9tel\u00fck zavartalan ell\u00e1t\u00e1s\u00e1hoz sz\u00fcks\u00e9ges p\u00e9nz\u00fcgyi m\u0171k\u00f6d\u00e9si felt\u00e9teleket a m\u00e1r eml\u00edtett 1990. \u00e9vi IV. t\u00f6rv\u00e9ny el\u0151\u00edr\u00e1sai garant\u00e1lj\u00e1k ma is, a szektorsemleges finansz\u00edroz\u00e1s elv\u00e9nek \u00e9rv\u00e9nyes\u00fcl\u00e9s\u00e9vel.<\/p>\n\n\n\n<p>A Magyar Korm\u00e1ny kezdem\u00e9nyez\u00e9s\u00e9re az Apostoli Szentsz\u00e9kkel 1997. j\u00fanius 20-\u00e1n R\u00f3m\u00e1ban al\u00e1\u00edrt meg\u00e1llapod\u00e1st is a fenti t\u00f6rv\u00e9nyek figyelembev\u00e9tel\u00e9vel k\u00e9sz\u00edtette a k\u00e9t \u00e1llam \u00e1ltal deleg\u00e1lt Vegyes Bizotts\u00e1g. Ez a nemzetk\u00f6zi meg\u00e1llapod\u00e1s els\u0151sorban a Magyar \u00c1llam \u00e9s a Magyar Katolikus Egyh\u00e1z k\u00f6z\u00f6tti anyagi term\u00e9szet\u0171 k\u00e9rd\u00e9sekben ad garanci\u00e1kat a k\u00f6zfeladatok zavartalan ell\u00e1t\u00e1sa \u00e9rdek\u00e9ben.<\/p>\n\n\n\n<p>Ennek alapj\u00e1n az egyh\u00e1z \u00e1ltal fenntartott int\u00e9zm\u00e9nyek normat\u00edv finansz\u00edroz\u00e1sa kieg\u00e9sz\u00edt\u0151 normat\u00edva biztos\u00edt\u00e1s\u00e1val v\u00e1lhatott teljess\u00e9, valamint az egyh\u00e1zi fels\u0151oktat\u00e1s \u00e9s a k\u00f6zgy\u0171jtem\u00e9nyek t\u00e1mogat\u00e1s\u00e1t is garant\u00e1lja az \u00e1llam.<\/p>\n\n\n\n<p>\u00c1llami t\u00e1mogat\u00e1sk\u00e9nt (az olasz, a spanyol gyakorlathoz hasonl\u00f3an) az \u00e1llam biztos\u00edtja, hogy az szja 1%-\u00e1r\u00f3l az ad\u00f3fizet\u0151 \u00e1llampolg\u00e1r az \u00e1ltala megjel\u00f6lt egyh\u00e1z jav\u00e1ra d\u00f6nthet szabad felhaszn\u00e1l\u00e1sk\u00e9nt.<\/p>\n\n\n\n<p>A volt egyh\u00e1zi ingatlanok tulajdonrendez\u00e9se kapcs\u00e1n, ha az egyh\u00e1z az \u00e1llam jav\u00e1ra lemond a jogosan visszaig\u00e9nyelhet\u0151 h\u00e1zas ingatlanjair\u00f3l, azok \u00f6ssz\u00e9rt\u00e9k\u00e9nek 5%-os kamat\u00e1t, infl\u00e1ci\u00f3s r\u00e1t\u00e1val kezelt \u00f6r\u00f6k\u00f6s j\u00e1rad\u00e9kk\u00e9nt biztos\u00edtja az \u00e1llam, melyet az egyh\u00e1z szabadon felhaszn\u00e1lhat.<\/p>\n\n\n\n<p>A Korm\u00e1ny 1997. m\u00e1jus 15-i d\u00f6nt\u00e9se alapj\u00e1n, az egyenl\u0151 elb\u00edr\u00e1l\u00e1s elve szerint a Magyarorsz\u00e1gon m\u0171k\u00f6d\u0151 egyh\u00e1zak, felekezetek \u00e9s vall\u00e1si k\u00f6z\u00f6ss\u00e9gek sz\u00e1m\u00e1ra \u00fagy lehetett biztos\u00edtani a Szentsz\u00e9kkel megk\u00f6t\u00f6tt meg\u00e1llapod\u00e1sban lev\u0151 lehet\u0151s\u00e9geket, mint nem nemzetk\u00f6zi jogalanyokkal, hogy hat t\u00f6rv\u00e9ny m\u00f3dos\u00edt\u00e1s\u00e1val, illetve alkot\u00e1s\u00e1val lehet\u0151s\u00e9g\u00fck legyen korm\u00e1nyszint\u0171 meg\u00e1llapod\u00e1sokat k\u00f6tni. 1997. december 2-\u00e1n az Orsz\u00e1ggy\u0171l\u00e9s nagy t\u00f6bbs\u00e9ggel meger\u0151s\u00edtette a Szentsz\u00e9kkel k\u00f6t\u00f6tt meg\u00e1llapod\u00e1st, \u00e9s a beterjesztett hat t\u00f6rv\u00e9nyt elfogadta. A Korm\u00e1ny hat egyh\u00e1zzal, felekezettel \u00e9s vall\u00e1si k\u00f6z\u00f6ss\u00e9ggel k\u00f6t\u00f6tt 1999-ben hasonl\u00f3 meg\u00e1llapod\u00e1sokat, egy \u00fagynevezett kieg\u00e9sz\u00edt\u0151 j\u00e1rad\u00e9k bevezet\u00e9s\u00e9vel, amit k\u00e9s\u0151bb korrig\u00e1lt a Katolikus Egyh\u00e1z eset\u00e9ben is.<\/p>\n\n\n\n<p>A kerekasztal r\u00e9sztvev\u0151i egyet\u00e9rtettek abban, hogy a fent eml\u00edtett t\u00f6rv\u00e9nyek alapj\u00e1n az egyh\u00e1zaknak a k\u00f6zfeladatok ell\u00e1t\u00e1sa eset\u00e9ben az int\u00e9zm\u00e9nyek m\u0171k\u00f6dtet\u00e9s\u00e9n\u00e9l a gyakorlatban \u00e9rv\u00e9nyes\u00fcl a szektorsemleges finansz\u00edroz\u00e1ssal kapcsolatos elv, \u00e1llamk\u00f6zi meg\u00e1llapod\u00e1ssal is biztos\u00edtva. Tov\u00e1bb\u00e1 azzal is, hogy az elm\u00falt id\u0151szakban kis el\u0151rel\u00e9p\u00e9s volt egy-k\u00e9t t\u00f6rv\u00e9ny kapcs\u00e1n az egyh\u00e1zak hit\u00e9leti tev\u00e9kenys\u00e9g\u00e9hez sz\u00fcks\u00e9ges anyagi felt\u00e9telek megteremt\u00e9se \u00e9rdek\u00e9ben. [Els\u0151 p\u00e9lda: az 1%-os szja&nbsp; bevezet\u00e9s\u00e9vel, ami sajnos lassan elveszti funkci\u00f3j\u00e1t, ha egyjegy\u0171v\u00e9 cs\u00f6kken ez az ad\u00f3nem. M\u00e1sodik p\u00e9lda: a lemondott h\u00e1zas ingatlanok ut\u00e1n j\u00e1r\u00f3 5%-os kamat, melyet az eredeti meg\u00e1llapod\u00e1s szerint a nemzetk\u00f6zi valutakos\u00e1r (70% DM, ill. EUR \u00e9s 30% USD) szerint kellene biztos\u00edtani.] Ezzel nem tekinthet\u0151 megoldottnak az egyh\u00e1zaknak a mindenkori politik\u00e1t\u00f3l mentes \u00f6n\u00e1ll\u00f3s\u00e1ga, illetve \u00f6n\u00e1ll\u00f3 gazd\u00e1lkod\u00e1sa. EZ AZ ELS\u0150 FINANSZ\u00cdROZ\u00c1SI DILEMMA.<\/p>\n\n\n\n<p>Meg kell jegyezni, hogy a rendszerv\u00e1lt\u00e1s id\u0151szak\u00e1ban az egyh\u00e1zakkal k\u00f6z\u00f6sen kidolgozott jogi \u00e9s gyakorlati rendszer p\u00e9lda\u00e9rt\u00e9k\u0171 volt a szocialista orsz\u00e1gok sz\u00e1m\u00e1ra is. 1997. m\u00e1rcius 3\u20135. k\u00f6z\u00f6tt Budapesten az ENSZ mellett m\u0171k\u00f6d\u0151 Nemzetk\u00f6zi Lelkiismeret \u00e9s Vall\u00e1ssz\u00f6vets\u00e9g (The International Religious Liberty Association, IRLA), valamint az Eur\u00f3pai Tan\u00e1cs, a Magyar Orsz\u00e1ggy\u0171l\u00e9s \u00e9s a Magyar Korm\u00e1ny \u00e1ltal szervezett nemzetk\u00f6zi konferenci\u00e1n a h\u00e9t\u00e9ves magyar gyakorlat megm\u00e9rettet\u00e9s\u00e9re ker\u00fclt sor. A megm\u00e9rettet\u00e9s pozit\u00edv meg\u00edt\u00e9l\u00e9st kapott a vil\u00e1g minden t\u00e1j\u00e1r\u00f3l \u00e9rkezett, e t\u00e9m\u00e1ban \u00e9rintettek r\u00e9sz\u00e9r\u0151l. Itt hangzott el a lengyel k\u00e9pvisel\u0151 r\u00e9sz\u00e9r\u0151l, hogy ez a Magyar Modell, melyet meg kell, hogy ismerjenek a vil\u00e1g orsz\u00e1gai. Ennek \u00e9rdek\u00e9ben egy 15 pontb\u00f3l \u00e1ll\u00f3 Budapesti Aj\u00e1nl\u00e1st fogalmazott meg a konferencia, amit az IRLA n\u00e9gy nyelvre leford\u00edtva eljuttatott a vil\u00e1g minden orsz\u00e1ga eln\u00f6k\u00e9nek. A nemzetk\u00f6zi meg\u00edt\u00e9l\u00e9s\u00fcnk a Szentsz\u00e9kkel k\u00f6t\u00f6tt meg\u00e1llapod\u00e1sban r\u00f6gz\u00edtettekkel egy\u00fctt a Vatik\u00e1n sz\u00e1m\u00e1ra is p\u00e9lda\u00e9rt\u00e9k\u0171v\u00e9 v\u00e1lt.<\/p>\n\n\n\n<p>A kerekasztal r\u00e9sztvev\u0151i nem tartj\u00e1k szerencs\u00e9snek a k\u00f6zepes, illetve kis telep\u00fcl\u00e9sek lelkip\u00e1sztorai sz\u00e1m\u00e1ra \u00e1llami ad\u00f3mentes j\u00f6vedelem kieg\u00e9sz\u00edt\u00e9s\u00e9nek bevezet\u00e9s\u00e9t. Az \u00e1llam \u00e9s az egyh\u00e1z sz\u00e9tv\u00e1laszt\u00e1s\u00e1nak elv\u00e9vel ez nincs szinkronban. Az embert szolg\u00e1l\u00f3 mell\u00e9rendelt viszony helyett egy al\u00e1-f\u00f6l\u00e9 rendelt viszonny\u00e1 alakult az 1999-ben kialak\u00edtott rendszert. A lelkip\u00e1sztorok megn\u00f6vekedett feladataikhoz sz\u00fcks\u00e9ges meg\u00e9lhet\u00e9si j\u00f6vedelem biztos\u00edt\u00e1s\u00e1t nem az \u00e1llamnak kell megoldania, hanem az egyh\u00e1znak. EZ A M\u00c1SODIK FINANSZ\u00cdROZ\u00c1SI DILEMMA.<\/p>\n\n\n\n<p>A szektorsemleges finansz\u00edroz\u00e1s nem \u00e9rv\u00e9nyes\u00fcl az egyh\u00e1zak \u00e1ltal fenntartott int\u00e9zm\u00e9nyek, \u00e9p\u00fcletek rekonstrukci\u00f3inak, fejleszt\u00e9seinek hossz\u00fa t\u00e1vra biztos\u00edtott jogi \u00e9s gyakorlati rendszer\u00e9ben. A rendszerv\u00e1ltoz\u00e1s ut\u00e1n az egyh\u00e1zakkal \u00e9s a p\u00e9nz\u00fcgyi korm\u00e1nyzattal k\u00f6z\u00f6sen ker\u00fclt kidolgoz\u00e1sra a c\u00edmzett \u00e9s c\u00e9lt\u00e1mogat\u00e1si rendszer (pl. egyh\u00e1zi oktat\u00e1si int\u00e9zm\u00e9nyek rekonstrukci\u00f3i \u00e9s fejleszt\u00e9sei, az egyh\u00e1zi szoci\u00e1lis int\u00e9zm\u00e9nyek rekonstrukci\u00f3i \u00e9s fejleszt\u00e9sei stb., melyek a k\u00f6lts\u00e9gvet\u00e9sben k\u00fcl\u00f6n-k\u00fcl\u00f6n jogc\u00edmekk\u00e9nt szerepeltek, tov\u00e1bb\u00e1 c\u00edmzettk\u00e9nt szerepelt a k\u00f6lts\u00e9gvet\u00e9sben pl. a Bethesda Gyermekk\u00f3rh\u00e1z, a Szent Istv\u00e1n-bazilika vagy a Doh\u00e1ny utcai zsinag\u00f3ga). Ez kisz\u00e1m\u00edthat\u00f3s\u00e1got \u00e9s tervezhet\u0151s\u00e9get adhat az egyh\u00e1zak sz\u00e1m\u00e1ra az aktu\u00e1lis \u00e9s \u00e1ltaluk rangsorolt fel\u00faj\u00edt\u00e1sok \u00e9s fejleszt\u00e9sek megval\u00f3s\u00edt\u00e1s\u00e1hoz. Mindez nem mondhat\u00f3 el az el\u0151re nem tervezett, kisz\u00e1m\u00edthatatlan id\u0151ben javasolt p\u00e9nz\u00fcgyi lehet\u0151s\u00e9gekre adand\u00f3 p\u00e1ly\u00e1zati opci\u00f3kr\u00f3l. EZ A HARMADIK FINANSZ\u00cdROZ\u00c1SI DILEMMA.<\/p>\n\n\n\n<p>A fent eml\u00edtett dilemm\u00e1k megsz\u00fcntet\u00e9s\u00e9re, az egyh\u00e1zak \u00e1ld\u00e1sos, embert szolg\u00e1l\u00f3 tev\u00e9kenys\u00e9g\u00fck zavartalan ell\u00e1t\u00e1sa \u00e9rdek\u00e9ben, \u00f6n\u00e1ll\u00f3 gazd\u00e1lkod\u00e1suk megteremt\u00e9se lehet a t\u00e9nyleges megold\u00e1s. \u00dagy, hogy a 75 \u00e9vvel ezel\u0151tt elkobzott vagyonuk jogi rendez\u00e9s\u00e9t kellene napirendre t\u0171zni a politik\u00e1nak az \u00e9rintett egyh\u00e1zakkal k\u00f6z\u00f6sen, figyelembe v\u00e9ve, hogy akkor z\u00f6m\u00e9ben a h\u00edv\u0151k vagy a kegyurak adom\u00e1nyai alapj\u00e1n egy-egy egyh\u00e1zk\u00f6zs\u00e9g templomainak, par\u00f3ki\u00e1inak, lelkip\u00e1sztorainak munk\u00e1j\u00e1t \u00e9s m\u0171k\u00f6d\u00e9s\u00e9t az \u00fan. papi f\u00f6ldek j\u00f6vedelmei biztos\u00edtott\u00e1k. Ezen elkobzott birtokok term\u00e9szetben val\u00f3 visszaad\u00e1s\u00e1ra az eltelt id\u0151szak v\u00e1ltoz\u00e1sainak figyelembev\u00e9tel\u00e9vel ugyan nem ker\u00fclhet sor, de a vagyon \u00e9rt\u00e9k\u00e9nek k\u00f6z\u00f6s meg\u00e1llap\u00edt\u00e1s\u00e1ra igen, mely meghat\u00e1rozhatja a k\u00e1rp\u00f3tl\u00e1s nagys\u00e1g\u00e1t. Ezen \u00f6sszeg \u00e9s az \u00e1llam jav\u00e1ra lemondott volt egyh\u00e1zi ingatlanok\u00e9rt kapott sz\u00e1zal\u00e9kos kamat \u00f6r\u00f6k\u00f6s infl\u00e1ci\u00f3val kezelt \u00f6ssz\u00e9rt\u00e9k\u00e9nek \u00f6sszevon\u00e1s\u00e1val a hit\u00e9leti feladatainak ell\u00e1t\u00e1s\u00e1hoz sz\u00fcks\u00e9ges p\u00e9nzt kellene az \u00e1llamnak biztos\u00edtania az egyh\u00e1z sz\u00e1m\u00e1ra. Term\u00e9szetesen ez\u00e1ltal a lelkip\u00e1sztorok j\u00f6vedelemkieg\u00e9sz\u00edt\u00e9s\u00e9nek \u00e1llami biztos\u00edt\u00e1sa megsz\u0171nik, azt az egyh\u00e1z saj\u00e1t d\u00f6nt\u00e9s\u00e9re b\u00edzva.<\/p>\n\n\n\n<p>A felsorolt finansz\u00edroz\u00e1si dilemm\u00e1kkal, azok bemutat\u00e1s\u00e1val \u00e9s megold\u00e1si lehet\u0151s\u00e9geivel a kerekasztal r\u00e9sztvev\u0151i egyet\u00e9rtettek.<\/p>\n\n\n\n<p>A jogi helyzet \u00e1ttekint\u00e9skor a kerekasztal r\u00e9sztvev\u0151i arra is figyelemmel voltak, hogy az egyh\u00e1zak, amelyek r\u00e9szt vesznek a k\u00f6zfeladatokban, hogyan \u00e9s milyen m\u00f3don vehetnek r\u00e9szt az azokat szab\u00e1lyoz\u00f3 jogalkot\u00e1sban is. Harminc \u00e9ve jelent\u0151s m\u00e9rt\u00e9kben vannak jelen a sz\u00fclet\u00e9st\u0151l a hal\u00e1lig az embert szolg\u00e1l\u00f3 k\u00fcl\u00f6nb\u00f6z\u0151 int\u00e9zm\u00e9nyek rendszer\u00e9ben. Ez\u00e9rt a jogalkot\u00f3nak az egyes aktu\u00e1lis k\u00e9rd\u00e9sek szab\u00e1lyoz\u00e1s\u00e1nak koncepcion\u00e1lis szakasz\u00e1ban is be kellene vonni az \u00e9rintett egyh\u00e1zakat (pl. k\u00f6zoktat\u00e1s, fels\u0151oktat\u00e1s, gyermek- \u00e9s ifj\u00fas\u00e1gv\u00e9delem, csal\u00e1dv\u00e9delem, n\u00e9pess\u00e9gfogy\u00e1s meg\u00e1ll\u00edt\u00e1sa, hajl\u00e9ktalanok \u00e9s szeg\u00e9nyek gondoz\u00e1sa, karitat\u00edv, szoci\u00e1lis, eg\u00e9szs\u00e9g\u00fcgyi int\u00e9zm\u00e9nyek m\u0171k\u00f6dtet\u00e9se, m\u0171eml\u00e9kv\u00e9delem, vend\u00e9gl\u00e1t\u00e1s \u00e9s idegenforgalom, turizmus, kultur\u00e1lis \u00e9rt\u00e9kek meg\u0151rz\u00e9se \u00e9s terjeszt\u00e9se, kegyeleti kult\u00fara, n\u00e9phagyom\u00e1ny \u00e9s n\u00e9pm\u0171v\u00e9szet gondoz\u00e1sa stb.). Ennek jogi rendez\u00e9s\u00e9t a jogalkot\u00e1sr\u00f3l sz\u00f3l\u00f3 t\u00f6rv\u00e9nyben kellene egy\u00e9rtelm\u0171v\u00e9 tenni, vagy a K\u00e9tkamar\u00e1s Parlament l\u00e9trehoz\u00e1s\u00e1val lehetne megval\u00f3s\u00edtani, ahol az egyh\u00e1zak v\u00e1lasztott vezet\u0151i tudn\u00e1k k\u00e9pviselni k\u00f6z\u00f6ss\u00e9geiket a fenti aktu\u00e1lis k\u00e9rd\u00e9sekben, term\u00e9szetesen a nemzetis\u00e9gi \u00f6nkorm\u00e1nyzatok, \u00f6nkorm\u00e1nyzati sz\u00f6vets\u00e9gek, szakmai \u00e9rdekk\u00e9pviseleti szervek, a tudom\u00e1ny \u00e9s a m\u0171v\u00e9szet v\u00e1lasztott k\u00e9pvisel\u0151ivel egy\u00fctt.<\/p>\n\n\n\n<p>Az egyh\u00e1zak jogalkot\u00e1sban val\u00f3 r\u00e9szv\u00e9tel\u00e9nek tiszt\u00e1z\u00e1sa A NEGYEDIK MEGOLD\u00c1SRA V\u00c1R\u00d3 DILEMMA.<\/p>\n\n\n\n<p>A kerekasztal r\u00e9sztvev\u0151i egyet\u00e9rtenek abban, hogy az egyh\u00e1zak finansz\u00edroz\u00e1si \u00e9s jogi dilemm\u00e1inak orvosl\u00e1s\u00e1nak, illetve megel\u0151z\u00e9s\u00e9nek az alapja a rendszeres \u00e9s folyamatos p\u00e1rbesz\u00e9d az \u00e1llam \u00e9s az egyh\u00e1zak k\u00f6z\u00f6tt. E feladat rendez\u00e9s\u00e9n\u00e9l p\u00e9lda lehetne az Eur\u00f3pai Uni\u00f3 m\u0171k\u00f6d\u00e9s\u00e9r\u0151l sz\u00f3l\u00f3 szerz\u0151d\u00e9s egyh\u00e1zakra vonatkoz\u00f3 17. Cikkely (1). Az Uni\u00f3 tiszteletben tartja, \u00e9s nem s\u00e9rti az egyh\u00e1zak \u00e9s a vall\u00e1si szervezetek vagy k\u00f6z\u00f6ss\u00e9gek nemzeti jog szerinti jog\u00e1ll\u00e1s\u00e1t a tag\u00e1llamokban [17. Cikkely (3)]. Elismerve identit\u00e1sukat \u00e9s k\u00fcl\u00f6nleges hozz\u00e1j\u00e1rul\u00e1sukat, az Uni\u00f3 ny\u00edlt, \u00e1tl\u00e1that\u00f3 \u00e9s rendszeres p\u00e1rbesz\u00e9det tart fenn ezekkel az egyh\u00e1zakkal \u00e9s szervezetekkel. Ennek adapt\u00e1l\u00e1s\u00e1val kellene megteremteni Magyarorsz\u00e1gon is a folyamatos p\u00e1rbesz\u00e9d jogi \u00e9s a szervezeti rendszer\u00e9t az egyh\u00e1zakkal k\u00f6z\u00f6sen.<\/p>\n\n\n\n<p>Az elm\u00falt 30 \u00e9v alatt az \u00e1llam \u00e9s az egyh\u00e1zak kapcsolat\u00e1t koordin\u00e1l\u00f3 korm\u00e1nyzati szervezet volt m\u00e1r M\u0171vel\u0151d\u00e9si Miniszt\u00e9rium, Kultur\u00e1lis Miniszt\u00e9rium, Minisztereln\u00f6ki Hivatal, f\u0151oszt\u00e1ly \u00e9s helyettes \u00e1llamtitk\u00e1rs\u00e1g szint\u0171, \u00e9s volt k\u00f6zvetlen a minisztereln\u00f6kh\u00f6z k\u00f6t\u0151d\u0151 Egyh\u00e1zi Kapcsolatok \u00c1llamtitk\u00e1rs\u00e1gk\u00e9nt m\u0171k\u00f6d\u0151 szervezet is az egyh\u00e1zak \u00e1ltal deleg\u00e1lt, a folyamatos kapcsolatot tart\u00f3 k\u00e9pvisel\u0151kkel egy\u00fctt. Jelenleg nem m\u0171k\u00f6dik \u00f6n\u00e1ll\u00f3 szervezetk\u00e9nt az egyh\u00e1zi koordin\u00e1ci\u00f3s feladatokat v\u00e9gz\u0151 szervezet, csak egy \u00e1llamtitk\u00e1rs\u00e1gon bel\u00fcli f\u0151oszt\u00e1lyk\u00e9nt, amely nem rendelkezik jelent\u0151s jogos\u00edtv\u00e1nyokkal.<\/p>\n\n\n\n<p>Teh\u00e1t AZ \u00d6T\u00d6DIK MEGOLD\u00c1SRA V\u00c1R\u00d3 DILEMMA a rendszeres p\u00e1rbesz\u00e9det v\u00e9gz\u0151 korm\u00e1nyzati szervezet jogi \u00e9s szervezeti k\u00e9rd\u00e9seinek kialak\u00edt\u00e1sa, az Eur\u00f3pai Uni\u00f3 m\u0171k\u00f6d\u00e9s\u00e9r\u0151l sz\u00f3l\u00f3 szerz\u0151d\u00e9s err\u0151l rendelkez\u0151 rendszer\u00e9nek adapt\u00e1l\u00e1s\u00e1val.<\/p>\n\n\n\n<p>Mindennek kapcs\u00e1n \u00e9rdemes lenne az Eur\u00f3pai Uni\u00f3val val\u00f3 k\u00f6z\u00f6s meg\u00e1llapod\u00e1ssal Budapesten l\u00e9trehozni egy Nemzetk\u00f6zi Konzult\u00e1ci\u00f3s \u00e9s Dokument\u00e1ci\u00f3s K\u00f6zpontot a m\u00e1r id\u00e9zett 17. Cikkely szerinti feladatok v\u00e9grehajt\u00e1s\u00e1ra. Ennek az int\u00e9zm\u00e9nynek a f\u0151 feladata az volna, hogy az Eur\u00f3pai Parlament \u00e9s az Eur\u00f3pai Bizotts\u00e1g el\u00e9 ker\u00fcl\u0151 napirendek megt\u00e1rgyal\u00e1sa el\u0151tt az egyh\u00e1zi szervezetekkel azokat v\u00e9lem\u00e9nyezteti, term\u00e9szetesen olyan k\u00e9rd\u00e9sekben, melyekben az egyh\u00e1zak is jelent\u0151s szerepet t\u00f6lthetnek be. Az egyes orsz\u00e1gok \u00e1ltal kialak\u00edtott gyakorlatok, rendszerek dokument\u00e1ci\u00f3inak ismeret\u00e9ben orient\u00e1lhatja m\u00e1s orsz\u00e1gok kialak\u00edtand\u00f3 rendszer\u00e9t (p\u00e9ld\u00e1ul a v\u00e1rhat\u00f3 csatlakoz\u00f3 orsz\u00e1gok eset\u00e9ben is). Term\u00e9szetesen a rendszeres p\u00e1rbesz\u00e9d \u00e9rdek\u00e9ben kialak\u00edtand\u00f3 magyar gyakorlatnak ebben az esetben p\u00e9lda\u00e9rt\u00e9k\u0171nek kell lennie. Ez volna A HATODIK MEGOLD\u00c1SRA V\u00c1R\u00d3 FELADAT, mellyel az Uni\u00f3n bel\u00fcl \u00e9s m\u00e1s orsz\u00e1gok eset\u00e9ben is er\u0151s\u00f6dhetne az orsz\u00e1g diplom\u00e1ciai kapcsolata is.<\/p>\n","protected":false},"excerpt":{"rendered":"<p>Tudom\u00e1nyos tan\u00e1cskoz\u00e1s \u00e9s kerekasztal-besz\u00e9lget\u00e9s MTA K\u00e9pesterem 2021. j\u00fanius 29. A konferencia r\u00e9sztvev\u0151i &#8211; az el\u0151ad\u00e1sok sorrendj\u00e9ben: Birinyi J\u00f3zsef, MKT KGSZ, eln\u00f6k \u2013 Major Gy\u00f6ngyi, KNRF, eln\u00f6k: K\u00f6sz\u00f6nt\u0151kPlatthy Iv\u00e1n, pedag\u00f3gus, nyugalmazott egyh\u00e1z\u00fcgyi c\u00edmzetes \u00e1llamtitk\u00e1r: Az egyh\u00e1zak finansz\u00edroz\u00e1s\u00e1nak k\u00e9rd\u00e9sei Rob\u00e1k Ferenc, nyugalmazott nagyk\u00f6vet, c\u00edmzetes egyetemi docens:A Vatik\u00e1ni Meg\u00e1llapod\u00e1s nemzetk\u00f6zi kontextusbanSchweitzer G\u00e1bor, jog\u00e1sz, tudom\u00e1nyos f\u0151munkat\u00e1rs (TK JTI):Az egyh\u00e1zak&hellip;<\/p>","protected":false},"author":1,"featured_media":0,"parent":5245,"menu_order":1,"comment_status":"closed","ping_status":"closed","template":"page-article.php","meta":{"inline_featured_image":false,"footnotes":""},"categories":[],"tags":[],"_links":{"self":[{"href":"https:\/\/www.femmeharmone.com\/eng\/wp-json\/wp\/v2\/pages\/5286"}],"collection":[{"href":"https:\/\/www.femmeharmone.com\/eng\/wp-json\/wp\/v2\/pages"}],"about":[{"href":"https:\/\/www.femmeharmone.com\/eng\/wp-json\/wp\/v2\/types\/page"}],"author":[{"embeddable":true,"href":"https:\/\/www.femmeharmone.com\/eng\/wp-json\/wp\/v2\/users\/1"}],"replies":[{"embeddable":true,"href":"https:\/\/www.femmeharmone.com\/eng\/wp-json\/wp\/v2\/comments?post=5286"}],"version-history":[{"count":3,"href":"https:\/\/www.femmeharmone.com\/eng\/wp-json\/wp\/v2\/pages\/5286\/revisions"}],"predecessor-version":[{"id":5296,"href":"https:\/\/www.femmeharmone.com\/eng\/wp-json\/wp\/v2\/pages\/5286\/revisions\/5296"}],"up":[{"embeddable":true,"href":"https:\/\/www.femmeharmone.com\/eng\/wp-json\/wp\/v2\/pages\/5245"}],"wp:attachment":[{"href":"https:\/\/www.femmeharmone.com\/eng\/wp-json\/wp\/v2\/media?parent=5286"}],"wp:term":[{"taxonomy":"category","embeddable":true,"href":"https:\/\/www.femmeharmone.com\/eng\/wp-json\/wp\/v2\/categories?post=5286"},{"taxonomy":"post_tag","embeddable":true,"href":"https:\/\/www.femmeharmone.com\/eng\/wp-json\/wp\/v2\/tags?post=5286"}],"curies":[{"name":"wp","href":"https:\/\/api.w.org\/{rel}","templated":true}]}}