{"id":5288,"date":"2024-12-24T04:56:47","date_gmt":"2024-12-24T04:56:47","guid":{"rendered":"https:\/\/www.femmeharmone.com\/?page_id=5288"},"modified":"2024-12-24T06:14:49","modified_gmt":"2024-12-24T06:14:49","slug":"dr-domokos-tamas-bezzeg-az-uj-idok-hosok-muveszek-profetak-es-nomadok-nyomaban","status":"publish","type":"page","link":"https:\/\/www.femmeharmone.com\/eng\/a-noi-dimenzio\/iii-evfolyam-4-szam\/ismeret-szerzo\/dr-domokos-tamas-bezzeg-az-uj-idok-hosok-muveszek-profetak-es-nomadok-nyomaban\/","title":{"rendered":"<em>Dr. Domokos Tam\u00e1s:<\/em> Bezzeg az \u00faj id\u0151k \u2013 H\u0151s\u00f6k, M\u0171v\u00e9szek, Pr\u00f3f\u00e9t\u00e1k \u00e9s Nom\u00e1dok nyom\u00e1ban (vide\u00f3)"},"content":{"rendered":"<h3 class=\"wp-block-heading has-text-align-center\">Bal\u00e1zs J\u00falia Eml\u00e9kkonferencia<\/h3>\n\n\n\n<p class=\"has-text-align-center\">2022. m\u00e1jus 11.<\/p>\n\n\n\n<p class=\"has-text-align-center\">Titkok H\u00e1za, Sz\u00e9kesfeh\u00e9rv\u00e1r<\/p>\n\n\n\n<div style=\"height:100px\" aria-hidden=\"true\" class=\"wp-block-spacer\"><\/div>\n\n\n\n<figure class=\"wp-block-embed is-type-video is-provider-youtube wp-block-embed-youtube wp-embed-aspect-16-9 wp-has-aspect-ratio\"><div class=\"wp-block-embed__wrapper\">\n<iframe loading=\"lazy\" title=\"Bezzeg az \u00faj id\u0151k - H\u0151s\u00f6k, M\u0171v\u00e9szek, Pr\u00f3f\u00e9t\u00e1k \u00e9s Nom\u00e1dok nyom\u00e1ban\" width=\"750\" height=\"422\" src=\"https:\/\/www.youtube.com\/embed\/TqvRF4L-LDY?feature=oembed\" frameborder=\"0\" allow=\"accelerometer; autoplay; clipboard-write; encrypted-media; gyroscope; picture-in-picture; web-share\" referrerpolicy=\"strict-origin-when-cross-origin\" allowfullscreen><\/iframe>\n<\/div><\/figure>","protected":false},"excerpt":{"rendered":"<p>Bal\u00e1zs J\u00falia Eml\u00e9kkonferencia 2022. m\u00e1jus 11. Titkok H\u00e1za, Sz\u00e9kesfeh\u00e9rv\u00e1r<\/p>","protected":false},"author":1,"featured_media":0,"parent":5247,"menu_order":1,"comment_status":"closed","ping_status":"closed","template":"page-article.php","meta":{"inline_featured_image":false,"footnotes":""},"categories":[],"tags":[],"_links":{"self":[{"href":"https:\/\/www.femmeharmone.com\/eng\/wp-json\/wp\/v2\/pages\/5288"}],"collection":[{"href":"https:\/\/www.femmeharmone.com\/eng\/wp-json\/wp\/v2\/pages"}],"about":[{"href":"https:\/\/www.femmeharmone.com\/eng\/wp-json\/wp\/v2\/types\/page"}],"author":[{"embeddable":true,"href":"https:\/\/www.femmeharmone.com\/eng\/wp-json\/wp\/v2\/users\/1"}],"replies":[{"embeddable":true,"href":"https:\/\/www.femmeharmone.com\/eng\/wp-json\/wp\/v2\/comments?post=5288"}],"version-history":[{"count":4,"href":"https:\/\/www.femmeharmone.com\/eng\/wp-json\/wp\/v2\/pages\/5288\/revisions"}],"predecessor-version":[{"id":5337,"href":"https:\/\/www.femmeharmone.com\/eng\/wp-json\/wp\/v2\/pages\/5288\/revisions\/5337"}],"up":[{"embeddable":true,"href":"https:\/\/www.femmeharmone.com\/eng\/wp-json\/wp\/v2\/pages\/5247"}],"wp:attachment":[{"href":"https:\/\/www.femmeharmone.com\/eng\/wp-json\/wp\/v2\/media?parent=5288"}],"wp:term":[{"taxonomy":"category","embeddable":true,"href":"https:\/\/www.femmeharmone.com\/eng\/wp-json\/wp\/v2\/categories?post=5288"},{"taxonomy":"post_tag","embeddable":true,"href":"https:\/\/www.femmeharmone.com\/eng\/wp-json\/wp\/v2\/tags?post=5288"}],"curies":[{"name":"wp","href":"https:\/\/api.w.org\/{rel}","templated":true}]}}