{"id":5464,"date":"2025-01-23T22:47:27","date_gmt":"2025-01-23T22:47:27","guid":{"rendered":"https:\/\/www.femmeharmone.com\/?page_id=5464"},"modified":"2025-01-24T12:47:41","modified_gmt":"2025-01-24T12:47:41","slug":"leternel-feminin","status":"publish","type":"page","link":"https:\/\/www.femmeharmone.com\/eng\/kutatointezet\/projektek\/mi-noiseg-es-uj-paradigmak\/leternel-feminin\/","title":{"rendered":"L\u2019\u00c9ternel F\u00e9minin"},"content":{"rendered":"<div style=\"height:100px\" aria-hidden=\"true\" class=\"wp-block-spacer\"><\/div>\n\n\n\n<figure class=\"wp-block-embed aligncenter is-type-video is-provider-youtube wp-block-embed-youtube wp-embed-aspect-16-9 wp-has-aspect-ratio\"><div class=\"wp-block-embed__wrapper\">\n<iframe loading=\"lazy\" title=\"L\u2019\u00c9ternel F\u00e9minin \u2013 Az \u00d6r\u00f6k N\u0151i\" width=\"750\" height=\"422\" src=\"https:\/\/www.youtube.com\/embed\/8IyxRAqMiVo?start=7&#038;feature=oembed\" frameborder=\"0\" allow=\"accelerometer; autoplay; clipboard-write; encrypted-media; gyroscope; picture-in-picture; web-share\" referrerpolicy=\"strict-origin-when-cross-origin\" allowfullscreen><\/iframe>\n<\/div><\/figure>\n\n\n\n<div style=\"height:100px\" aria-hidden=\"true\" class=\"wp-block-spacer\"><\/div>\n\n\n\n<h2 class=\"wp-block-heading has-text-align-center\"><em>Verebes Ern\u0151<\/em> gondolatai sz\u00ednh\u00e1zr\u00f3l \u00e9s a n\u0151i princ\u00edpiumr\u00f3l<\/h2>\n\n\n\n<div style=\"height:50px\" aria-hidden=\"true\" class=\"wp-block-spacer\"><\/div>\n\n\n<p>Verebes Ern\u0151nek \u2013 a Nemzeti Sz\u00ednh\u00e1z dramaturgj\u00e1nak \u2013 a Magyar Tudom\u00e1nyos Akad\u00e9mi\u00e1n, a Kort\u00e1rs N\u0151i Reflexi\u00f3k F\u00f3ruma \u00e1ltal <strong><em>Az \u00f6r\u00f6k n\u0151i<\/em><\/strong> c\u00edmmel megrendezett konferenci\u00e1n elhangzott el\u0151ad\u00e1sa, 2019. november 28-\u00e1n.<\/p>\n<p>Verebes Ern\u0151 megk\u00f6zel\u00edt\u00e9s\u00e9ben a sz\u00ednh\u00e1z \u00e9s a n\u0151is\u00e9g viszony\u00e1t egy paradoxon jellemzi, amennyiben a n\u0151is\u00e9g minden m\u0171v\u00e9szi aktivit\u00e1s kiv\u00e1lt\u00f3ja, j\u00f3llehet k\u00fcl\u00f6n\u00f6sen f\u0151szerepek vonatkoz\u00e1s\u00e1ban a n\u0151k alulreprezent\u00e1ltak. Ennek l\u00e9nyegi oka, hogy a darabok cselekm\u00e9nye a <em>h\u0151s<\/em> szerepeken alapszik. A n\u0151 azonban nem h\u0151s term\u00e9szet\u0171. K\u00f6vetkez\u00e9sk\u00e9ppen ritk\u00e1n ker\u00fcl f\u0151szerepbe, m\u00e9gis minden \u00e9rte t\u00f6rt\u00e9nik. M\u00e1s szavakkal, nem a n\u0151is\u00e9g \u00e9p\u00fcl a h\u0151siess\u00e9gre, hanem a h\u0151siess\u00e9g \u00e9p\u00fcl a n\u0151is\u00e9gre.<\/p>\n<p>Megfogalmaz\u00e1s\u00e1nak al\u00e1t\u00e1maszt\u00e1s\u00e1ra Verebes Ern\u0151 t\u00f6bb p\u00e9ld\u00e1val is \u00e9l saj\u00e1t praxis\u00e1b\u00f3l. Ezek k\u00f6z\u00fcl r\u00e9szletesebben Kr\u00fady Szindb\u00e1dj\u00e1val foglalkozott. Ez a sz\u00ednh\u00e1zi \u00e1tirat a novellaf\u0171z\u00e9rt k\u00f6vetve Szindb\u00e1dot emeli f\u0151szerepbe, holott Szindb\u00e1d minden mozdulata, minden gondolata v\u00e9gig a <em>n\u0151<\/em> k\u00f6r\u00fcl forog. Tudatosan vagy tudattalanul ez az egy er\u0151 hat r\u00e1, ett\u0151l f\u00e9rfi, ett\u0151l h\u0151s.<\/p>\n<p>K\u00fcl\u00f6n\u00f6s m\u00e9g <em>Mad\u00e1ch Az ember trag\u00e9di\u00e1j\u00e1ban<\/em> \u00c9va helyzete, aki a dr\u00e1m\u00e1ban v\u00e9gig mell\u00e9kszerepl\u0151, m\u00edg \u00c1d\u00e1m \u00e1tverekszi mag\u00e1t a t\u00f6rt\u00e9nelem jelent\u0151s fordul\u00f3pontjain. A h\u0151s minden hite \u00e9s minden helyt\u00e1ll\u00e1sa ellen\u00e9re a darab v\u00e9g\u00e9re az \u00f6ngyilkoss\u00e1g perem\u00e9re sodr\u00f3dik, amit\u0151l \u00c9va egyetlen mondata menti meg<em>: \u201eAny\u00e1nak \u00e9rzem, \u00f3h \u00c1d\u00e1m, magam.\u201d<\/em> Ezzel Mad\u00e1ch mintegy jelzi, hogy a l\u00e9tez\u00e9s stabil alapja nem a h\u0151s f\u00e9rfi, hanem a h\u00e1tt\u00e9rben a l\u00e9tez\u00e9s funkci\u00f3iba bek\u00f6t\u0151d\u0151 n\u0151.<\/p>\n<p>V\u00e9g\u00fcl Dulcine\u00e1t eml\u00edti, aki maga az eszm\u00e9ny, a n\u0151 testetlen eszm\u00e9nye a f\u00e9rfi tudatban, ami f\u00fcggetlen\u00fcl a manifeszt l\u00e9tez\u00e9st\u0151l a cselekv\u00e9s meghat\u00e1roz\u00f3 motiv\u00e1ci\u00f3ja.<\/p>\n<p>Az olvas\u00f3 figyelm\u00e9be aj\u00e1nlva az al\u00e1bbi linken el\u00e9rhet\u0151 teljes felv\u00e9telt, az arch\u00edv anyag hangmin\u0151s\u00e9ge miatt c\u00e9lszer\u0171nek l\u00e1ttuk a tartalmi \u00f6sszefoglal\u00e1st \u00edr\u00e1sban k\u00f6z\u00f6lni.<\/p>\n<p>\u00a0<\/p>\n\n\n<figure class=\"wp-block-embed aligncenter is-type-video is-provider-youtube wp-block-embed-youtube wp-embed-aspect-16-9 wp-has-aspect-ratio\"><div class=\"wp-block-embed__wrapper\">\n<iframe loading=\"lazy\" title=\"Verebes Ern\u0151 gondolatai sz\u00ednh\u00e1zr\u00f3l \u00e9s a n\u0151i princ\u00edpiumr\u00f3l\" width=\"750\" height=\"422\" src=\"https:\/\/www.youtube.com\/embed\/O8uX00bjQkc?feature=oembed\" frameborder=\"0\" allow=\"accelerometer; autoplay; clipboard-write; encrypted-media; gyroscope; picture-in-picture; web-share\" referrerpolicy=\"strict-origin-when-cross-origin\" allowfullscreen><\/iframe>\n<\/div><\/figure>\n\n\n\n<div style=\"height:100px\" aria-hidden=\"true\" class=\"wp-block-spacer\"><\/div>\n\n\n\n<div class=\"wp-block-buttons is-content-justification-center is-layout-flex wp-container-core-buttons-is-layout-1 wp-block-buttons-is-layout-flex\">\n<div class=\"wp-block-button\"><a class=\"wp-block-button__link wp-element-button\" href=\"https:\/\/www.femmeharmone.com\/eng\/a-noi-dimenzio\/ii-evfolyam-kulonszam\/\">The <em>\u00d6r\u00f6k n\u0151i<\/em> konferencia el\u0151ad\u00e1sai <em>A n\u0151i dimenzi\u00f3<\/em> 2022-es k\u00fcl\u00f6nsz\u00e1m\u00e1ban jelentek meg.<\/a><\/div>\n<\/div>\n\n\n\n<div style=\"height:100px\" aria-hidden=\"true\" class=\"wp-block-spacer\"><\/div>\n\n\n\n<div data-wp-interactive=\"core\/file\" class=\"wp-block-file\"><object data-wp-bind--hidden=\"!state.hasPdfPreview\"  class=\"wp-block-file__embed\" data=\"https:\/\/www.femmeharmone.com\/wp-content\/uploads\/2022\/12\/ND_2022KSZ_v2_2.pdf\" type=\"application\/pdf\" style=\"width:100%;height:1500px\" aria-label=\"Embed of ND_2022KSZ_v2_2.\"><\/object><a id=\"wp-block-file--media-c39e8e8d-08a5-4679-9acb-a29e204d1e9a\" href=\"https:\/\/www.femmeharmone.com\/wp-content\/uploads\/2022\/12\/ND_2022KSZ_v2_2.pdf\">ND_2022KSZ_v2_2<\/a><a href=\"https:\/\/www.femmeharmone.com\/wp-content\/uploads\/2022\/12\/ND_2022KSZ_v2_2.pdf\" class=\"wp-block-file__button wp-element-button\" download aria-describedby=\"wp-block-file--media-c39e8e8d-08a5-4679-9acb-a29e204d1e9a\">Let\u00f6lt\u00e9s<\/a><\/div>","protected":false},"excerpt":{"rendered":"<p>Verebes Ern\u0151 gondolatai sz\u00ednh\u00e1zr\u00f3l \u00e9s a n\u0151i princ\u00edpiumr\u00f3l Verebes Ern\u0151nek \u2013 a Nemzeti Sz\u00ednh\u00e1z dramaturgj\u00e1nak \u2013 a Magyar Tudom\u00e1nyos Akad\u00e9mi\u00e1n, a Kort\u00e1rs N\u0151i Reflexi\u00f3k F\u00f3ruma \u00e1ltal Az \u00f6r\u00f6k n\u0151i c\u00edmmel megrendezett konferenci\u00e1n elhangzott el\u0151ad\u00e1sa, 2019. november 28-\u00e1n. Verebes Ern\u0151 megk\u00f6zel\u00edt\u00e9s\u00e9ben a sz\u00ednh\u00e1z \u00e9s a n\u0151is\u00e9g viszony\u00e1t egy paradoxon jellemzi, amennyiben a n\u0151is\u00e9g minden m\u0171v\u00e9szi aktivit\u00e1s&hellip;<\/p>","protected":false},"author":1,"featured_media":0,"parent":3794,"menu_order":1,"comment_status":"closed","ping_status":"closed","template":"","meta":{"inline_featured_image":false,"footnotes":""},"categories":[],"tags":[],"_links":{"self":[{"href":"https:\/\/www.femmeharmone.com\/eng\/wp-json\/wp\/v2\/pages\/5464"}],"collection":[{"href":"https:\/\/www.femmeharmone.com\/eng\/wp-json\/wp\/v2\/pages"}],"about":[{"href":"https:\/\/www.femmeharmone.com\/eng\/wp-json\/wp\/v2\/types\/page"}],"author":[{"embeddable":true,"href":"https:\/\/www.femmeharmone.com\/eng\/wp-json\/wp\/v2\/users\/1"}],"replies":[{"embeddable":true,"href":"https:\/\/www.femmeharmone.com\/eng\/wp-json\/wp\/v2\/comments?post=5464"}],"version-history":[{"count":6,"href":"https:\/\/www.femmeharmone.com\/eng\/wp-json\/wp\/v2\/pages\/5464\/revisions"}],"predecessor-version":[{"id":5494,"href":"https:\/\/www.femmeharmone.com\/eng\/wp-json\/wp\/v2\/pages\/5464\/revisions\/5494"}],"up":[{"embeddable":true,"href":"https:\/\/www.femmeharmone.com\/eng\/wp-json\/wp\/v2\/pages\/3794"}],"wp:attachment":[{"href":"https:\/\/www.femmeharmone.com\/eng\/wp-json\/wp\/v2\/media?parent=5464"}],"wp:term":[{"taxonomy":"category","embeddable":true,"href":"https:\/\/www.femmeharmone.com\/eng\/wp-json\/wp\/v2\/categories?post=5464"},{"taxonomy":"post_tag","embeddable":true,"href":"https:\/\/www.femmeharmone.com\/eng\/wp-json\/wp\/v2\/tags?post=5464"}],"curies":[{"name":"wp","href":"https:\/\/api.w.org\/{rel}","templated":true}]}}