{"id":5469,"date":"2025-01-23T23:38:14","date_gmt":"2025-01-23T23:38:14","guid":{"rendered":"https:\/\/www.femmeharmone.com\/?page_id=5469"},"modified":"2025-01-23T23:47:43","modified_gmt":"2025-01-23T23:47:43","slug":"a-szentlelek-anyai-arca","status":"publish","type":"page","link":"https:\/\/www.femmeharmone.com\/eng\/kutatointezet\/projektek\/mi-noiseg-es-uj-paradigmak\/a-szentlelek-anyai-arca\/","title":{"rendered":"A Szentl\u00e9lek anyai arca"},"content":{"rendered":"<div style=\"height:100px\" aria-hidden=\"true\" class=\"wp-block-spacer\"><\/div>\n\n\n\n<div class=\"wp-block-buttons is-content-justification-center is-layout-flex wp-container-core-buttons-is-layout-1 wp-block-buttons-is-layout-flex\">\n<div class=\"wp-block-button\"><a class=\"wp-block-button__link wp-element-button\" href=\"https:\/\/www.femmeharmone.com\/eng\/kiadvanyok\/a-szentlelek-anyai-arca-2021\/\">A k\u00f6tet 2021-ben jelent meg a Kort\u00e1rs N\u0151i Reflexi\u00f3k F\u00f3ruma \u00e9s a L&#8217;Harmattan kiad\u00f3 gondoz\u00e1s\u00e1ban.<\/a><\/div>\n<\/div>\n\n\n\n<div style=\"height:50px\" aria-hidden=\"true\" class=\"wp-block-spacer\"><\/div>\n\n\n\n<figure class=\"wp-block-image size-full\"><img loading=\"lazy\" decoding=\"async\" width=\"624\" height=\"898\" src=\"https:\/\/www.femmeharmone.com\/wp-content\/uploads\/2023\/11\/A-szentlelek-anyai-arca_C.jpg\" alt=\"\" class=\"wp-image-3840\" srcset=\"https:\/\/www.femmeharmone.com\/wp-content\/uploads\/2023\/11\/A-szentlelek-anyai-arca_C.jpg 624w, https:\/\/www.femmeharmone.com\/wp-content\/uploads\/2023\/11\/A-szentlelek-anyai-arca_C-208x300.jpg 208w, https:\/\/www.femmeharmone.com\/wp-content\/uploads\/2023\/11\/A-szentlelek-anyai-arca_C-8x12.jpg 8w\" sizes=\"(max-width: 624px) 100vw, 624px\" \/><\/figure>\n\n\n\n<figure class=\"wp-block-image size-full\"><img loading=\"lazy\" decoding=\"async\" width=\"619\" height=\"900\" src=\"https:\/\/www.femmeharmone.com\/wp-content\/uploads\/2023\/11\/A-szentlelek-anyai-arca_H.jpg\" alt=\"\" class=\"wp-image-3841\" srcset=\"https:\/\/www.femmeharmone.com\/wp-content\/uploads\/2023\/11\/A-szentlelek-anyai-arca_H.jpg 619w, https:\/\/www.femmeharmone.com\/wp-content\/uploads\/2023\/11\/A-szentlelek-anyai-arca_H-206x300.jpg 206w, https:\/\/www.femmeharmone.com\/wp-content\/uploads\/2023\/11\/A-szentlelek-anyai-arca_H-8x12.jpg 8w\" sizes=\"(max-width: 619px) 100vw, 619px\" \/><\/figure>","protected":false},"excerpt":{"rendered":"","protected":false},"author":1,"featured_media":0,"parent":3794,"menu_order":2,"comment_status":"closed","ping_status":"closed","template":"","meta":{"inline_featured_image":false,"footnotes":""},"categories":[],"tags":[],"_links":{"self":[{"href":"https:\/\/www.femmeharmone.com\/eng\/wp-json\/wp\/v2\/pages\/5469"}],"collection":[{"href":"https:\/\/www.femmeharmone.com\/eng\/wp-json\/wp\/v2\/pages"}],"about":[{"href":"https:\/\/www.femmeharmone.com\/eng\/wp-json\/wp\/v2\/types\/page"}],"author":[{"embeddable":true,"href":"https:\/\/www.femmeharmone.com\/eng\/wp-json\/wp\/v2\/users\/1"}],"replies":[{"embeddable":true,"href":"https:\/\/www.femmeharmone.com\/eng\/wp-json\/wp\/v2\/comments?post=5469"}],"version-history":[{"count":4,"href":"https:\/\/www.femmeharmone.com\/eng\/wp-json\/wp\/v2\/pages\/5469\/revisions"}],"predecessor-version":[{"id":5481,"href":"https:\/\/www.femmeharmone.com\/eng\/wp-json\/wp\/v2\/pages\/5469\/revisions\/5481"}],"up":[{"embeddable":true,"href":"https:\/\/www.femmeharmone.com\/eng\/wp-json\/wp\/v2\/pages\/3794"}],"wp:attachment":[{"href":"https:\/\/www.femmeharmone.com\/eng\/wp-json\/wp\/v2\/media?parent=5469"}],"wp:term":[{"taxonomy":"category","embeddable":true,"href":"https:\/\/www.femmeharmone.com\/eng\/wp-json\/wp\/v2\/categories?post=5469"},{"taxonomy":"post_tag","embeddable":true,"href":"https:\/\/www.femmeharmone.com\/eng\/wp-json\/wp\/v2\/tags?post=5469"}],"curies":[{"name":"wp","href":"https:\/\/api.w.org\/{rel}","templated":true}]}}