{"id":5482,"date":"2025-01-23T23:53:39","date_gmt":"2025-01-23T23:53:39","guid":{"rendered":"https:\/\/www.femmeharmone.com\/?page_id=5482"},"modified":"2025-10-27T17:53:18","modified_gmt":"2025-10-27T17:53:18","slug":"a-no-a-tarsadalomban-es-a-csaladban-i-absztraktfuzet-2024","status":"publish","type":"page","link":"https:\/\/www.femmeharmone.com\/eng\/kiadvanyok\/a-no-a-tarsadalomban-es-a-csaladban-i-absztraktfuzet-2024\/","title":{"rendered":"A n\u0151 a  t\u00e1rsadalomban \u00e9s a csal\u00e1dban I. \u2013 absztraktf\u00fczet (2024)"},"content":{"rendered":"<div style=\"height:100px\" aria-hidden=\"true\" class=\"wp-block-spacer\"><\/div>\n\n\n\n<div data-wp-interactive=\"core\/file\" class=\"wp-block-file\"><object data-wp-bind--hidden=\"!state.hasPdfPreview\"  class=\"wp-block-file__embed\" data=\"https:\/\/www.femmeharmone.com\/wp-content\/uploads\/2025\/01\/No_a_tarsadalomban_absztraktfuzet_12_11.pdf\" type=\"application\/pdf\" style=\"width:100%;height:1500px\" aria-label=\"Embed of No_a_tarsadalomban_absztraktfuzet_12_11.\"><\/object><a id=\"wp-block-file--media-4a01d05f-6e95-4707-abaf-d5b7e607c559\" href=\"https:\/\/www.femmeharmone.com\/wp-content\/uploads\/2025\/01\/No_a_tarsadalomban_absztraktfuzet_12_11.pdf\">No_a_tarsadalomban_absztraktfuzet_12_11<\/a><a href=\"https:\/\/www.femmeharmone.com\/wp-content\/uploads\/2025\/01\/No_a_tarsadalomban_absztraktfuzet_12_11.pdf\" class=\"wp-block-file__button wp-element-button\" download aria-describedby=\"wp-block-file--media-4a01d05f-6e95-4707-abaf-d5b7e607c559\">Let\u00f6lt\u00e9s<\/a><\/div>","protected":false},"excerpt":{"rendered":"","protected":false},"author":1,"featured_media":0,"parent":3747,"menu_order":8,"comment_status":"closed","ping_status":"closed","template":"","meta":{"inline_featured_image":false,"footnotes":""},"categories":[],"tags":[],"_links":{"self":[{"href":"https:\/\/www.femmeharmone.com\/eng\/wp-json\/wp\/v2\/pages\/5482"}],"collection":[{"href":"https:\/\/www.femmeharmone.com\/eng\/wp-json\/wp\/v2\/pages"}],"about":[{"href":"https:\/\/www.femmeharmone.com\/eng\/wp-json\/wp\/v2\/types\/page"}],"author":[{"embeddable":true,"href":"https:\/\/www.femmeharmone.com\/eng\/wp-json\/wp\/v2\/users\/1"}],"replies":[{"embeddable":true,"href":"https:\/\/www.femmeharmone.com\/eng\/wp-json\/wp\/v2\/comments?post=5482"}],"version-history":[{"count":1,"href":"https:\/\/www.femmeharmone.com\/eng\/wp-json\/wp\/v2\/pages\/5482\/revisions"}],"predecessor-version":[{"id":5484,"href":"https:\/\/www.femmeharmone.com\/eng\/wp-json\/wp\/v2\/pages\/5482\/revisions\/5484"}],"up":[{"embeddable":true,"href":"https:\/\/www.femmeharmone.com\/eng\/wp-json\/wp\/v2\/pages\/3747"}],"wp:attachment":[{"href":"https:\/\/www.femmeharmone.com\/eng\/wp-json\/wp\/v2\/media?parent=5482"}],"wp:term":[{"taxonomy":"category","embeddable":true,"href":"https:\/\/www.femmeharmone.com\/eng\/wp-json\/wp\/v2\/categories?post=5482"},{"taxonomy":"post_tag","embeddable":true,"href":"https:\/\/www.femmeharmone.com\/eng\/wp-json\/wp\/v2\/tags?post=5482"}],"curies":[{"name":"wp","href":"https:\/\/api.w.org\/{rel}","templated":true}]}}