{"id":5518,"date":"2025-01-24T13:27:26","date_gmt":"2025-01-24T13:27:26","guid":{"rendered":"https:\/\/www.femmeharmone.com\/?page_id=5518"},"modified":"2025-10-10T10:34:44","modified_gmt":"2025-10-10T10:34:44","slug":"tudomanykommunikacio","status":"publish","type":"page","link":"https:\/\/www.femmeharmone.com\/eng\/kutatointezet\/projektek\/tortenelmi-eloadas-sorozatok\/tudomanykommunikacio\/","title":{"rendered":"Tudom\u00e1nykommunik\u00e1ci\u00f3"},"content":{"rendered":"<div style=\"height:100px\" aria-hidden=\"true\" class=\"wp-block-spacer\"><\/div>\n\n\n\n<h2 class=\"wp-block-heading has-text-align-center\">J\u00c1SZKUNS\u00c1G \u00e9vk\u00f6nyv, 10. k\u00f6tet bemutat\u00f3ja<\/h2>\n\n\n\n<p class=\"has-text-align-center\">2024. 05. 30.<\/p>\n\n\n\n<p class=\"has-text-align-center\">J\u00f3zsa Judit Gal\u00e9ria, Budapest<\/p>\n\n\n\n<figure class=\"wp-block-embed aligncenter is-type-video is-provider-youtube wp-block-embed-youtube wp-embed-aspect-16-9 wp-has-aspect-ratio\"><div class=\"wp-block-embed__wrapper\">\n<iframe loading=\"lazy\" title=\"J\u00e1szkuns\u00e1g (\u00e9vk\u00f6nyv) 10. k\u00f6tet bemutat\u00f3\" width=\"750\" height=\"422\" src=\"https:\/\/www.youtube.com\/embed\/tLa0ITIC9WQ?feature=oembed\" frameborder=\"0\" allow=\"accelerometer; autoplay; clipboard-write; encrypted-media; gyroscope; picture-in-picture; web-share\" referrerpolicy=\"strict-origin-when-cross-origin\" allowfullscreen><\/iframe>\n<\/div><\/figure>\n\n\n\n<figure class=\"wp-block-image size-large\"><img loading=\"lazy\" decoding=\"async\" width=\"1024\" height=\"640\" src=\"https:\/\/www.femmeharmone.com\/wp-content\/uploads\/2024\/05\/20240530_Jaszkunsag_jav-1024x640.png\" alt=\"\" class=\"wp-image-4365\" srcset=\"https:\/\/www.femmeharmone.com\/wp-content\/uploads\/2024\/05\/20240530_Jaszkunsag_jav-1024x640.png 1024w, https:\/\/www.femmeharmone.com\/wp-content\/uploads\/2024\/05\/20240530_Jaszkunsag_jav-300x188.png 300w, https:\/\/www.femmeharmone.com\/wp-content\/uploads\/2024\/05\/20240530_Jaszkunsag_jav-768x480.png 768w, https:\/\/www.femmeharmone.com\/wp-content\/uploads\/2024\/05\/20240530_Jaszkunsag_jav-1536x960.png 1536w, https:\/\/www.femmeharmone.com\/wp-content\/uploads\/2024\/05\/20240530_Jaszkunsag_jav-18x12.png 18w, https:\/\/www.femmeharmone.com\/wp-content\/uploads\/2024\/05\/20240530_Jaszkunsag_jav-1568x980.png 1568w, https:\/\/www.femmeharmone.com\/wp-content\/uploads\/2024\/05\/20240530_Jaszkunsag_jav.png 1680w\" sizes=\"(max-width: 1024px) 100vw, 1024px\" \/><\/figure>\n\n\n\n<div style=\"height:100px\" aria-hidden=\"true\" class=\"wp-block-spacer\"><\/div>\n\n\n\n<hr class=\"wp-block-separator has-alpha-channel-opacity\"\/>\n\n\n\n<div style=\"height:100px\" aria-hidden=\"true\" class=\"wp-block-spacer\"><\/div>\n\n\n\n<h2 class=\"wp-block-heading has-text-align-center\">Az elfeledett, fel nem ismert, f\u00e9lre ismert hazafiak: az Orczyak<\/h2>\n\n\n\n<p class=\"has-text-align-center\">2024. 05. 14.<\/p>\n\n\n\n<p class=\"has-text-align-center\">J\u00f3zsa Judit Gal\u00e9ria, Budapest<\/p>\n\n\n\n<figure class=\"wp-block-embed is-type-video is-provider-youtube wp-block-embed-youtube wp-embed-aspect-16-9 wp-has-aspect-ratio\"><div class=\"wp-block-embed__wrapper\">\n<iframe loading=\"lazy\" title=\"Az elfeledett, fel nem ismert, f\u00e9lre ismert hazafiak: az Orczyak\" width=\"750\" height=\"422\" src=\"https:\/\/www.youtube.com\/embed\/YdYcKN9ebX4?feature=oembed\" frameborder=\"0\" allow=\"accelerometer; autoplay; clipboard-write; encrypted-media; gyroscope; picture-in-picture; web-share\" referrerpolicy=\"strict-origin-when-cross-origin\" allowfullscreen><\/iframe>\n<\/div><\/figure>\n\n\n\n<figure class=\"wp-block-image size-large\"><img loading=\"lazy\" decoding=\"async\" width=\"1024\" height=\"576\" src=\"https:\/\/www.femmeharmone.com\/wp-content\/uploads\/2024\/05\/6-KNRFE-meghivo-majus-Kakucska-Maria-majus-14-JJG-1024x576.jpg\" alt=\"\" class=\"wp-image-4355\" srcset=\"https:\/\/www.femmeharmone.com\/wp-content\/uploads\/2024\/05\/6-KNRFE-meghivo-majus-Kakucska-Maria-majus-14-JJG-1024x576.jpg 1024w, https:\/\/www.femmeharmone.com\/wp-content\/uploads\/2024\/05\/6-KNRFE-meghivo-majus-Kakucska-Maria-majus-14-JJG-300x169.jpg 300w, https:\/\/www.femmeharmone.com\/wp-content\/uploads\/2024\/05\/6-KNRFE-meghivo-majus-Kakucska-Maria-majus-14-JJG-768x432.jpg 768w, https:\/\/www.femmeharmone.com\/wp-content\/uploads\/2024\/05\/6-KNRFE-meghivo-majus-Kakucska-Maria-majus-14-JJG-18x10.jpg 18w, https:\/\/www.femmeharmone.com\/wp-content\/uploads\/2024\/05\/6-KNRFE-meghivo-majus-Kakucska-Maria-majus-14-JJG.jpg 1280w\" sizes=\"(max-width: 1024px) 100vw, 1024px\" \/><\/figure>\n\n\n\n<div style=\"height:100px\" aria-hidden=\"true\" class=\"wp-block-spacer\"><\/div>","protected":false},"excerpt":{"rendered":"<p>J\u00c1SZKUNS\u00c1G \u00e9vk\u00f6nyv, 10. k\u00f6tet bemutat\u00f3ja 2024. 05. 30. J\u00f3zsa Judit Gal\u00e9ria, Budapest Az elfeledett, fel nem ismert, f\u00e9lre ismert hazafiak: az Orczyak 2024. 05. 14. J\u00f3zsa Judit Gal\u00e9ria, Budapest<\/p>","protected":false},"author":1,"featured_media":0,"parent":4955,"menu_order":1,"comment_status":"closed","ping_status":"closed","template":"","meta":{"inline_featured_image":false,"footnotes":""},"categories":[],"tags":[],"_links":{"self":[{"href":"https:\/\/www.femmeharmone.com\/eng\/wp-json\/wp\/v2\/pages\/5518"}],"collection":[{"href":"https:\/\/www.femmeharmone.com\/eng\/wp-json\/wp\/v2\/pages"}],"about":[{"href":"https:\/\/www.femmeharmone.com\/eng\/wp-json\/wp\/v2\/types\/page"}],"author":[{"embeddable":true,"href":"https:\/\/www.femmeharmone.com\/eng\/wp-json\/wp\/v2\/users\/1"}],"replies":[{"embeddable":true,"href":"https:\/\/www.femmeharmone.com\/eng\/wp-json\/wp\/v2\/comments?post=5518"}],"version-history":[{"count":1,"href":"https:\/\/www.femmeharmone.com\/eng\/wp-json\/wp\/v2\/pages\/5518\/revisions"}],"predecessor-version":[{"id":5520,"href":"https:\/\/www.femmeharmone.com\/eng\/wp-json\/wp\/v2\/pages\/5518\/revisions\/5520"}],"up":[{"embeddable":true,"href":"https:\/\/www.femmeharmone.com\/eng\/wp-json\/wp\/v2\/pages\/4955"}],"wp:attachment":[{"href":"https:\/\/www.femmeharmone.com\/eng\/wp-json\/wp\/v2\/media?parent=5518"}],"wp:term":[{"taxonomy":"category","embeddable":true,"href":"https:\/\/www.femmeharmone.com\/eng\/wp-json\/wp\/v2\/categories?post=5518"},{"taxonomy":"post_tag","embeddable":true,"href":"https:\/\/www.femmeharmone.com\/eng\/wp-json\/wp\/v2\/tags?post=5518"}],"curies":[{"name":"wp","href":"https:\/\/api.w.org\/{rel}","templated":true}]}}