{"id":5530,"date":"2025-01-26T23:30:21","date_gmt":"2025-01-26T23:30:21","guid":{"rendered":"https:\/\/www.femmeharmone.com\/?page_id=5530"},"modified":"2025-02-13T14:13:12","modified_gmt":"2025-02-13T14:13:12","slug":"nok-a-nokert-a-gondoskodas-uj-ertelmezese","status":"publish","type":"page","link":"https:\/\/www.femmeharmone.com\/eng\/kutatointezet\/projektek\/nok-a-nokert-a-gondoskodas-uj-ertelmezese\/","title":{"rendered":"N\u0151k a n\u0151k\u00e9rt \u2013 a gondoskod\u00e1s \u00faj \u00e9rtelmez\u00e9se"},"content":{"rendered":"<div style=\"height:50px\" aria-hidden=\"true\" class=\"wp-block-spacer\"><\/div>\n\n\n\n<h3 class=\"wp-block-heading has-text-align-center\">Projektvezet\u0151: <strong>Dr. Merliot-Alm\u00e1ssy Eszter<\/strong><\/h3>\n\n\n\n<div style=\"height:50px\" aria-hidden=\"true\" class=\"wp-block-spacer\"><\/div>\n\n\n\n<p>A projekt mik\u00f6zben a n\u0151k megseg\u00edt\u00e9s\u00e9re f\u00f3kusz\u00e1l, egyben az MI \u00e1ltal \u00e1trendezett val\u00f3s\u00e1gunkban \u00fajra\u00e9rtelmezi a gondoskod\u00e1s fogalm\u00e1t. T\u00f6bbk\u00f6r\u00f6s projektr\u0151l besz\u00e9l\u00fcnk.<\/p>\n\n\n\n<p>A l\u00e9nyege az, hogy nem egy klasszikus int\u00e9zm\u00e9nyes megold\u00e1st gondolunk el a n\u0151k seg\u00edt\u00e9s\u00e9re, hanem \u00e9ppen az int\u00e9zm\u00e9nyes megold\u00e1s minimaliz\u00e1l\u00e1sa mellett keress\u00fck annak lehet\u0151s\u00e9g\u00e9t, hogy a n\u0151k hogyan tudj\u00e1k a leghat\u00e9konyabban seg\u00edteni egym\u00e1st. A koncepci\u00f3nak az a pszichol\u00f3giai h\u00e1ttere, hogy valakin adott esetben \u00e9ppen az a t\u00e9ny seg\u00edthet, hogy de facto \u0151 seg\u00edt valakin. (A ment\u00e1lis probl\u00e9m\u00e1k kezel\u00e9s\u00e9nek pl. ez egy nagyon j\u00f3t\u00e9kony m\u00f3dozata.) Ez teh\u00e1t a pozit\u00edv-\u00f6sszeg\u0171 j\u00e1tszm\u00e1ban elgondolhat\u00f3 seg\u00edt\u00e9s koncepci\u00f3ja, ami a konvencion\u00e1lis t\u00e1mogat\u00e1s-felfog\u00e1st\u00f3l l\u00e9nyegesen k\u00fcl\u00f6nb\u00f6z\u0151 koncepci\u00f3, s nevezhetj\u00fck ak\u00e1r a n\u0151i m\u0171k\u00f6d\u00e9sb\u0151l levezetett koncepci\u00f3nak is.<\/p>\n\n\n\n<p>A m\u0171k\u00f6d\u00e9s alapj\u00e1t egy a projekt keret\u00e9ben l\u00e9trehozott adatb\u00e1zis (orsz\u00e1gosan \u00e9s glob\u00e1lisan is) jelenten\u00e9, amelyikben a nyilv\u00e1ntartott seg\u00edts\u00e9gk\u00e9r\u00e9sek \u00e9s seg\u00edts\u00e9g aj\u00e1nlatok egym\u00e1sra tal\u00e1l\u00e1sa lehet\u0151v\u00e9 v\u00e1lik megfelel\u0151 (minim\u00e1lis) h\u00e1tt\u00e9rmunk\u00e1val.<\/p>\n\n\n\n<p>Ennek az adatb\u00e1zisnak a koordin\u00e1tora a Kort\u00e1rs N\u0151i Reflexi\u00f3k F\u00f3ruma.<\/p>\n\n\n\n<p>A projekt 3 alapmot\u00edvumra t\u00e1maszkodik:<\/p>\n\n\n\n<p>1.&nbsp;&nbsp;&nbsp;&nbsp;&nbsp;&nbsp;A technol\u00f3gi\u00e1k fejl\u0151d\u00e9se az \u00e9l\u0151 munka felszabadul\u00e1s\u00e1val j\u00e1r, \u00e9s az \u00edgy felszabadul\u00f3 n\u0151i kapacit\u00e1sok hasznos\u00edt\u00e1s\u00e1nak egy lehets\u00e9ges m\u00f3dj\u00e1t jelenten\u00e9 a projekt.<\/p>\n\n\n\n<p>2.&nbsp;&nbsp;&nbsp;&nbsp;&nbsp;Ezzel egy\u00fctt n\u00f6vekszik a j\u00f6vedelmi szakad\u00e9k a t\u00e1rsadalomban. (Ami nem kiz\u00e1r\u00f3lag financi\u00e1lis probl\u00e9m\u00e1t jelent, hiszen jelent\u0151s a multiplik\u00e1ci\u00f3s hat\u00e1s.)<\/p>\n\n\n\n<p>3. A technol\u00f3gi\u00e1k fejl\u0151d\u00e9se az emberi kapcsolatokra az int\u00e9zm\u00e9nyesed\u00e9s \u00e9s g\u00e9piesed\u00e9s ir\u00e1ny\u00e1ba hat. Ez a projekt a seg\u00edts\u00e9gny\u00fajt\u00e1son t\u00fal visszahoz a technol\u00f3gia vil\u00e1g\u00e1ba hum\u00e1n \u00e9rintkez\u00e9si form\u00e1kat.<\/p>\n\n\n\n<p>4. A technol\u00f3gi\u00e1k fejl\u0151d\u00e9s\u00e9vel a hagyom\u00e1nyos n\u0151i k\u00e9sztet\u00e9sek szorulnak ki az \u00e1ltal\u00e1nos cselekv\u00e9st\u00e9rb\u0151l (pl. gondoskod\u00e1s). A projekt megtal\u00e1ln\u00e1 a hagyom\u00e1nyos n\u0151i k\u00e9sztet\u00e9sek hasznos\u00edt\u00e1s\u00e1nak lehet\u0151s\u00e9geit.&nbsp;<\/p>\n\n\n\n<p>Els\u0151 k\u00f6zel\u00edt\u00e9sben n\u00e9h\u00e1ny m\u0171helymunk\u00e1ra lenne sz\u00fcks\u00e9g, ahol \u00f6ssze\u00e1ll\u00edtjuk a csapatot \u00e9s a m\u00e9lyebb szinten kidolgozott koncepci\u00f3t, majd egy konferenci\u00e1n lehetne prezent\u00e1lni a projektet.<\/p>\n\n\n\n<div style=\"height:100px\" aria-hidden=\"true\" class=\"wp-block-spacer\"><\/div>\n\n\n\n<div data-wp-interactive=\"core\/file\" class=\"wp-block-file aligncenter\"><object data-wp-bind--hidden=\"!state.hasPdfPreview\"  class=\"wp-block-file__embed\" data=\"https:\/\/www.femmeharmone.com\/wp-content\/uploads\/2025\/01\/45_logo.pdf\" type=\"application\/pdf\" style=\"width:100%;height:900px\" aria-label=\"Embed of 45_logo.\"><\/object><a id=\"wp-block-file--media-0ab0c38a-e719-4a99-b31f-622869d444bb\" href=\"https:\/\/www.femmeharmone.com\/wp-content\/uploads\/2025\/01\/45_logo.pdf\">45_logo<\/a><a href=\"https:\/\/www.femmeharmone.com\/wp-content\/uploads\/2025\/01\/45_logo.pdf\" class=\"wp-block-file__button wp-element-button\" download aria-describedby=\"wp-block-file--media-0ab0c38a-e719-4a99-b31f-622869d444bb\">Let\u00f6lt\u00e9s<\/a><\/div>","protected":false},"excerpt":{"rendered":"<p>Projektvezet\u0151: Dr. Merliot-Alm\u00e1ssy Eszter A projekt mik\u00f6zben a n\u0151k megseg\u00edt\u00e9s\u00e9re f\u00f3kusz\u00e1l, egyben az MI \u00e1ltal \u00e1trendezett val\u00f3s\u00e1gunkban \u00fajra\u00e9rtelmezi a gondoskod\u00e1s fogalm\u00e1t. T\u00f6bbk\u00f6r\u00f6s projektr\u0151l besz\u00e9l\u00fcnk. A l\u00e9nyege az, hogy nem egy klasszikus int\u00e9zm\u00e9nyes megold\u00e1st gondolunk el a n\u0151k seg\u00edt\u00e9s\u00e9re, hanem \u00e9ppen az int\u00e9zm\u00e9nyes megold\u00e1s minimaliz\u00e1l\u00e1sa mellett keress\u00fck annak lehet\u0151s\u00e9g\u00e9t, hogy a n\u0151k hogyan tudj\u00e1k a leghat\u00e9konyabban&hellip;<\/p>","protected":false},"author":1,"featured_media":0,"parent":154,"menu_order":11,"comment_status":"closed","ping_status":"closed","template":"","meta":{"inline_featured_image":false,"footnotes":""},"categories":[],"tags":[],"_links":{"self":[{"href":"https:\/\/www.femmeharmone.com\/eng\/wp-json\/wp\/v2\/pages\/5530"}],"collection":[{"href":"https:\/\/www.femmeharmone.com\/eng\/wp-json\/wp\/v2\/pages"}],"about":[{"href":"https:\/\/www.femmeharmone.com\/eng\/wp-json\/wp\/v2\/types\/page"}],"author":[{"embeddable":true,"href":"https:\/\/www.femmeharmone.com\/eng\/wp-json\/wp\/v2\/users\/1"}],"replies":[{"embeddable":true,"href":"https:\/\/www.femmeharmone.com\/eng\/wp-json\/wp\/v2\/comments?post=5530"}],"version-history":[{"count":2,"href":"https:\/\/www.femmeharmone.com\/eng\/wp-json\/wp\/v2\/pages\/5530\/revisions"}],"predecessor-version":[{"id":5539,"href":"https:\/\/www.femmeharmone.com\/eng\/wp-json\/wp\/v2\/pages\/5530\/revisions\/5539"}],"up":[{"embeddable":true,"href":"https:\/\/www.femmeharmone.com\/eng\/wp-json\/wp\/v2\/pages\/154"}],"wp:attachment":[{"href":"https:\/\/www.femmeharmone.com\/eng\/wp-json\/wp\/v2\/media?parent=5530"}],"wp:term":[{"taxonomy":"category","embeddable":true,"href":"https:\/\/www.femmeharmone.com\/eng\/wp-json\/wp\/v2\/categories?post=5530"},{"taxonomy":"post_tag","embeddable":true,"href":"https:\/\/www.femmeharmone.com\/eng\/wp-json\/wp\/v2\/tags?post=5530"}],"curies":[{"name":"wp","href":"https:\/\/api.w.org\/{rel}","templated":true}]}}