{"id":5556,"date":"2025-02-19T01:54:48","date_gmt":"2025-02-19T01:54:48","guid":{"rendered":"https:\/\/www.femmeharmone.com\/?page_id=5556"},"modified":"2025-02-19T01:54:48","modified_gmt":"2025-02-19T01:54:48","slug":"a-no-archetipusa-a-kulturaban","status":"publish","type":"page","link":"https:\/\/www.femmeharmone.com\/eng\/kutatointezet\/projektek\/nok-a-tortenelemben\/a-no-archetipusa-a-kulturaban\/","title":{"rendered":"A n\u0151 archet\u00edpusa a kult\u00far\u00e1ban"},"content":{"rendered":"<p class=\"has-text-align-center\">Interdiszciplin\u00e1ris konferencia a <strong>Magyar Tudom\u00e1ny \u00dcnnepe<\/strong> rendezv\u00e9nysorozat keret\u00e9ben.<br><br>Szervez\u0151:<br><em>MTA VEAB K\u00e9pz\u0151m\u0171v\u00e9szet,<br>M\u0171v\u00e9szetelm\u00e9let \u00e9s Design Munkabizotts\u00e1g<\/em><br>\u00e9s<br><em>Forum for Contemporary Women\u2019s Reflections<\/em><br><br>Id\u0151pont: <strong>2024. november 15. 10:00 \u2013 16:30<\/strong><br>Helysz\u00edn: <strong>Budapest \u00d6rm\u00e9ny Kultur\u00e1lis K\u00f6zpont<\/strong><br>1052 Budapest, Semmelweis utca 17.<br><\/p>\n\n\n\n<div style=\"height:100px\" aria-hidden=\"true\" class=\"wp-block-spacer\"><\/div>\n\n\n\n<div data-wp-interactive=\"core\/file\" class=\"wp-block-file\"><object data-wp-bind--hidden=\"!state.hasPdfPreview\"  class=\"wp-block-file__embed\" data=\"https:\/\/www.femmeharmone.com\/wp-content\/uploads\/2024\/11\/Meghivo_MTU_konferencia_Nov_15.pdf\" type=\"application\/pdf\" style=\"width:100%;height:1200px\" aria-label=\"Embed of Meghivo_MTU_konferencia_Nov_15.\"><\/object><a id=\"wp-block-file--media-09a5cb3b-de67-4cce-b6cb-278cf58329c0\" href=\"https:\/\/www.femmeharmone.com\/wp-content\/uploads\/2024\/11\/Meghivo_MTU_konferencia_Nov_15.pdf\">Meghivo_MTU_konferencia_Nov_15<\/a><a href=\"https:\/\/www.femmeharmone.com\/wp-content\/uploads\/2024\/11\/Meghivo_MTU_konferencia_Nov_15.pdf\" class=\"wp-block-file__button wp-element-button\" download aria-describedby=\"wp-block-file--media-09a5cb3b-de67-4cce-b6cb-278cf58329c0\">Let\u00f6lt\u00e9s<\/a><\/div>\n\n\n\n<p><\/p>","protected":false},"excerpt":{"rendered":"<p>Interdiszciplin\u00e1ris konferencia a Magyar Tudom\u00e1ny \u00dcnnepe rendezv\u00e9nysorozat keret\u00e9ben. Szervez\u0151:MTA VEAB K\u00e9pz\u0151m\u0171v\u00e9szet,M\u0171v\u00e9szetelm\u00e9let \u00e9s Design Munkabizotts\u00e1g\u00e9sKort\u00e1rs N\u0151i Reflexi\u00f3k F\u00f3ruma Id\u0151pont: 2024. november 15. 10:00 \u2013 16:30Helysz\u00edn: Budapest \u00d6rm\u00e9ny Kultur\u00e1lis K\u00f6zpont1052 Budapest, Semmelweis utca 17.<\/p>","protected":false},"author":1,"featured_media":0,"parent":5368,"menu_order":3,"comment_status":"closed","ping_status":"closed","template":"","meta":{"inline_featured_image":false,"footnotes":""},"categories":[],"tags":[],"_links":{"self":[{"href":"https:\/\/www.femmeharmone.com\/eng\/wp-json\/wp\/v2\/pages\/5556"}],"collection":[{"href":"https:\/\/www.femmeharmone.com\/eng\/wp-json\/wp\/v2\/pages"}],"about":[{"href":"https:\/\/www.femmeharmone.com\/eng\/wp-json\/wp\/v2\/types\/page"}],"author":[{"embeddable":true,"href":"https:\/\/www.femmeharmone.com\/eng\/wp-json\/wp\/v2\/users\/1"}],"replies":[{"embeddable":true,"href":"https:\/\/www.femmeharmone.com\/eng\/wp-json\/wp\/v2\/comments?post=5556"}],"version-history":[{"count":1,"href":"https:\/\/www.femmeharmone.com\/eng\/wp-json\/wp\/v2\/pages\/5556\/revisions"}],"predecessor-version":[{"id":5558,"href":"https:\/\/www.femmeharmone.com\/eng\/wp-json\/wp\/v2\/pages\/5556\/revisions\/5558"}],"up":[{"embeddable":true,"href":"https:\/\/www.femmeharmone.com\/eng\/wp-json\/wp\/v2\/pages\/5368"}],"wp:attachment":[{"href":"https:\/\/www.femmeharmone.com\/eng\/wp-json\/wp\/v2\/media?parent=5556"}],"wp:term":[{"taxonomy":"category","embeddable":true,"href":"https:\/\/www.femmeharmone.com\/eng\/wp-json\/wp\/v2\/categories?post=5556"},{"taxonomy":"post_tag","embeddable":true,"href":"https:\/\/www.femmeharmone.com\/eng\/wp-json\/wp\/v2\/tags?post=5556"}],"curies":[{"name":"wp","href":"https:\/\/api.w.org\/{rel}","templated":true}]}}