{"id":5948,"date":"2025-08-15T08:50:56","date_gmt":"2025-08-15T08:50:56","guid":{"rendered":"https:\/\/www.femmeharmone.com\/?page_id=5948"},"modified":"2025-08-15T14:01:37","modified_gmt":"2025-08-15T14:01:37","slug":"n-toth-agnes-rembrandt-a-zsido-menyasszony","status":"publish","type":"page","link":"https:\/\/www.femmeharmone.com\/eng\/a-noi-dimenzio\/iv-evfolyam-1-4-szam\/tavasz-nyar-osz-tel\/n-toth-agnes-rembrandt-a-zsido-menyasszony\/","title":{"rendered":"<em>N. T\u00f3th \u00c1gnes: Rembrandt:<\/em> A zsid\u00f3 menyasszony"},"content":{"rendered":"<div class=\"wp-block-image\">\n<figure class=\"aligncenter size-large\"><img loading=\"lazy\" decoding=\"async\" width=\"1024\" height=\"745\" src=\"https:\/\/www.femmeharmone.com\/wp-content\/uploads\/2025\/08\/RembrandtZsidoMenyasszony_rs-1024x745.jpg\" alt=\"\" class=\"wp-image-6035\" srcset=\"https:\/\/www.femmeharmone.com\/wp-content\/uploads\/2025\/08\/RembrandtZsidoMenyasszony_rs-1024x745.jpg 1024w, https:\/\/www.femmeharmone.com\/wp-content\/uploads\/2025\/08\/RembrandtZsidoMenyasszony_rs-300x218.jpg 300w, https:\/\/www.femmeharmone.com\/wp-content\/uploads\/2025\/08\/RembrandtZsidoMenyasszony_rs-768x559.jpg 768w, https:\/\/www.femmeharmone.com\/wp-content\/uploads\/2025\/08\/RembrandtZsidoMenyasszony_rs-18x12.jpg 18w, https:\/\/www.femmeharmone.com\/wp-content\/uploads\/2025\/08\/RembrandtZsidoMenyasszony_rs.jpg 1485w\" sizes=\"(max-width: 1024px) 100vw, 1024px\" \/><\/figure><\/div>\n\n\n<p>Rembrandt \u00e9lete v\u00e9ge fel\u00e9, 1665 ut\u00e1n festette <em>A zsid\u00f3 menyasszony<\/em> c\u00edmen k\u00f6zismert olajfestm\u00e9ny\u00e9t (Amszterdam, Rijksmuseum). A boldog meg\u00e9rkez\u00e9s pillanat\u00e1nak \u00f6r\u00f6kk\u00e9 t\u00e9tele akkor is leolvashat\u00f3 a kett\u0151s portr\u00e9r\u00f3l, amennyiben nem \u00e1llap\u00edthat\u00f3 meg bizonyoss\u00e1ggal az \u00e1br\u00e1zoltak szem\u00e9lye, pontos hist\u00f3ri\u00e1ja. Vajon Izs\u00e1kot \u00e9s Rebek\u00e1t l\u00e1tjuk, net\u00e1n Rembrandt fi\u00e1t, Tituszt \u00e9s annak menyasszony\u00e1t? Tal\u00e1n nem t\u00e9ved\u00fcnk t\u00fal nagyot, hogyha a mester utols\u00f3 t\u00e1rs\u00e1nak, Hendrickj\u00e9nek a von\u00e1sait v\u00e9lj\u00fck felfedezni a jegyes arc\u00e1n: minden bizonnyal az id\u0151s\u00f6d\u0151 Rembrandt \u00e9let\u00e9nek szem\u00e9lyes lenyomatait is \u0151rzi az alkot\u00e1s.<\/p>\n\n\n\n<p>A fest\u0151 egzotikus ruh\u00e1kba b\u00fajtatta h\u00fas-v\u00e9r szerepl\u0151it, a 17. sz\u00e1zadi holland arany \u00e9vsz\u00e1zad gazdag polg\u00e1rait: a gy\u0171r\u0171kkel, gy\u00f6ngy\u00f6kkel \u00e9kes\u00edtett n\u0151t \u00e9s a neh\u00e9z, aranyl\u00f3 ruh\u00e1ba \u00f6lt\u00f6ztetett f\u00e9rfit. M\u00e9gis legink\u00e1bb az egym\u00e1st \u00e9rint\u0151, hangs\u00falyos kezek \u201esz\u00f3lnak\u201d a fontos t\u00f6rt\u00e9n\u00e9sr\u0151l (nem utols\u00f3sorban a f\u00e9rfi d\u00fasan red\u0151z\u00f6tt ruhaujja, jobb karj\u00e1nak mozdulata k\u00fcl\u00f6n\u00f6sen hangs\u00falyos): a csendes, \u00e1m hat\u00e1rozott \u201eeny\u00e9m vagy\u201d kimond\u00e1s\u00e1r\u00f3l, az \u00f3v\u00e1sr\u00f3l, a belegyez\u00e9sr\u0151l \u00e9s a r\u00e1hagyatkoz\u00e1sr\u00f3l. Mindezt a pomp\u00e1zatosan \u201emodell\u00e1lt\u201d inkarn\u00e1ttal, testsz\u00ednekkel alkotta meg Rembrandt. Nem egym\u00e1sra n\u00e9z a p\u00e1r, hanem a fest\u00e9szeti nyelv gazdags\u00e1ga r\u00e9v\u00e9n r\u00e9szesei lehet\u00fcnk annak a csod\u00e1nak, ahogyan mindketten ugyanazt l\u00e1tj\u00e1k \u2013 bel\u00fclr\u0151l. A gesztusok mellett teh\u00e1t a megkap\u00f3 mimika, a r\u00e9szben \u00e1rny\u00e9kkal \u00e9s f\u00e9nnyel bor\u00edtott k\u00e9t arc \u00e9s a s\u00f6t\u00e9t h\u00e1tt\u00e9rb\u0151l felcsillan\u00f3 homlokok az \u00f6sszetartoz\u00e1sukat l\u00e1ttatja. A kiss\u00e9 keleties hat\u00e1s\u00fa, aranyl\u00f3 \u00e9s v\u00f6r\u00f6ses drap\u00e9ri\u00e1kat paszt\u00f3zusan felvitt ecsetvon\u00e1sokkal, spatul\u00e1val \u00e9s az ecsetv\u00e9g \u00e1ltali bekarcol\u00e1sokkal jelen\u00edtette meg Rembrandt, szinte tapinthat\u00f3v\u00e1 t\u00e9ve a pazar kelm\u00e9k text\u00far\u00e1j\u00e1t. Ezt a meg\u00f6r\u00f6k\u00edtett egyens\u00falyt, a megszentelt pillanatot k\u00f6rbeveszi a laz\u00farosan felvitt, \u00e1ttetsz\u0151, barn\u00e1s r\u00e9tegek k\u00f6zt n\u00e9h\u00e1ny v\u00e9konyabb ecsetvon\u00e1ssal jelzett, \u00e9ppen csak felsejl\u0151 term\u00e9szeti t\u00e1j, az Isten \u00e1ltal teremtett vil\u00e1g.<\/p>","protected":false},"excerpt":{"rendered":"<p>Rembrandt \u00e9lete v\u00e9ge fel\u00e9, 1665 ut\u00e1n festette A zsid\u00f3 menyasszony c\u00edmen k\u00f6zismert olajfestm\u00e9ny\u00e9t (Amszterdam, Rijksmuseum). A boldog meg\u00e9rkez\u00e9s pillanat\u00e1nak \u00f6r\u00f6kk\u00e9 t\u00e9tele akkor is leolvashat\u00f3 a kett\u0151s portr\u00e9r\u00f3l, amennyiben nem \u00e1llap\u00edthat\u00f3 meg bizonyoss\u00e1ggal az \u00e1br\u00e1zoltak szem\u00e9lye, pontos hist\u00f3ri\u00e1ja. Vajon Izs\u00e1kot \u00e9s Rebek\u00e1t l\u00e1tjuk, net\u00e1n Rembrandt fi\u00e1t, Tituszt \u00e9s annak menyasszony\u00e1t? Tal\u00e1n nem t\u00e9ved\u00fcnk t\u00fal nagyot, hogyha&hellip;<\/p>","protected":false},"author":1,"featured_media":0,"parent":5920,"menu_order":1,"comment_status":"closed","ping_status":"closed","template":"page-article.php","meta":{"inline_featured_image":false,"footnotes":""},"categories":[],"tags":[],"_links":{"self":[{"href":"https:\/\/www.femmeharmone.com\/eng\/wp-json\/wp\/v2\/pages\/5948"}],"collection":[{"href":"https:\/\/www.femmeharmone.com\/eng\/wp-json\/wp\/v2\/pages"}],"about":[{"href":"https:\/\/www.femmeharmone.com\/eng\/wp-json\/wp\/v2\/types\/page"}],"author":[{"embeddable":true,"href":"https:\/\/www.femmeharmone.com\/eng\/wp-json\/wp\/v2\/users\/1"}],"replies":[{"embeddable":true,"href":"https:\/\/www.femmeharmone.com\/eng\/wp-json\/wp\/v2\/comments?post=5948"}],"version-history":[{"count":3,"href":"https:\/\/www.femmeharmone.com\/eng\/wp-json\/wp\/v2\/pages\/5948\/revisions"}],"predecessor-version":[{"id":6158,"href":"https:\/\/www.femmeharmone.com\/eng\/wp-json\/wp\/v2\/pages\/5948\/revisions\/6158"}],"up":[{"embeddable":true,"href":"https:\/\/www.femmeharmone.com\/eng\/wp-json\/wp\/v2\/pages\/5920"}],"wp:attachment":[{"href":"https:\/\/www.femmeharmone.com\/eng\/wp-json\/wp\/v2\/media?parent=5948"}],"wp:term":[{"taxonomy":"category","embeddable":true,"href":"https:\/\/www.femmeharmone.com\/eng\/wp-json\/wp\/v2\/categories?post=5948"},{"taxonomy":"post_tag","embeddable":true,"href":"https:\/\/www.femmeharmone.com\/eng\/wp-json\/wp\/v2\/tags?post=5948"}],"curies":[{"name":"wp","href":"https:\/\/api.w.org\/{rel}","templated":true}]}}