{"id":5958,"date":"2025-08-15T08:54:47","date_gmt":"2025-08-15T08:54:47","guid":{"rendered":"https:\/\/www.femmeharmone.com\/?page_id=5958"},"modified":"2025-08-15T14:06:48","modified_gmt":"2025-08-15T14:06:48","slug":"birinyi-jozsef-tradicio-klipek-uralas-es-kecsketancoltatas-moldvaban-video","status":"publish","type":"page","link":"https:\/\/www.femmeharmone.com\/eng\/a-noi-dimenzio\/iv-evfolyam-1-4-szam\/neprajz\/birinyi-jozsef-tradicio-klipek-uralas-es-kecsketancoltatas-moldvaban-video\/","title":{"rendered":"<em>Birinyi J\u00f3zsef:<\/em> Trad\u00edci\u00f3 Klipek \u2013 Ur\u00e1l\u00e1s \u00e9s kecsket\u00e1ncoltat\u00e1s Moldv\u00e1ban (vide\u00f3)"},"content":{"rendered":"<figure class=\"wp-block-embed aligncenter is-type-video is-provider-youtube wp-block-embed-youtube wp-embed-aspect-4-3 wp-has-aspect-ratio\"><div class=\"wp-block-embed__wrapper\">\n<iframe loading=\"lazy\" title=\"Trad\u00edci\u00f3 Klipek - Ur\u00e1l\u00e1s \u00e9s kecsket\u00e1ncoltat\u00e1s Moldv\u00e1ban\" width=\"750\" height=\"563\" src=\"https:\/\/www.youtube.com\/embed\/AJoIhux4hgA?feature=oembed\" frameborder=\"0\" allow=\"accelerometer; autoplay; clipboard-write; encrypted-media; gyroscope; picture-in-picture; web-share\" referrerpolicy=\"strict-origin-when-cross-origin\" allowfullscreen><\/iframe>\n<\/div><\/figure>","protected":false},"excerpt":{"rendered":"","protected":false},"author":1,"featured_media":0,"parent":5925,"menu_order":1,"comment_status":"closed","ping_status":"closed","template":"page-article.php","meta":{"inline_featured_image":false,"footnotes":""},"categories":[],"tags":[],"_links":{"self":[{"href":"https:\/\/www.femmeharmone.com\/eng\/wp-json\/wp\/v2\/pages\/5958"}],"collection":[{"href":"https:\/\/www.femmeharmone.com\/eng\/wp-json\/wp\/v2\/pages"}],"about":[{"href":"https:\/\/www.femmeharmone.com\/eng\/wp-json\/wp\/v2\/types\/page"}],"author":[{"embeddable":true,"href":"https:\/\/www.femmeharmone.com\/eng\/wp-json\/wp\/v2\/users\/1"}],"replies":[{"embeddable":true,"href":"https:\/\/www.femmeharmone.com\/eng\/wp-json\/wp\/v2\/comments?post=5958"}],"version-history":[{"count":3,"href":"https:\/\/www.femmeharmone.com\/eng\/wp-json\/wp\/v2\/pages\/5958\/revisions"}],"predecessor-version":[{"id":6167,"href":"https:\/\/www.femmeharmone.com\/eng\/wp-json\/wp\/v2\/pages\/5958\/revisions\/6167"}],"up":[{"embeddable":true,"href":"https:\/\/www.femmeharmone.com\/eng\/wp-json\/wp\/v2\/pages\/5925"}],"wp:attachment":[{"href":"https:\/\/www.femmeharmone.com\/eng\/wp-json\/wp\/v2\/media?parent=5958"}],"wp:term":[{"taxonomy":"category","embeddable":true,"href":"https:\/\/www.femmeharmone.com\/eng\/wp-json\/wp\/v2\/categories?post=5958"},{"taxonomy":"post_tag","embeddable":true,"href":"https:\/\/www.femmeharmone.com\/eng\/wp-json\/wp\/v2\/tags?post=5958"}],"curies":[{"name":"wp","href":"https:\/\/api.w.org\/{rel}","templated":true}]}}