{"id":5960,"date":"2025-08-15T08:55:07","date_gmt":"2025-08-15T08:55:07","guid":{"rendered":"https:\/\/www.femmeharmone.com\/?page_id=5960"},"modified":"2025-08-15T14:07:05","modified_gmt":"2025-08-15T14:07:05","slug":"birinyi-jozsef-tradicio-klipek-ujevi-medvetancoltatas-gyimesben-video","status":"publish","type":"page","link":"https:\/\/www.femmeharmone.com\/eng\/a-noi-dimenzio\/iv-evfolyam-1-4-szam\/neprajz\/birinyi-jozsef-tradicio-klipek-ujevi-medvetancoltatas-gyimesben-video\/","title":{"rendered":"<em>Birinyi J\u00f3zsef:<\/em> Trad\u00edci\u00f3 Klipek \u2013 \u00daj\u00e9vi medvet\u00e1ncoltat\u00e1s Gyimesben (vide\u00f3)"},"content":{"rendered":"<figure class=\"wp-block-embed aligncenter is-type-video is-provider-youtube wp-block-embed-youtube wp-embed-aspect-4-3 wp-has-aspect-ratio\"><div class=\"wp-block-embed__wrapper\">\n<iframe loading=\"lazy\" title=\"Trad\u00edci\u00f3 Klipek - \u00daj\u00e9vi medvet\u00e1ncoltat\u00e1s Gyimesben\" width=\"750\" height=\"563\" src=\"https:\/\/www.youtube.com\/embed\/ObSQpiIFw90?feature=oembed\" frameborder=\"0\" allow=\"accelerometer; autoplay; clipboard-write; encrypted-media; gyroscope; picture-in-picture; web-share\" referrerpolicy=\"strict-origin-when-cross-origin\" allowfullscreen><\/iframe>\n<\/div><\/figure>","protected":false},"excerpt":{"rendered":"","protected":false},"author":1,"featured_media":0,"parent":5925,"menu_order":2,"comment_status":"closed","ping_status":"closed","template":"page-article.php","meta":{"inline_featured_image":false,"footnotes":""},"categories":[],"tags":[],"_links":{"self":[{"href":"https:\/\/www.femmeharmone.com\/eng\/wp-json\/wp\/v2\/pages\/5960"}],"collection":[{"href":"https:\/\/www.femmeharmone.com\/eng\/wp-json\/wp\/v2\/pages"}],"about":[{"href":"https:\/\/www.femmeharmone.com\/eng\/wp-json\/wp\/v2\/types\/page"}],"author":[{"embeddable":true,"href":"https:\/\/www.femmeharmone.com\/eng\/wp-json\/wp\/v2\/users\/1"}],"replies":[{"embeddable":true,"href":"https:\/\/www.femmeharmone.com\/eng\/wp-json\/wp\/v2\/comments?post=5960"}],"version-history":[{"count":3,"href":"https:\/\/www.femmeharmone.com\/eng\/wp-json\/wp\/v2\/pages\/5960\/revisions"}],"predecessor-version":[{"id":6168,"href":"https:\/\/www.femmeharmone.com\/eng\/wp-json\/wp\/v2\/pages\/5960\/revisions\/6168"}],"up":[{"embeddable":true,"href":"https:\/\/www.femmeharmone.com\/eng\/wp-json\/wp\/v2\/pages\/5925"}],"wp:attachment":[{"href":"https:\/\/www.femmeharmone.com\/eng\/wp-json\/wp\/v2\/media?parent=5960"}],"wp:term":[{"taxonomy":"category","embeddable":true,"href":"https:\/\/www.femmeharmone.com\/eng\/wp-json\/wp\/v2\/categories?post=5960"},{"taxonomy":"post_tag","embeddable":true,"href":"https:\/\/www.femmeharmone.com\/eng\/wp-json\/wp\/v2\/tags?post=5960"}],"curies":[{"name":"wp","href":"https:\/\/api.w.org\/{rel}","templated":true}]}}