{"id":5962,"date":"2025-08-15T08:56:38","date_gmt":"2025-08-15T08:56:38","guid":{"rendered":"https:\/\/www.femmeharmone.com\/?page_id=5962"},"modified":"2025-08-15T14:08:11","modified_gmt":"2025-08-15T14:08:11","slug":"maria-maria-mennyei-szep-csillag-archaikus-imaktol-klasszikus-marias-enekekig-petras-maria-szabo-barbara-erdelyi-ilona-panczel-kristof-video","status":"publish","type":"page","link":"https:\/\/www.femmeharmone.com\/eng\/a-noi-dimenzio\/iv-evfolyam-1-4-szam\/zene-2\/maria-maria-mennyei-szep-csillag-archaikus-imaktol-klasszikus-marias-enekekig-petras-maria-szabo-barbara-erdelyi-ilona-panczel-kristof-video\/","title":{"rendered":"\u201eM\u00e1ria, M\u00e1ria, mennyei sz\u00e9p csillag&#8221; \u2013 Archaikus im\u00e1kt\u00f3l klasszikus m\u00e1ri\u00e1s \u00e9nekekig (<\/em>Petr\u00e1s M\u00e1ria, Szab\u00f3 Barbara, Erd\u00e9lyi Ilona, P\u00e1ncz\u00e9l Krist\u00f3f<\/em>) (vide\u00f3)"},"content":{"rendered":"<p class=\"has-text-align-center\">2024. augusztus 14.<\/p>\n\n\n\n<p class=\"has-text-align-center\">Budai Kapucinus Templom, Budapest<\/p>\n\n\n\n<figure class=\"wp-block-embed aligncenter is-type-video is-provider-youtube wp-block-embed-youtube wp-embed-aspect-16-9 wp-has-aspect-ratio\"><div class=\"wp-block-embed__wrapper\">\n<iframe loading=\"lazy\" title=\"\u201eM\u00e1ria, M\u00e1ria, mennyei sz\u00e9p csillag\u201d \u2013 Archaikus im\u00e1kt\u00f3l klasszikus M\u00e1ri\u00e1s \u00e9nekekig\" width=\"750\" height=\"422\" src=\"https:\/\/www.youtube.com\/embed\/6Ws_f6bO3_8?feature=oembed\" frameborder=\"0\" allow=\"accelerometer; autoplay; clipboard-write; encrypted-media; gyroscope; picture-in-picture; web-share\" referrerpolicy=\"strict-origin-when-cross-origin\" allowfullscreen><\/iframe>\n<\/div><\/figure>\n\n\n\n<p class=\"has-text-align-center\">Petr\u00e1s M\u00e1ria \u00e9s Szab\u00f3 Barbara dalestje<br><br>El\u0151ad\u00f3k:<br>Petr\u00e1s M\u00e1ria<br>Szab\u00f3 Barbara<br>Erd\u00e9lyi Ilona<br>P\u00e1ncz\u00e9l Krist\u00f3f<br><br>Orgon\u00e1n k\u00f6zrem\u0171k\u00f6d\u00f6tt:<br>P\u00e1ncz\u00e9l Krist\u00f3f<br><br><\/p>","protected":false},"excerpt":{"rendered":"<p>2024. augusztus 14. Budai Kapucinus Templom, Budapest Petr\u00e1s M\u00e1ria \u00e9s Szab\u00f3 Barbara dalestje El\u0151ad\u00f3k:Petr\u00e1s M\u00e1riaSzab\u00f3 BarbaraErd\u00e9lyi IlonaP\u00e1ncz\u00e9l Krist\u00f3f Orgon\u00e1n k\u00f6zrem\u0171k\u00f6d\u00f6tt:P\u00e1ncz\u00e9l Krist\u00f3f<\/p>","protected":false},"author":1,"featured_media":0,"parent":5928,"menu_order":1,"comment_status":"closed","ping_status":"closed","template":"page-article.php","meta":{"inline_featured_image":false,"footnotes":""},"categories":[],"tags":[],"_links":{"self":[{"href":"https:\/\/www.femmeharmone.com\/eng\/wp-json\/wp\/v2\/pages\/5962"}],"collection":[{"href":"https:\/\/www.femmeharmone.com\/eng\/wp-json\/wp\/v2\/pages"}],"about":[{"href":"https:\/\/www.femmeharmone.com\/eng\/wp-json\/wp\/v2\/types\/page"}],"author":[{"embeddable":true,"href":"https:\/\/www.femmeharmone.com\/eng\/wp-json\/wp\/v2\/users\/1"}],"replies":[{"embeddable":true,"href":"https:\/\/www.femmeharmone.com\/eng\/wp-json\/wp\/v2\/comments?post=5962"}],"version-history":[{"count":3,"href":"https:\/\/www.femmeharmone.com\/eng\/wp-json\/wp\/v2\/pages\/5962\/revisions"}],"predecessor-version":[{"id":6169,"href":"https:\/\/www.femmeharmone.com\/eng\/wp-json\/wp\/v2\/pages\/5962\/revisions\/6169"}],"up":[{"embeddable":true,"href":"https:\/\/www.femmeharmone.com\/eng\/wp-json\/wp\/v2\/pages\/5928"}],"wp:attachment":[{"href":"https:\/\/www.femmeharmone.com\/eng\/wp-json\/wp\/v2\/media?parent=5962"}],"wp:term":[{"taxonomy":"category","embeddable":true,"href":"https:\/\/www.femmeharmone.com\/eng\/wp-json\/wp\/v2\/categories?post=5962"},{"taxonomy":"post_tag","embeddable":true,"href":"https:\/\/www.femmeharmone.com\/eng\/wp-json\/wp\/v2\/tags?post=5962"}],"curies":[{"name":"wp","href":"https:\/\/api.w.org\/{rel}","templated":true}]}}