{"id":5964,"date":"2025-08-15T08:57:36","date_gmt":"2025-08-15T08:57:36","guid":{"rendered":"https:\/\/www.femmeharmone.com\/?page_id=5964"},"modified":"2025-08-15T14:11:13","modified_gmt":"2025-08-15T14:11:13","slug":"vajda-maria-levertek-elotte-a-harmatot-a-szuzesseg-mint-a-menyasszony-ertekenek-fokmeroje-a-magyar-tarsadalomban-video","status":"publish","type":"page","link":"https:\/\/www.femmeharmone.com\/eng\/a-noi-dimenzio\/iv-evfolyam-1-4-szam\/tudomany\/vajda-maria-levertek-elotte-a-harmatot-a-szuzesseg-mint-a-menyasszony-ertekenek-fokmeroje-a-magyar-tarsadalomban-video\/","title":{"rendered":"<em>Vajda M\u00e1ria:<\/em> \u201eLevert\u00e9k el\u0151tte a harmatot\u201d \u2013 A sz\u00fczess\u00e9g mint a menyasszony \u00e9rt\u00e9k\u00e9nek fokm\u00e9r\u0151je a magyar t\u00e1rsadalomban (vide\u00f3)"},"content":{"rendered":"<p class=\"has-text-align-center\">H\u00e1zass\u00e1gk\u00f6t\u00e9s egykor \u00e9s ma \u2013 R\u00edtusok, szok\u00e1sok, v\u00e1ltoz\u00e1sok \u2013<br>tudom\u00e1nyos konferencia<\/p>\n\n\n\n<p class=\"has-text-align-center\">Vajda M\u00e1ria el\u0151ad\u00e1sa<\/p>\n\n\n\n<p class=\"has-text-align-center\">2024. 01. 19.<\/p>\n\n\n\n<p class=\"has-text-align-center\">Magyar Nemzeti M\u00fazeum, Budapest<\/p>\n\n\n\n<figure class=\"wp-block-embed aligncenter is-type-video is-provider-youtube wp-block-embed-youtube wp-embed-aspect-16-9 wp-has-aspect-ratio\"><div class=\"wp-block-embed__wrapper\">\n<iframe loading=\"lazy\" title=\"\u201eLevert\u00e9k el\u0151tte a harmatot\u201d \u2013 A sz\u00fczess\u00e9g, mint a menyasszony \u00e9rt\u00e9k\u00e9nek fokm\u00e9r\u0151je a magyar t\u00e1rs...\" width=\"750\" height=\"422\" src=\"https:\/\/www.youtube.com\/embed\/sGvrAxQQcLA?feature=oembed\" frameborder=\"0\" allow=\"accelerometer; autoplay; clipboard-write; encrypted-media; gyroscope; picture-in-picture; web-share\" referrerpolicy=\"strict-origin-when-cross-origin\" allowfullscreen><\/iframe>\n<\/div><\/figure>","protected":false},"excerpt":{"rendered":"<p>H\u00e1zass\u00e1gk\u00f6t\u00e9s egykor \u00e9s ma \u2013 R\u00edtusok, szok\u00e1sok, v\u00e1ltoz\u00e1sok \u2013tudom\u00e1nyos konferencia Vajda M\u00e1ria el\u0151ad\u00e1sa 2024. 01. 19. Magyar Nemzeti M\u00fazeum, Budapest<\/p>","protected":false},"author":1,"featured_media":0,"parent":5930,"menu_order":13,"comment_status":"closed","ping_status":"closed","template":"page-article.php","meta":{"inline_featured_image":false,"footnotes":""},"categories":[],"tags":[],"_links":{"self":[{"href":"https:\/\/www.femmeharmone.com\/eng\/wp-json\/wp\/v2\/pages\/5964"}],"collection":[{"href":"https:\/\/www.femmeharmone.com\/eng\/wp-json\/wp\/v2\/pages"}],"about":[{"href":"https:\/\/www.femmeharmone.com\/eng\/wp-json\/wp\/v2\/types\/page"}],"author":[{"embeddable":true,"href":"https:\/\/www.femmeharmone.com\/eng\/wp-json\/wp\/v2\/users\/1"}],"replies":[{"embeddable":true,"href":"https:\/\/www.femmeharmone.com\/eng\/wp-json\/wp\/v2\/comments?post=5964"}],"version-history":[{"count":3,"href":"https:\/\/www.femmeharmone.com\/eng\/wp-json\/wp\/v2\/pages\/5964\/revisions"}],"predecessor-version":[{"id":6184,"href":"https:\/\/www.femmeharmone.com\/eng\/wp-json\/wp\/v2\/pages\/5964\/revisions\/6184"}],"up":[{"embeddable":true,"href":"https:\/\/www.femmeharmone.com\/eng\/wp-json\/wp\/v2\/pages\/5930"}],"wp:attachment":[{"href":"https:\/\/www.femmeharmone.com\/eng\/wp-json\/wp\/v2\/media?parent=5964"}],"wp:term":[{"taxonomy":"category","embeddable":true,"href":"https:\/\/www.femmeharmone.com\/eng\/wp-json\/wp\/v2\/categories?post=5964"},{"taxonomy":"post_tag","embeddable":true,"href":"https:\/\/www.femmeharmone.com\/eng\/wp-json\/wp\/v2\/tags?post=5964"}],"curies":[{"name":"wp","href":"https:\/\/api.w.org\/{rel}","templated":true}]}}