{"id":5966,"date":"2025-08-15T08:58:08","date_gmt":"2025-08-15T08:58:08","guid":{"rendered":"https:\/\/www.femmeharmone.com\/?page_id=5966"},"modified":"2025-08-15T14:11:50","modified_gmt":"2025-08-15T14:11:50","slug":"regi-eskuvok-beszelgetes-a-magyar-katolikus-radio-magyar-csillagok-cimu-musoraban-szerkeszto-kovesdy-zsuzsa","status":"publish","type":"page","link":"https:\/\/www.femmeharmone.com\/eng\/a-noi-dimenzio\/iv-evfolyam-1-4-szam\/kerekasztal\/regi-eskuvok-beszelgetes-a-magyar-katolikus-radio-magyar-csillagok-cimu-musoraban-szerkeszto-kovesdy-zsuzsa\/","title":{"rendered":"R\u00e9gi esk\u00fcv\u0151k. Besz\u00e9lget\u00e9s a Magyar Katolikus R\u00e1di\u00f3 <em>Magyar csillagok<\/em> c\u00edm\u0171 m\u0171sor\u00e1ban (szerkeszt\u0151: <em>K\u00f6vesdy Zsuzsa<\/em>)"},"content":{"rendered":"<p class=\"has-text-align-center\">A <em>H\u00e1zass\u00e1g egykor \u00e9s ma<\/em> c\u00edm\u0171 konferencia ut\u00e1n K\u00f6vesdy Zsuzsa besz\u00e9lgetett a k\u00f6vetkez\u0151 el\u0151ad\u00f3kkal: Major Gy\u00f6ngyi, J. \u00dajv\u00e1ry Zsuzsanna, \u00d6rsi Julianna, Hartmann-Kakucska M\u00e1ria, Ogoljuk-Berzsenyi Anett<\/p>\n\n\n\n<p class=\"has-text-align-center\">Magyar Katolikus R\u00e1di\u00f3, Magyar csillagok<\/p>\n\n\n\n<p class=\"has-text-align-center\">2024. janu\u00e1r 25.<\/p>\n\n\n\n<figure class=\"wp-block-audio aligncenter\"><audio controls src=\"https:\/\/www.femmeharmone.com\/wp-content\/uploads\/2025\/05\/2024_01_25_Magyar_csillagok_Regi_eskuvok.mp3\"><\/audio><\/figure>\n\n\n\n<figure class=\"wp-block-image size-large\"><img loading=\"lazy\" decoding=\"async\" width=\"1024\" height=\"1024\" src=\"https:\/\/www.femmeharmone.com\/wp-content\/uploads\/2025\/08\/mkr_logo_2018-1024x1024.png\" alt=\"\" class=\"wp-image-6114\" srcset=\"https:\/\/www.femmeharmone.com\/wp-content\/uploads\/2025\/08\/mkr_logo_2018-1024x1024.png 1024w, https:\/\/www.femmeharmone.com\/wp-content\/uploads\/2025\/08\/mkr_logo_2018-300x300.png 300w, https:\/\/www.femmeharmone.com\/wp-content\/uploads\/2025\/08\/mkr_logo_2018-150x150.png 150w, https:\/\/www.femmeharmone.com\/wp-content\/uploads\/2025\/08\/mkr_logo_2018-768x768.png 768w, https:\/\/www.femmeharmone.com\/wp-content\/uploads\/2025\/08\/mkr_logo_2018-1536x1536.png 1536w, https:\/\/www.femmeharmone.com\/wp-content\/uploads\/2025\/08\/mkr_logo_2018-2048x2048.png 2048w, https:\/\/www.femmeharmone.com\/wp-content\/uploads\/2025\/08\/mkr_logo_2018-12x12.png 12w, https:\/\/www.femmeharmone.com\/wp-content\/uploads\/2025\/08\/mkr_logo_2018-1568x1568.png 1568w\" sizes=\"(max-width: 1024px) 100vw, 1024px\" \/><\/figure>","protected":false},"excerpt":{"rendered":"<p>A H\u00e1zass\u00e1g egykor \u00e9s ma c\u00edm\u0171 konferencia ut\u00e1n K\u00f6vesdy Zsuzsa besz\u00e9lgetett a k\u00f6vetkez\u0151 el\u0151ad\u00f3kkal: Major Gy\u00f6ngyi, J. \u00dajv\u00e1ry Zsuzsanna, \u00d6rsi Julianna, Hartmann-Kakucska M\u00e1ria, Ogoljuk-Berzsenyi Anett Magyar Katolikus R\u00e1di\u00f3, Magyar csillagok 2024. janu\u00e1r 25.<\/p>","protected":false},"author":1,"featured_media":0,"parent":5932,"menu_order":1,"comment_status":"closed","ping_status":"closed","template":"page-article.php","meta":{"inline_featured_image":false,"footnotes":""},"categories":[],"tags":[],"_links":{"self":[{"href":"https:\/\/www.femmeharmone.com\/eng\/wp-json\/wp\/v2\/pages\/5966"}],"collection":[{"href":"https:\/\/www.femmeharmone.com\/eng\/wp-json\/wp\/v2\/pages"}],"about":[{"href":"https:\/\/www.femmeharmone.com\/eng\/wp-json\/wp\/v2\/types\/page"}],"author":[{"embeddable":true,"href":"https:\/\/www.femmeharmone.com\/eng\/wp-json\/wp\/v2\/users\/1"}],"replies":[{"embeddable":true,"href":"https:\/\/www.femmeharmone.com\/eng\/wp-json\/wp\/v2\/comments?post=5966"}],"version-history":[{"count":3,"href":"https:\/\/www.femmeharmone.com\/eng\/wp-json\/wp\/v2\/pages\/5966\/revisions"}],"predecessor-version":[{"id":6186,"href":"https:\/\/www.femmeharmone.com\/eng\/wp-json\/wp\/v2\/pages\/5966\/revisions\/6186"}],"up":[{"embeddable":true,"href":"https:\/\/www.femmeharmone.com\/eng\/wp-json\/wp\/v2\/pages\/5932"}],"wp:attachment":[{"href":"https:\/\/www.femmeharmone.com\/eng\/wp-json\/wp\/v2\/media?parent=5966"}],"wp:term":[{"taxonomy":"category","embeddable":true,"href":"https:\/\/www.femmeharmone.com\/eng\/wp-json\/wp\/v2\/categories?post=5966"},{"taxonomy":"post_tag","embeddable":true,"href":"https:\/\/www.femmeharmone.com\/eng\/wp-json\/wp\/v2\/tags?post=5966"}],"curies":[{"name":"wp","href":"https:\/\/api.w.org\/{rel}","templated":true}]}}