{"id":5968,"date":"2025-08-15T09:00:12","date_gmt":"2025-08-15T09:00:12","guid":{"rendered":"https:\/\/www.femmeharmone.com\/?page_id=5968"},"modified":"2025-08-15T13:11:49","modified_gmt":"2025-08-15T13:11:49","slug":"boldog-gizella-emlekules-esztergomban","status":"publish","type":"page","link":"https:\/\/www.femmeharmone.com\/eng\/a-noi-dimenzio\/iv-evfolyam-1-4-szam\/regina-gisela\/boldog-gizella-emlekules-esztergomban\/","title":{"rendered":"Boldog Gizella Eml\u00e9k\u00fcl\u00e9s Esztergomban"},"content":{"rendered":"<p>Els\u0151 kir\u00e1lyn\u00e9nk \u2013 Boldog Gizella \u2013 \u00e9let\u00e9nek, illetve helyt\u00e1ll\u00e1s\u00e1nak m\u00e1hoz sz\u00f3l\u00f3 \u00fczenet\u00e9t a KNRF Kutat\u00f3int\u00e9zet\u00e9nek munkat\u00e1rsai elhivatottak tudom\u00e1nyos ig\u00e9nnyel feldolgozni, \u00e9rtelmezni \u00e9s k\u00e9pviselni. \u0150szint\u00e9n rem\u00e9lj\u00fck, hogy megeml\u00e9kez\u00e9s\u00fcnk a nemzet \u00f6nazonoss\u00e1g\u00e1nak s \u00f6ntudat\u00e1nak megszil\u00e1rd\u00edt\u00e1s\u00e1ban jelent\u0151s t\u00e9nyez\u0151 lehet.<\/p>\n\n\n\n<p class=\"has-text-align-center\">2024. 04. 21.<\/p>\n\n\n\n<p class=\"has-text-align-center\">MNM Esztergomi V\u00e1rm\u00fazeuma \u2013 Lovagterem<\/p>\n\n\n\n<figure class=\"wp-block-embed aligncenter is-type-video is-provider-youtube wp-block-embed-youtube wp-embed-aspect-16-9 wp-has-aspect-ratio\"><div class=\"wp-block-embed__wrapper\">\n<iframe loading=\"lazy\" title=\"Boldog Gizella Eml\u00e9k\u00fcl\u00e9s Esztergomban\" width=\"750\" height=\"422\" src=\"https:\/\/www.youtube.com\/embed\/FoQcm3H64L0?feature=oembed\" frameborder=\"0\" allow=\"accelerometer; autoplay; clipboard-write; encrypted-media; gyroscope; picture-in-picture; web-share\" referrerpolicy=\"strict-origin-when-cross-origin\" allowfullscreen><\/iframe>\n<\/div><\/figure>\n\n\n\n<div style=\"height:100px\" aria-hidden=\"true\" class=\"wp-block-spacer\"><\/div>\n\n\n\n<div data-wp-interactive=\"core\/file\" class=\"wp-block-file\"><object data-wp-bind--hidden=\"!state.hasPdfPreview\"  class=\"wp-block-file__embed\" data=\"https:\/\/www.femmeharmone.com\/wp-content\/uploads\/2024\/04\/Esztergomi-Boldog-Gizella-Emlekul.apr_.21_.pdf\" type=\"application\/pdf\" style=\"width:100%;height:1500px\" aria-label=\"Embed of Esztergomi-Boldog-Gizella-Emlekul.apr_.21_.\"><\/object><a id=\"wp-block-file--media-6e91250d-1e41-4a2a-ae60-bafc1569230e\" href=\"https:\/\/www.femmeharmone.com\/wp-content\/uploads\/2024\/04\/Esztergomi-Boldog-Gizella-Emlekul.apr_.21_.pdf\">Esztergomi-Boldog-Gizella-Emlekul.apr_.21_<\/a><a href=\"https:\/\/www.femmeharmone.com\/wp-content\/uploads\/2024\/04\/Esztergomi-Boldog-Gizella-Emlekul.apr_.21_.pdf\" class=\"wp-block-file__button wp-element-button\" download aria-describedby=\"wp-block-file--media-6e91250d-1e41-4a2a-ae60-bafc1569230e\">Let\u00f6lt\u00e9s<\/a><\/div>","protected":false},"excerpt":{"rendered":"<p>Els\u0151 kir\u00e1lyn\u00e9nk \u2013 Boldog Gizella \u2013 \u00e9let\u00e9nek, illetve helyt\u00e1ll\u00e1s\u00e1nak m\u00e1hoz sz\u00f3l\u00f3 \u00fczenet\u00e9t a KNRF Kutat\u00f3int\u00e9zet\u00e9nek munkat\u00e1rsai elhivatottak tudom\u00e1nyos ig\u00e9nnyel feldolgozni, \u00e9rtelmezni \u00e9s k\u00e9pviselni. \u0150szint\u00e9n rem\u00e9lj\u00fck, hogy megeml\u00e9kez\u00e9s\u00fcnk a nemzet \u00f6nazonoss\u00e1g\u00e1nak s \u00f6ntudat\u00e1nak megszil\u00e1rd\u00edt\u00e1s\u00e1ban jelent\u0151s t\u00e9nyez\u0151 lehet. 2024. 04. 21. MNM Esztergomi V\u00e1rm\u00fazeuma \u2013 Lovagterem<\/p>","protected":false},"author":1,"featured_media":0,"parent":5934,"menu_order":1,"comment_status":"closed","ping_status":"closed","template":"page-article.php","meta":{"inline_featured_image":false,"footnotes":""},"categories":[],"tags":[],"_links":{"self":[{"href":"https:\/\/www.femmeharmone.com\/eng\/wp-json\/wp\/v2\/pages\/5968"}],"collection":[{"href":"https:\/\/www.femmeharmone.com\/eng\/wp-json\/wp\/v2\/pages"}],"about":[{"href":"https:\/\/www.femmeharmone.com\/eng\/wp-json\/wp\/v2\/types\/page"}],"author":[{"embeddable":true,"href":"https:\/\/www.femmeharmone.com\/eng\/wp-json\/wp\/v2\/users\/1"}],"replies":[{"embeddable":true,"href":"https:\/\/www.femmeharmone.com\/eng\/wp-json\/wp\/v2\/comments?post=5968"}],"version-history":[{"count":2,"href":"https:\/\/www.femmeharmone.com\/eng\/wp-json\/wp\/v2\/pages\/5968\/revisions"}],"predecessor-version":[{"id":6120,"href":"https:\/\/www.femmeharmone.com\/eng\/wp-json\/wp\/v2\/pages\/5968\/revisions\/6120"}],"up":[{"embeddable":true,"href":"https:\/\/www.femmeharmone.com\/eng\/wp-json\/wp\/v2\/pages\/5934"}],"wp:attachment":[{"href":"https:\/\/www.femmeharmone.com\/eng\/wp-json\/wp\/v2\/media?parent=5968"}],"wp:term":[{"taxonomy":"category","embeddable":true,"href":"https:\/\/www.femmeharmone.com\/eng\/wp-json\/wp\/v2\/categories?post=5968"},{"taxonomy":"post_tag","embeddable":true,"href":"https:\/\/www.femmeharmone.com\/eng\/wp-json\/wp\/v2\/tags?post=5968"}],"curies":[{"name":"wp","href":"https:\/\/api.w.org\/{rel}","templated":true}]}}