{"id":5970,"date":"2025-08-15T09:00:30","date_gmt":"2025-08-15T09:00:30","guid":{"rendered":"https:\/\/www.femmeharmone.com\/?page_id=5970"},"modified":"2025-08-15T13:15:17","modified_gmt":"2025-08-15T13:15:17","slug":"gizella-kiralyne-jelentosege-a-21-szazadban","status":"publish","type":"page","link":"https:\/\/www.femmeharmone.com\/eng\/a-noi-dimenzio\/iv-evfolyam-1-4-szam\/regina-gisela\/gizella-kiralyne-jelentosege-a-21-szazadban\/","title":{"rendered":"Gizella Kir\u00e1lyn\u00e9 jelent\u0151s\u00e9ge a 21. sz\u00e1zadban"},"content":{"rendered":"<p class=\"has-text-align-center\">2024. 04. 25.<\/p>\n\n\n\n<p class=\"has-text-align-center\">Kert\u00e9sz Imre Int\u00e9zet, Budapest<\/p>\n\n\n\n<figure class=\"wp-block-embed aligncenter is-type-video is-provider-youtube wp-block-embed-youtube wp-embed-aspect-16-9 wp-has-aspect-ratio\"><div class=\"wp-block-embed__wrapper\">\n<iframe loading=\"lazy\" title=\"Gizella Kir\u00e1lyn\u00e9 jelent\u0151s\u00e9ge a 21. sz\u00e1zadban\" width=\"750\" height=\"422\" src=\"https:\/\/www.youtube.com\/embed\/I_82b-imO9U?feature=oembed\" frameborder=\"0\" allow=\"accelerometer; autoplay; clipboard-write; encrypted-media; gyroscope; picture-in-picture; web-share\" referrerpolicy=\"strict-origin-when-cross-origin\" allowfullscreen><\/iframe>\n<\/div><\/figure>\n\n\n\n<div style=\"height:100px\" aria-hidden=\"true\" class=\"wp-block-spacer\"><\/div>\n\n\n\n<div data-wp-interactive=\"core\/file\" class=\"wp-block-file\"><object data-wp-bind--hidden=\"!state.hasPdfPreview\"  class=\"wp-block-file__embed\" data=\"https:\/\/www.femmeharmone.com\/wp-content\/uploads\/2024\/04\/KII_meghivo.pdf\" type=\"application\/pdf\" style=\"width:100%;height:1500px\" aria-label=\"Embed of KII_meghivo.\"><\/object><a id=\"wp-block-file--media-9dd2e17b-7cbf-44e8-95ec-a4cf3c3cfef6\" href=\"https:\/\/www.femmeharmone.com\/wp-content\/uploads\/2024\/04\/KII_meghivo.pdf\">KII_meghivo<\/a><a href=\"https:\/\/www.femmeharmone.com\/wp-content\/uploads\/2024\/04\/KII_meghivo.pdf\" class=\"wp-block-file__button wp-element-button\" download aria-describedby=\"wp-block-file--media-9dd2e17b-7cbf-44e8-95ec-a4cf3c3cfef6\">Let\u00f6lt\u00e9s<\/a><\/div>","protected":false},"excerpt":{"rendered":"<p>2024. 04. 25. Kert\u00e9sz Imre Int\u00e9zet, Budapest<\/p>","protected":false},"author":1,"featured_media":0,"parent":5934,"menu_order":2,"comment_status":"closed","ping_status":"closed","template":"page-article.php","meta":{"inline_featured_image":false,"footnotes":""},"categories":[],"tags":[],"_links":{"self":[{"href":"https:\/\/www.femmeharmone.com\/eng\/wp-json\/wp\/v2\/pages\/5970"}],"collection":[{"href":"https:\/\/www.femmeharmone.com\/eng\/wp-json\/wp\/v2\/pages"}],"about":[{"href":"https:\/\/www.femmeharmone.com\/eng\/wp-json\/wp\/v2\/types\/page"}],"author":[{"embeddable":true,"href":"https:\/\/www.femmeharmone.com\/eng\/wp-json\/wp\/v2\/users\/1"}],"replies":[{"embeddable":true,"href":"https:\/\/www.femmeharmone.com\/eng\/wp-json\/wp\/v2\/comments?post=5970"}],"version-history":[{"count":5,"href":"https:\/\/www.femmeharmone.com\/eng\/wp-json\/wp\/v2\/pages\/5970\/revisions"}],"predecessor-version":[{"id":6125,"href":"https:\/\/www.femmeharmone.com\/eng\/wp-json\/wp\/v2\/pages\/5970\/revisions\/6125"}],"up":[{"embeddable":true,"href":"https:\/\/www.femmeharmone.com\/eng\/wp-json\/wp\/v2\/pages\/5934"}],"wp:attachment":[{"href":"https:\/\/www.femmeharmone.com\/eng\/wp-json\/wp\/v2\/media?parent=5970"}],"wp:term":[{"taxonomy":"category","embeddable":true,"href":"https:\/\/www.femmeharmone.com\/eng\/wp-json\/wp\/v2\/categories?post=5970"},{"taxonomy":"post_tag","embeddable":true,"href":"https:\/\/www.femmeharmone.com\/eng\/wp-json\/wp\/v2\/tags?post=5970"}],"curies":[{"name":"wp","href":"https:\/\/api.w.org\/{rel}","templated":true}]}}