{"id":5974,"date":"2025-08-15T09:01:10","date_gmt":"2025-08-15T09:01:10","guid":{"rendered":"https:\/\/www.femmeharmone.com\/?page_id=5974"},"modified":"2025-08-15T13:22:36","modified_gmt":"2025-08-15T13:22:36","slug":"regina-gisela-kiallitas-szent-ii-janos-pal-papa-templom-paty","status":"publish","type":"page","link":"https:\/\/www.femmeharmone.com\/eng\/a-noi-dimenzio\/iv-evfolyam-1-4-szam\/regina-gisela\/regina-gisela-kiallitas-szent-ii-janos-pal-papa-templom-paty\/","title":{"rendered":"Regina Gisela ki\u00e1ll\u00edt\u00e1s \u2013 Szent II. J\u00e1nos P\u00e1l p\u00e1pa-templom, P\u00e1ty"},"content":{"rendered":"<p class=\"has-text-align-center\">2024. 06. 09.<\/p>\n\n\n\n<p class=\"has-text-align-center\">Szent II. J\u00e1nos P\u00e1l p\u00e1pa-templom, P\u00e1ty<\/p>\n\n\n\n<figure class=\"wp-block-embed aligncenter is-type-video is-provider-youtube wp-block-embed-youtube wp-embed-aspect-16-9 wp-has-aspect-ratio\"><div class=\"wp-block-embed__wrapper\">\n<iframe loading=\"lazy\" title=\"Regina Gisela ki\u00e1ll\u00edt\u00e1s \u2013 P\u00e1ty\" width=\"750\" height=\"422\" src=\"https:\/\/www.youtube.com\/embed\/qA9v8tr3vaY?feature=oembed\" frameborder=\"0\" allow=\"accelerometer; autoplay; clipboard-write; encrypted-media; gyroscope; picture-in-picture; web-share\" referrerpolicy=\"strict-origin-when-cross-origin\" allowfullscreen><\/iframe>\n<\/div><\/figure>\n\n\n\n<div style=\"height:100px\" aria-hidden=\"true\" class=\"wp-block-spacer\"><\/div>\n\n\n<div class=\"wp-block-image\">\n<figure class=\"aligncenter size-large\"><img loading=\"lazy\" decoding=\"async\" width=\"1024\" height=\"520\" src=\"https:\/\/www.femmeharmone.com\/wp-content\/uploads\/2024\/06\/meghivo_Paty-1024x520.jpg\" alt=\"\" class=\"wp-image-4414\" srcset=\"https:\/\/www.femmeharmone.com\/wp-content\/uploads\/2024\/06\/meghivo_Paty-1024x520.jpg 1024w, https:\/\/www.femmeharmone.com\/wp-content\/uploads\/2024\/06\/meghivo_Paty-300x152.jpg 300w, https:\/\/www.femmeharmone.com\/wp-content\/uploads\/2024\/06\/meghivo_Paty-768x390.jpg 768w, https:\/\/www.femmeharmone.com\/wp-content\/uploads\/2024\/06\/meghivo_Paty-18x9.jpg 18w, https:\/\/www.femmeharmone.com\/wp-content\/uploads\/2024\/06\/meghivo_Paty.jpg 1102w\" sizes=\"(max-width: 1024px) 100vw, 1024px\" \/><\/figure><\/div>","protected":false},"excerpt":{"rendered":"<p>2024. 06. 09. Szent II. J\u00e1nos P\u00e1l p\u00e1pa-templom, P\u00e1ty<\/p>","protected":false},"author":1,"featured_media":0,"parent":5934,"menu_order":4,"comment_status":"closed","ping_status":"closed","template":"page-article.php","meta":{"inline_featured_image":false,"footnotes":""},"categories":[],"tags":[],"_links":{"self":[{"href":"https:\/\/www.femmeharmone.com\/eng\/wp-json\/wp\/v2\/pages\/5974"}],"collection":[{"href":"https:\/\/www.femmeharmone.com\/eng\/wp-json\/wp\/v2\/pages"}],"about":[{"href":"https:\/\/www.femmeharmone.com\/eng\/wp-json\/wp\/v2\/types\/page"}],"author":[{"embeddable":true,"href":"https:\/\/www.femmeharmone.com\/eng\/wp-json\/wp\/v2\/users\/1"}],"replies":[{"embeddable":true,"href":"https:\/\/www.femmeharmone.com\/eng\/wp-json\/wp\/v2\/comments?post=5974"}],"version-history":[{"count":2,"href":"https:\/\/www.femmeharmone.com\/eng\/wp-json\/wp\/v2\/pages\/5974\/revisions"}],"predecessor-version":[{"id":6129,"href":"https:\/\/www.femmeharmone.com\/eng\/wp-json\/wp\/v2\/pages\/5974\/revisions\/6129"}],"up":[{"embeddable":true,"href":"https:\/\/www.femmeharmone.com\/eng\/wp-json\/wp\/v2\/pages\/5934"}],"wp:attachment":[{"href":"https:\/\/www.femmeharmone.com\/eng\/wp-json\/wp\/v2\/media?parent=5974"}],"wp:term":[{"taxonomy":"category","embeddable":true,"href":"https:\/\/www.femmeharmone.com\/eng\/wp-json\/wp\/v2\/categories?post=5974"},{"taxonomy":"post_tag","embeddable":true,"href":"https:\/\/www.femmeharmone.com\/eng\/wp-json\/wp\/v2\/tags?post=5974"}],"curies":[{"name":"wp","href":"https:\/\/api.w.org\/{rel}","templated":true}]}}