{"id":5976,"date":"2025-08-15T09:02:18","date_gmt":"2025-08-15T09:02:18","guid":{"rendered":"https:\/\/www.femmeharmone.com\/?page_id=5976"},"modified":"2025-08-15T14:13:05","modified_gmt":"2025-08-15T14:13:05","slug":"a-no-a-tarsadalomban-es-a-csaladban-konferencia-video","status":"publish","type":"page","link":"https:\/\/www.femmeharmone.com\/eng\/a-noi-dimenzio\/iv-evfolyam-1-4-szam\/ismeret-szerzo\/a-no-a-tarsadalomban-es-a-csaladban-konferencia-video\/","title":{"rendered":"<em>A n\u0151 a t\u00e1rsadalomban \u00e9s a csal\u00e1dban<\/em> konferencia (vide\u00f3)"},"content":{"rendered":"<p>A Kort\u00e1rs N\u0151i Reflexi\u00f3k F\u00f3ruma 2023. november 22-\u00e9n hi\u00e1nyp\u00f3tl\u00f3 kutat\u00e1sban \u00edrt al\u00e1 Egy\u00fcttm\u0171k\u00f6d\u00e9si Meg\u00e1llapod\u00e1st a Magyars\u00e1gkutat\u00f3 Int\u00e9zet Eszmet\u00f6rt\u00e9neti Kutat\u00f3k\u00f6zpontj\u00e1val, amelynek keret\u00e9ben 2024. szeptember\u00e9ben k\u00f6z\u00f6sen szervezt\u00fck meg <em>A n\u0151 a t\u00e1rsadalomban \u00e9s a csal\u00e1dban<\/em> c\u00edm\u0171 interdiszciplin\u00e1ris konferenci\u00e1t. Az al\u00e1bbiakban az el\u0151ad\u00e1sok felv\u00e9tel\u00e9t tessz\u00fck k\u00f6zz\u00e9.<\/p>\n\n\n\n<div style=\"height:50px\" aria-hidden=\"true\" class=\"wp-block-spacer\"><\/div>\n\n\n\n<p class=\"has-text-align-center\">A Kort\u00e1rs N\u0151i Reflexi\u00f3k F\u00f3ruma \u00e9s a Magyars\u00e1gkutat\u00f3 Int\u00e9zet k\u00f6z\u00f6s konferenci\u00e1ja<\/p>\n\n\n\n<p class=\"has-text-align-center\">2024.09.30 \u2013 10.02.<\/p>\n\n\n\n<figure class=\"wp-block-embed aligncenter is-type-video is-provider-youtube wp-block-embed-youtube wp-embed-aspect-16-9 wp-has-aspect-ratio\"><div class=\"wp-block-embed__wrapper\">\n<iframe loading=\"lazy\" title=\"A n\u0151 a t\u00e1rsadalomban 01 \u2013 konferenciamegnyit\u00f3 \u2013 Dr. Szili Katalin\" width=\"750\" height=\"422\" src=\"https:\/\/www.youtube.com\/embed\/3IKUk4qLZc8?list=PLDrVPXYa4K3A_dFLRXB6K4lRvUb5QIdsh\" frameborder=\"0\" allow=\"accelerometer; autoplay; clipboard-write; encrypted-media; gyroscope; picture-in-picture; web-share\" referrerpolicy=\"strict-origin-when-cross-origin\" allowfullscreen><\/iframe>\n<\/div><\/figure>\n\n\n\n<p>A n\u0151 a t\u00e1rsadalomban \u00e9s a csal\u00e1dban konferencia programja:<\/p>\n\n\n\n<p>A n\u0151 a t\u00e1rsadalomban 01 \u2013 konferenciamegnyit\u00f3 \u2013 Dr. Szili Katalin<br>A n\u0151 a t\u00e1rsadalomban 02 \u2013 konferenciamegnyit\u00f3 \u2013 Prof. Dr. K\u00e1sler Mikl\u00f3s<br>A n\u0151 a t\u00e1rsadalomban 03 \u2013 konferenciamegnyit\u00f3 \u2013 Dr. Major Gy\u00f6ngyi<br>A n\u0151 a t\u00e1rsadalomban 04 \u2013 Major Gy\u00f6ngyi: A n\u0151 t\u00e1rsadalomszervez\u0151 erej\u00e9nek t\u00f6rt\u00e9nelmi mint\u00e1zatai<br>A n\u0151 a t\u00e1rsadalomban 05 \u2013 Tak\u00e1cs L\u00e1szl\u00f3: N\u0151i szerzetesek Columbanus k\u00f6r\u00e9ben<br>A n\u0151 a t\u00e1rsadalomban 06 \u2013 T\u00f6m\u00f6rdi Viktor OFM: \u00c1rp\u00e1d-h\u00e1zi kir\u00e1lyl\u00e1ny, Szent Piroska \/ Eir\u00e9n\u00e9<br>A n\u0151 a t\u00e1rsadalomban 07 \u2013 Jankovits Katalin: \u00c1rp\u00e1d-h\u00e1zi Jol\u00e1nta \/ Violant Arag\u00f3niai kir\u00e1lyn\u00e9 udvara<br>A n\u0151 a t\u00e1rsadalomban 08 \u2013 B\u00edr\u00f3 Csilla: N\u0151i kereszt\u00e9nyi er\u00e9nyek<br>A n\u0151 a t\u00e1rsadalomban 09 \u2013 Kov\u00e1cs Andrea: Cantus \u2013 manus \u2013 locus<br>A n\u0151 a t\u00e1rsadalomban 10 \u2013 H. Kakucska M\u00e1ria: Juan Luis Vives a n\u0151nevel\u00e9sr\u0151l<br>A n\u0151 a t\u00e1rsadalomban 11 \u2013 Nagy Janka Teod\u00f3ra: Egy 18. sz\u00e1zadi jogk\u00f6nyv jog- \u00e9s n\u0151t\u00f6rt\u00e9neti adatai<br>A n\u0151 a t\u00e1rsadalomban 12 \u2013 Bog\u00e1r Judit: Katolikus imak\u00f6nyvek a n\u0151i lelki \u00e9let szolg\u00e1lat\u00e1ban<br>A n\u0151 a t\u00e1rsadalomban 13 \u2013 Macz\u00e1k Ibolya: N\u0151k\u00e9pek Baranyi P\u00e1l gy\u0171jtem\u00e9ny\u00e9ben<br>A n\u0151 a t\u00e1rsadalomban 14 \u2013 Ujj Zolt\u00e1n: Az \u201eels\u0151 spanyol feles\u00e9g&#8221; B\u00e9csben<br>A n\u0151 a t\u00e1rsadalomban 15 \u2013 Luter\u00e1n-Turi Sarolta: Egy f\u0151\u00fari \u00f6zvegy lehet\u0151s\u00e9gei a 17. sz\u00e1zad els\u0151 fel\u00e9ben<br>A n\u0151 a t\u00e1rsadalomban 16 \u2013 Miski P\u00e9ter: V\u00e9r Judit csal\u00e1di \u00e9lete<br>A n\u0151 a t\u00e1rsadalomban 17 \u2013 J. \u00dajv\u00e1ry Zsuzsanna: Hogyan kellett egy tisztess\u00e9ges polg\u00e1rasszonynak\u2026<br>A n\u0151 a t\u00e1rsadalomban 18 \u2013 Kov\u00e1cs Eszter: N\u0151i p\u00e9ldak\u00e9pek a 17. sz\u00e1zadi cseh k\u00f6lt\u00e9szetben<br>A n\u0151 a t\u00e1rsadalomban 19 \u2013 Fab\u00f3 Edit: Zr\u00ednyi Ilona, a h\u0151s fejedelemasszony modellk\u00e9pz\u0151 p\u00e9ld\u00e1ja<br>A n\u0151 a t\u00e1rsadalomban 20 \u2013 Lengyel R\u00e9ka: A l\u00e1nynevel\u00e9s egyik 18. sz\u00e1zadi sikerk\u00f6nyve<br>A n\u0151 a t\u00e1rsadalomban 21 \u2013 Hubert Ildik\u00f3: Nemes asszony n\u0151i ide\u00e1lja a 18. sz\u00e1zadban<br>A n\u0151 a t\u00e1rsadalomban 22 \u2013 Tornay Krisztina: Magyar klarissza lelkis\u00e9g<br>A n\u0151 a t\u00e1rsadalomban 23 \u2013 N. T\u00f3th \u00c1gnes: Az \u00e9l\u0151 hit \u00e1t\u00fct\u00e9se, lenyomata \u00e9s \u00e1tragyog\u00e1sa<br>A n\u0151 a t\u00e1rsadalomban 24 \u2013 T\u00fcsk\u00e9s Anna: \u00c9p\u00edttet\u0151 asszonyok a kora \u00fajkori Magyar Kir\u00e1lys\u00e1gban<br>A n\u0151 a t\u00e1rsadalomban 25 \u2013 Ogoljuk-Berzsenyi Anett: Zichy Mikl\u00f3sn\u00e9 Ber\u00e9nyi Erzs\u00e9bet<br>A n\u0151 a t\u00e1rsadalomban 26 \u2013 \u00d6rsi Julianna: Szok\u00e1srend, erk\u00f6lcs a paraszti t\u00e1rsadalomban<br>A n\u0151 a t\u00e1rsadalomban 27 \u2013 Braun L\u00e1szl\u00f3: Le\u00e1nyok Beregsz\u00e1sz k\u00f6zoktat\u00e1si int\u00e9zm\u00e9nyeiben<\/p>\n\n\n\n<div style=\"height:100px\" aria-hidden=\"true\" class=\"wp-block-spacer\"><\/div>\n\n\n\n<figure class=\"wp-block-image size-large\"><img loading=\"lazy\" decoding=\"async\" width=\"724\" height=\"1024\" src=\"https:\/\/www.femmeharmone.com\/wp-content\/uploads\/2024\/09\/Noi-reflexiok-konferencia-plakat-1.-nap-20240930-1-1-724x1024.jpg\" alt=\"\" class=\"wp-image-4815\" srcset=\"https:\/\/www.femmeharmone.com\/wp-content\/uploads\/2024\/09\/Noi-reflexiok-konferencia-plakat-1.-nap-20240930-1-1-724x1024.jpg 724w, https:\/\/www.femmeharmone.com\/wp-content\/uploads\/2024\/09\/Noi-reflexiok-konferencia-plakat-1.-nap-20240930-1-1-212x300.jpg 212w, https:\/\/www.femmeharmone.com\/wp-content\/uploads\/2024\/09\/Noi-reflexiok-konferencia-plakat-1.-nap-20240930-1-1-768x1086.jpg 768w, https:\/\/www.femmeharmone.com\/wp-content\/uploads\/2024\/09\/Noi-reflexiok-konferencia-plakat-1.-nap-20240930-1-1-1086x1536.jpg 1086w, https:\/\/www.femmeharmone.com\/wp-content\/uploads\/2024\/09\/Noi-reflexiok-konferencia-plakat-1.-nap-20240930-1-1-1448x2048.jpg 1448w, https:\/\/www.femmeharmone.com\/wp-content\/uploads\/2024\/09\/Noi-reflexiok-konferencia-plakat-1.-nap-20240930-1-1-8x12.jpg 8w, https:\/\/www.femmeharmone.com\/wp-content\/uploads\/2024\/09\/Noi-reflexiok-konferencia-plakat-1.-nap-20240930-1-1-1568x2217.jpg 1568w, https:\/\/www.femmeharmone.com\/wp-content\/uploads\/2024\/09\/Noi-reflexiok-konferencia-plakat-1.-nap-20240930-1-1-scaled.jpg 1810w\" sizes=\"(max-width: 724px) 100vw, 724px\" \/><\/figure>\n\n\n\n<figure class=\"wp-block-image size-large\"><img loading=\"lazy\" decoding=\"async\" width=\"724\" height=\"1024\" src=\"https:\/\/www.femmeharmone.com\/wp-content\/uploads\/2024\/09\/Noi-reflexiok-konferencia-plakat-2.-nap-20241001--724x1024.jpg\" alt=\"\" class=\"wp-image-4813\" srcset=\"https:\/\/www.femmeharmone.com\/wp-content\/uploads\/2024\/09\/Noi-reflexiok-konferencia-plakat-2.-nap-20241001--724x1024.jpg 724w, https:\/\/www.femmeharmone.com\/wp-content\/uploads\/2024\/09\/Noi-reflexiok-konferencia-plakat-2.-nap-20241001--212x300.jpg 212w, https:\/\/www.femmeharmone.com\/wp-content\/uploads\/2024\/09\/Noi-reflexiok-konferencia-plakat-2.-nap-20241001--768x1086.jpg 768w, https:\/\/www.femmeharmone.com\/wp-content\/uploads\/2024\/09\/Noi-reflexiok-konferencia-plakat-2.-nap-20241001--1086x1536.jpg 1086w, https:\/\/www.femmeharmone.com\/wp-content\/uploads\/2024\/09\/Noi-reflexiok-konferencia-plakat-2.-nap-20241001--1448x2048.jpg 1448w, https:\/\/www.femmeharmone.com\/wp-content\/uploads\/2024\/09\/Noi-reflexiok-konferencia-plakat-2.-nap-20241001--8x12.jpg 8w, https:\/\/www.femmeharmone.com\/wp-content\/uploads\/2024\/09\/Noi-reflexiok-konferencia-plakat-2.-nap-20241001--1568x2217.jpg 1568w, https:\/\/www.femmeharmone.com\/wp-content\/uploads\/2024\/09\/Noi-reflexiok-konferencia-plakat-2.-nap-20241001--scaled.jpg 1810w\" sizes=\"(max-width: 724px) 100vw, 724px\" \/><\/figure>\n\n\n\n<figure class=\"wp-block-image size-large\"><img loading=\"lazy\" decoding=\"async\" width=\"724\" height=\"1024\" src=\"https:\/\/www.femmeharmone.com\/wp-content\/uploads\/2024\/09\/Noi-reflexiok-konferencia-plakat-3.-nap-20241002-724x1024.jpg\" alt=\"\" class=\"wp-image-4814\" srcset=\"https:\/\/www.femmeharmone.com\/wp-content\/uploads\/2024\/09\/Noi-reflexiok-konferencia-plakat-3.-nap-20241002-724x1024.jpg 724w, https:\/\/www.femmeharmone.com\/wp-content\/uploads\/2024\/09\/Noi-reflexiok-konferencia-plakat-3.-nap-20241002-212x300.jpg 212w, https:\/\/www.femmeharmone.com\/wp-content\/uploads\/2024\/09\/Noi-reflexiok-konferencia-plakat-3.-nap-20241002-768x1086.jpg 768w, https:\/\/www.femmeharmone.com\/wp-content\/uploads\/2024\/09\/Noi-reflexiok-konferencia-plakat-3.-nap-20241002-1086x1536.jpg 1086w, https:\/\/www.femmeharmone.com\/wp-content\/uploads\/2024\/09\/Noi-reflexiok-konferencia-plakat-3.-nap-20241002-1448x2048.jpg 1448w, https:\/\/www.femmeharmone.com\/wp-content\/uploads\/2024\/09\/Noi-reflexiok-konferencia-plakat-3.-nap-20241002-8x12.jpg 8w, https:\/\/www.femmeharmone.com\/wp-content\/uploads\/2024\/09\/Noi-reflexiok-konferencia-plakat-3.-nap-20241002-1568x2217.jpg 1568w, https:\/\/www.femmeharmone.com\/wp-content\/uploads\/2024\/09\/Noi-reflexiok-konferencia-plakat-3.-nap-20241002-scaled.jpg 1810w\" sizes=\"(max-width: 724px) 100vw, 724px\" \/><\/figure>","protected":false},"excerpt":{"rendered":"<p>A Kort\u00e1rs N\u0151i Reflexi\u00f3k F\u00f3ruma 2023. november 22-\u00e9n hi\u00e1nyp\u00f3tl\u00f3 kutat\u00e1sban \u00edrt al\u00e1 Egy\u00fcttm\u0171k\u00f6d\u00e9si Meg\u00e1llapod\u00e1st a Magyars\u00e1gkutat\u00f3 Int\u00e9zet Eszmet\u00f6rt\u00e9neti Kutat\u00f3k\u00f6zpontj\u00e1val, amelynek keret\u00e9ben 2024. szeptember\u00e9ben k\u00f6z\u00f6sen szervezt\u00fck meg A n\u0151 a t\u00e1rsadalomban \u00e9s a csal\u00e1dban c\u00edm\u0171 interdiszciplin\u00e1ris konferenci\u00e1t. Az al\u00e1bbiakban az el\u0151ad\u00e1sok felv\u00e9tel\u00e9t tessz\u00fck k\u00f6zz\u00e9. A Kort\u00e1rs N\u0151i Reflexi\u00f3k F\u00f3ruma \u00e9s a Magyars\u00e1gkutat\u00f3 Int\u00e9zet k\u00f6z\u00f6s konferenci\u00e1ja 2024.09.30&hellip;<\/p>","protected":false},"author":1,"featured_media":0,"parent":5941,"menu_order":1,"comment_status":"closed","ping_status":"closed","template":"page-article.php","meta":{"inline_featured_image":false,"footnotes":""},"categories":[],"tags":[],"_links":{"self":[{"href":"https:\/\/www.femmeharmone.com\/eng\/wp-json\/wp\/v2\/pages\/5976"}],"collection":[{"href":"https:\/\/www.femmeharmone.com\/eng\/wp-json\/wp\/v2\/pages"}],"about":[{"href":"https:\/\/www.femmeharmone.com\/eng\/wp-json\/wp\/v2\/types\/page"}],"author":[{"embeddable":true,"href":"https:\/\/www.femmeharmone.com\/eng\/wp-json\/wp\/v2\/users\/1"}],"replies":[{"embeddable":true,"href":"https:\/\/www.femmeharmone.com\/eng\/wp-json\/wp\/v2\/comments?post=5976"}],"version-history":[{"count":5,"href":"https:\/\/www.femmeharmone.com\/eng\/wp-json\/wp\/v2\/pages\/5976\/revisions"}],"predecessor-version":[{"id":6191,"href":"https:\/\/www.femmeharmone.com\/eng\/wp-json\/wp\/v2\/pages\/5976\/revisions\/6191"}],"up":[{"embeddable":true,"href":"https:\/\/www.femmeharmone.com\/eng\/wp-json\/wp\/v2\/pages\/5941"}],"wp:attachment":[{"href":"https:\/\/www.femmeharmone.com\/eng\/wp-json\/wp\/v2\/media?parent=5976"}],"wp:term":[{"taxonomy":"category","embeddable":true,"href":"https:\/\/www.femmeharmone.com\/eng\/wp-json\/wp\/v2\/categories?post=5976"},{"taxonomy":"post_tag","embeddable":true,"href":"https:\/\/www.femmeharmone.com\/eng\/wp-json\/wp\/v2\/tags?post=5976"}],"curies":[{"name":"wp","href":"https:\/\/api.w.org\/{rel}","templated":true}]}}