{"id":5996,"date":"2025-08-15T09:17:36","date_gmt":"2025-08-15T09:17:36","guid":{"rendered":"https:\/\/www.femmeharmone.com\/?page_id=5996"},"modified":"2025-08-15T14:13:20","modified_gmt":"2025-08-15T14:13:20","slug":"major-gyongyi-noiseg-es-demografia","status":"publish","type":"page","link":"https:\/\/www.femmeharmone.com\/eng\/a-noi-dimenzio\/iv-evfolyam-1-4-szam\/ismeret-szerzo\/major-gyongyi-noiseg-es-demografia\/","title":{"rendered":"<em>Major Gy\u00f6ngyi:<\/em> N\u0151is\u00e9g \u00e9s demogr\u00e1fia"},"content":{"rendered":"<p class=\"has-text-align-right\"><em>\u201eT\u00f6bb dolgok vannak f\u00f6ld\u00f6n \u00e9s \u00e9gen,<\/em><br><em>Horatio, mintsem b\u00f6lcselmetek<\/em><br><em>\u00c1lmodni k\u00e9pes.\u201d<\/em><br><em>(Shakespeare: Hamlet)<\/em><\/p>\n\n\n\n<div style=\"height:50px\" aria-hidden=\"true\" class=\"wp-block-spacer\"><\/div>\n\n\n\n<p>A demogr\u00e1fia problematik\u00e1j\u00e1nak v\u00e9giggondol\u00e1sakor \u00f3hatatlanul szem\u00fcnkbe \u00f6tlik a XXI. sz\u00e1zadot meg\u00e9rt eur\u00f3pai kult\u00fara helyzet\u00e9nek abszurdit\u00e1sa. Nem tudjuk nem \u00e9szrevenni, hogy egyr\u00e9szt van az \u00f6nk\u00e9pe szerint a tudom\u00e1ny \u00e1ltal mindent uralma al\u00e1 hajt\u00f3, lehets\u00e9ges l\u00e9tez\u00e9si cs\u00facsait el\u00e9r\u0151 ember, aki (a transzhumanist\u00e1k szerint) a szingularit\u00e1sban \u00e9ppen k\u00e9sz\u00fcl egy k\u00f6vetkez\u0151 evol\u00faci\u00f3s l\u00e9p\u00e9ssel a vil\u00e1gegyetem eg\u00e9sz\u00e9t \u00e9rtelmi funkci\u00f3val felruh\u00e1zni, m\u00e1sr\u00e9szt ugyanez a gy\u0151zedelmes ember elcs\u00faszni l\u00e1tszik egy ban\u00e1nh\u00e9jon, mivel ebben az el\u00e9rt, fene nagy t\u00f6k\u00e9letess\u00e9gben re\u00e1lis forgat\u00f3k\u00f6nyvnek t\u0171nik a kihal\u00e1sa, vagy legal\u00e1bb a degener\u00e1ci\u00f3ja.<\/p>\n\n\n\n<p>&nbsp;&nbsp;&nbsp;&nbsp;&nbsp; J\u00f3t nevetn\u00e9nk e jelens\u00e9gen, ha nem lenn\u00e9nk k\u00f6zvetlen \u00e9rintettek. Valami itt nagyon nincs rendben. Ha ez a fantasztikus tudom\u00e1nyos fejl\u0151d\u00e9s az ember evil\u00e1gi megsz\u0171n\u00e9s\u00e9hez vezet, akkor esetleg nem is olyan fantasztikus, \u00e9s minden \u00f6nhitts\u00e9g\u00e9vel szemben, esetleg sokkal fontosabb az ember szempontj\u00e1b\u00f3l mindaz, amit a tudom\u00e1ny nem tud, mint amit tud.<\/p>\n\n\n\n<p>&nbsp;&nbsp;&nbsp;&nbsp;&nbsp; Ezen a ponton pedig fontos \u00e9ln\u00fcnk egy distinkci\u00f3val. Egy olyan distinkci\u00f3val, ami ma \u00e1ltal\u00e1ban az \u00e9rz\u00e9kelhet\u0151s\u00e9gi szint al\u00e1 szorult, s ez\u00e9rt neh\u00e9zs\u00e9gbe \u00fctk\u00f6zik az \u00e9rdemi kommunik\u00e1ci\u00f3ja.<\/p>\n\n\n\n<p>&nbsp;&nbsp;&nbsp;&nbsp;&nbsp; Azt a kult\u00far\u00e1t, amiben ma \u00e9l\u00fcnk, f\u00e9rfiak hozt\u00e1k l\u00e9tre. Simmelt id\u00e9zve: \u201eF\u00e9rfiak teremtett\u00e9k meg az ipart \u00e9s a m\u0171v\u00e9szetet, a tudom\u00e1nyt \u00e9s a kereskedelmet, az \u00e1llamigazgat\u00e1st \u00e9s a vall\u00e1st, ez\u00e9rt nemcsak objekt\u00edve van f\u00e9rfias jelleg\u00fck, hanem ism\u00e9telt gyakorl\u00e1suk is saj\u00e1tosan f\u00e9rfier\u0151ket k\u00f6vetel.\u201d<\/p>\n\n\n\n<p>&nbsp;&nbsp;&nbsp;&nbsp;&nbsp; Tess\u00e9k elfelejteni, hogy erre az egyszer\u0171 t\u00e9nyre valamif\u00e9le n\u0151jogi aktivistak\u00e9nt szeretn\u00e9m r\u00e1ir\u00e1ny\u00edtani a figyelmet. S\u0151t, a feminist\u00e1k mindazzal a politikai szerepv\u00e1llal\u00e1ssal, ami a f\u00e9rfijogok megszerz\u00e9s\u00e9re ir\u00e1nyult, csak elfedt\u00e9k ennek a t\u00e9nynek a jelent\u0151s\u00e9g\u00e9t. Merthogy nem n\u0151jogok\u00e9rt harcoltak, hanem f\u00e9rfijogok\u00e9rt. Nem saj\u00e1t nem\u00fck szerep\u00e9t akart\u00e1k meger\u0151s\u00edteni a t\u00e1rsadalomban, hanem mivel a f\u00e9rfiak jogaira v\u00e1gytak, azokat saj\u00e1t \u00e9rt\u00e9krendj\u00fckben is magasabbra sorolt\u00e1k, mint ami <strong><em>n\u0151k\u00e9nt<\/em><\/strong> j\u00e1rt volna nekik. Ezzel pedig mindenekf\u00f6l\u00f6tt meger\u0151s\u00edtett\u00e9k a kult\u00far\u00e1ban a maszkulinit\u00e1s \u00e9rt\u00e9krendj\u00e9t. Ma m\u00e1r a n\u0151k fej\u00e9ben is maszkulin \u00e9rt\u00e9krend van, \u00e9s ma m\u00e1r egy n\u0151b\u0151l is szinte \u00f6nmaga ellen\u00e9ben lehet csak kib\u00e1ny\u00e1szni a maszkulin \u00e9rt\u00e9krendi be\u00e1ll\u00edtotts\u00e1ggal egy\u00e9bk\u00e9nt szinte semmiben \u00e1t nem fed\u0151, term\u00e9szetes k\u00e9sztet\u00e9seit. Pedig a n\u0151 m\u00e1s. Olyannyira m\u00e1s, mint amennyire m\u00e1s lehet egy f\u00f6ldlak\u00f3 egy marslak\u00f3hoz k\u00e9pest.<\/p>\n\n\n\n<p>&nbsp;&nbsp;&nbsp;&nbsp;&nbsp; Furcsa m\u00f3don senkinek nem t\u0171nik fel, hogy nem lehet l\u00e1tni g\u00e9pkocsi szerel\u0151akn\u00e1j\u00e1b\u00f3l csillog\u00f3 szemekkel el\u0151b\u00faj\u00f3, nyakig olajos n\u0151ket. Biztosan az\u00e9rt nem, mert v\u00e1gyva v\u00e1gyn\u00e1nak g\u00e9pezeteket szerelgetni, csak kicsik\u00e9t but\u00e1k hozz\u00e1.<\/p>\n\n\n\n<p>&nbsp;&nbsp;&nbsp;&nbsp;&nbsp; \u2013 Nem lehet, hogy a n\u0151ket a vil\u00e1gb\u00f3l valami olyasmi \u00e9rdekli, ami pedig a f\u00e9rfiakat nem \u00e9rdekli? Nem lehet, hogy a vil\u00e1g \u00e9ppen \u00fagy van kital\u00e1lva, hogy mindannak, ami maszkulin, egy\u00fctt \u00e9s azonos s\u00fallyal kell jelen lenni azzal, ami feminin, \u00e9s ha ez az egyens\u00faly felborul, annak v\u00e9gzetes k\u00f6vetkezm\u00e9nyei lehetnek? Nem lehet, hogy a n\u0151k soha nem hoztak volna l\u00e9tre olyan kult\u00far\u00e1t, amelyben a demogr\u00e1fia b\u00e1rmif\u00e9le szinten is probl\u00e9m\u00e1v\u00e1 v\u00e1lhatna? Nem lehet, hogy ez az eg\u00e9sz zs\u00e1kutca, amibe ez az \u00f6nhitt civiliz\u00e1ci\u00f3 belekergette mag\u00e1t, \u00e9ppen a f\u00e9rfi-n\u0151 egyens\u00faly megboml\u00e1s\u00e1nak k\u00f6vetkezm\u00e9nye?<\/p>\n\n\n\n<p>&nbsp;&nbsp;&nbsp;&nbsp;&nbsp; \u2013 Ugyan melyik n\u0151 tervezgeti l\u00e1zasan egy marsi kol\u00f3nia l\u00e9trehoz\u00e1s\u00e1t?<\/p>\n\n\n\n<p>&nbsp;&nbsp;&nbsp;&nbsp;&nbsp; \u2013 Kisfi\u00fak! Nem lehet, hogy ennek az eg\u00e9sz technikai \u0151r\u00fcletnek nincs egy\u00e9b \u00e9rtelme, mint mikor Kar\u00e1csonyra megkapj\u00e1tok a j\u00e1t\u00e9kvasutat? \u2013 \u00d3, h\u00e1t j\u00e1tszadozzatok! Aranyosak vagytok. Az \u00e9letr\u0151l azonban, ami sz\u00e9p \u00e9s komoly dolog, nem sokat tudtok.<\/p>\n\n\n\n<p>Sajn\u00e1latosan abszurd az is, ahogyan ebben a maszkulin rendszerben egy f\u00e9rfi a helyzet ment\u00e9se \u00e9rdek\u00e9ben javaslatot tesz az anyai szerep magasabb szint\u0171 t\u00e1rsadalmi elismer\u00e9s\u00e9re. Az any\u00e1t, aki mag\u00e1ban hordozza az \u00e9let fogan\u00e1s\u00e1nak miszt\u00e9rium\u00e1t, a f\u00e9rfi, aki ezek szerint nemcsak kisvas\u00fattal akar j\u00e1tszani, hanem \u00e9lni is akar, \u00e9s m\u00e9g maga ut\u00e1n k\u00f6vetkez\u0151 gener\u00e1ci\u00f3kat is l\u00e1tni akar, kegyesen, az \u00e9desany\u00e1t el akarja ismertetni a t\u00e1rsadalommal.<\/p>\n\n\n\n<p>&nbsp;&nbsp;&nbsp;&nbsp;&nbsp; \u2013 Kisfiam! Gondolkozz\u00e1l!<\/p>\n\n\n\n<p>&nbsp;&nbsp;&nbsp;&nbsp;&nbsp; Nem akarom \u00e9n l\u00e1bbal tiporni oly fejlett f\u00e9rfib\u00fcszkes\u00e9gedet, de tal\u00e1n \u00e9szre kellene valah\u00e1ra venned, hogy nemcsak kisvas\u00fat van, meg t\u0151zsde, meg marsi kol\u00f3nia, meg transzhumanizmus, hanem mi is itt vagyunk, n\u0151k, akiket sem a kisvas\u00fat, sem a t\u0151zsde, sem a marsi kol\u00f3nia, de m\u00e9g a transzhumanizmus sem \u00e9rdekel. M\u00e9ghozz\u00e1 egy\u00e1ltal\u00e1n nem.<\/p>\n\n\n\n<p>&nbsp;&nbsp;&nbsp;&nbsp;&nbsp; Ha eddig nem t\u0171nt volna fel, mi n\u0151k vagyunk az emberis\u00e9g fele. \u2013 Szerinted az emberis\u00e9g fele ekkor\u00e1t t\u00e9vedhet? Csak ti tudj\u00e1tok, merre van az el\u0151re? Van arra b\u00e1rmi, amerre ti haladtok?<\/p>\n\n\n\n<p>&nbsp;&nbsp;&nbsp;&nbsp;&nbsp; Az a vil\u00e1g, amit ti csin\u00e1ltatok, nincs tov\u00e1bb. P\u00e9ld\u00e1ul az\u00e9rt nincs tov\u00e1bb, mert nincs benne \u00e9let. M\u0171vi \u00e9s steril. Otthontalan.<\/p>\n\n\n\n<p>Ebbe a vil\u00e1gba sz\u00fclj\u00fcnk mi gyermeket?<\/p>\n\n\n\n<p>Az \u00e9lethez eg\u00e9szen m\u00e1s dolgok kellenek, mint ami\u00e9rt ti rajongtok. \u00c9let pedig csak akkor lesz, ha mi is benne lesz\u00fcnk. \u00c9s ha t\u00e9nyleg \u00e9lni akartok, akkor majd j\u00f6tt\u00f6k, \u00e9s k\u00e9rdezni fogtok. Minket fogtok k\u00e9rdezni. Mert egy\u00e9bk\u00e9nt mi hallgatunk. Nem okoskodunk, hanem viselj\u00fck az \u00e9letet.<\/p>","protected":false},"excerpt":{"rendered":"<p>\u201eT\u00f6bb dolgok vannak f\u00f6ld\u00f6n \u00e9s \u00e9gen,Horatio, mintsem b\u00f6lcselmetek\u00c1lmodni k\u00e9pes.\u201d(Shakespeare: Hamlet) A demogr\u00e1fia problematik\u00e1j\u00e1nak v\u00e9giggondol\u00e1sakor \u00f3hatatlanul szem\u00fcnkbe \u00f6tlik a XXI. sz\u00e1zadot meg\u00e9rt eur\u00f3pai kult\u00fara helyzet\u00e9nek abszurdit\u00e1sa. Nem tudjuk nem \u00e9szrevenni, hogy egyr\u00e9szt van az \u00f6nk\u00e9pe szerint a tudom\u00e1ny \u00e1ltal mindent uralma al\u00e1 hajt\u00f3, lehets\u00e9ges l\u00e9tez\u00e9si cs\u00facsait el\u00e9r\u0151 ember, aki (a transzhumanist\u00e1k szerint) a szingularit\u00e1sban \u00e9ppen k\u00e9sz\u00fcl&hellip;<\/p>","protected":false},"author":1,"featured_media":0,"parent":5941,"menu_order":3,"comment_status":"closed","ping_status":"closed","template":"page-article.php","meta":{"inline_featured_image":false,"footnotes":""},"categories":[],"tags":[],"_links":{"self":[{"href":"https:\/\/www.femmeharmone.com\/eng\/wp-json\/wp\/v2\/pages\/5996"}],"collection":[{"href":"https:\/\/www.femmeharmone.com\/eng\/wp-json\/wp\/v2\/pages"}],"about":[{"href":"https:\/\/www.femmeharmone.com\/eng\/wp-json\/wp\/v2\/types\/page"}],"author":[{"embeddable":true,"href":"https:\/\/www.femmeharmone.com\/eng\/wp-json\/wp\/v2\/users\/1"}],"replies":[{"embeddable":true,"href":"https:\/\/www.femmeharmone.com\/eng\/wp-json\/wp\/v2\/comments?post=5996"}],"version-history":[{"count":5,"href":"https:\/\/www.femmeharmone.com\/eng\/wp-json\/wp\/v2\/pages\/5996\/revisions"}],"predecessor-version":[{"id":6193,"href":"https:\/\/www.femmeharmone.com\/eng\/wp-json\/wp\/v2\/pages\/5996\/revisions\/6193"}],"up":[{"embeddable":true,"href":"https:\/\/www.femmeharmone.com\/eng\/wp-json\/wp\/v2\/pages\/5941"}],"wp:attachment":[{"href":"https:\/\/www.femmeharmone.com\/eng\/wp-json\/wp\/v2\/media?parent=5996"}],"wp:term":[{"taxonomy":"category","embeddable":true,"href":"https:\/\/www.femmeharmone.com\/eng\/wp-json\/wp\/v2\/categories?post=5996"},{"taxonomy":"post_tag","embeddable":true,"href":"https:\/\/www.femmeharmone.com\/eng\/wp-json\/wp\/v2\/tags?post=5996"}],"curies":[{"name":"wp","href":"https:\/\/api.w.org\/{rel}","templated":true}]}}