{"id":6007,"date":"2025-08-15T11:35:33","date_gmt":"2025-08-15T11:35:33","guid":{"rendered":"https:\/\/www.femmeharmone.com\/?page_id=6007"},"modified":"2025-08-15T14:08:24","modified_gmt":"2025-08-15T14:08:24","slug":"major-gyongyi-hazassagkotes-egykor-es-ma-cimu-konferencia-koszontoje","status":"publish","type":"page","link":"https:\/\/www.femmeharmone.com\/eng\/a-noi-dimenzio\/iv-evfolyam-1-4-szam\/tudomany\/major-gyongyi-hazassagkotes-egykor-es-ma-cimu-konferencia-koszontoje\/","title":{"rendered":"<em>Major Gy\u00f6ngyi:<\/em> \u201eH\u00e1zass\u00e1gk\u00f6t\u00e9s egykor \u00e9s ma\u201d c\u00edm\u0171 konferencia k\u00f6sz\u00f6nt\u0151je"},"content":{"rendered":"\n<p>Tisztelt H\u00f6lgyek \u00e9s Urak!<a href=\"#_ftn1\" id=\"_ftnref1\"><sup>[1]<\/sup><\/a><\/p>\n\n\n\n<p>A Kort\u00e1rs N\u0151i Reflexi\u00f3k F\u00f3ruma \u00e9s a J\u00e1sz-Nagykun-Szolnok Megyei Tudom\u00e1nyos Egyes\u00fclet nev\u00e9ben szeretettel \u00e9s tisztelettel k\u00f6sz\u00f6nt\u00f6m \u00d6n\u00f6ket a Magyar Nemzeti M\u00fazeum \u201eMagyar menyasszony\u201d c\u00edm\u0171 ki\u00e1ll\u00edt\u00e1s kapcs\u00e1n megrendezett konferenci\u00e1nkon.<\/p>\n\n\n\n<p>T\u0171nhetne \u00fagy, mintha minden n\u0151nek \u00e9s kisl\u00e1nynak a menyasszonys\u00e1ghoz, a menyegz\u0151h\u00f6z f\u0171z\u0151d\u0151 archetipikus bels\u0151 k\u00e9pe ir\u00e1nti nosztalgi\u00e1b\u00f3l foglalkozn\u00e1nk konferenci\u00e1nk mai t\u00e1rgy\u00e1val, a H\u00e1zass\u00e1gk\u00f6t\u00e9ssel. Azonban ett\u0151l sokkal komolyabb okr\u00f3l van sz\u00f3.<\/p>\n\n\n\n<p>Van egy \u00e1lland\u00f3s\u00e1g\u00e1t \u00e9vezredeken \u00e9s kult\u00far\u00e1kon \u00e1t megtart\u00f3, rendk\u00edv\u00fcl fontos \u00e9rtelmez\u00e9si r\u00e9tege a sz\u00f3ban forg\u00f3 aktusnak \u00e9s az azt k\u00f6r\u00fclvev\u0151 szertart\u00e1sok rendszer\u00e9nek, ami \u2013 \u00fagy t\u0171nik \u2013 m\u00e9g az \u00e9les szem\u0171 n\u0151mozgalmak tekintet\u00e9t is elker\u00fclte.<\/p>\n\n\n\n<p>S tal\u00e1n \u00e9ppen az\u00e9rt ker\u00fclte el, mert a val\u00f3ban maszkulin meghat\u00e1rozotts\u00e1g\u00fav\u00e1 v\u00e1l\u00f3 kult\u00far\u00e1n bel\u00fcl ez olyan anom\u00e1lia, ami tal\u00e1n matriarch\u00e1lis gy\u00f6kerekkel, de patriarch\u00e1tuson bel\u00fcl \u2013 jelleg\u00e9b\u0151l semmit sem elvesztve, ma is ugyanazzal a funkci\u00f3val r\u00e9sze az \u00e9let\u00fcnknek. Ez pedig a menyegz\u0151 \u2013 polg\u00e1riasultabb nev\u00e9n az esk\u00fcv\u0151 \u2013, aminek centrum\u00e1ban nem m\u00e1s, mint a menyasszony \u00e1ll.<\/p>\n\n\n\n<p>Teh\u00e1t f\u00e9lre\u00e9rt\u00e9sekkel \u00e9s mindenfajta emancip\u00e1ci\u00f3s t\u00f6rekv\u00e9ssel szemben hangs\u00falyozand\u00f3, hogy a menyegz\u0151nek van centruma, \u00e9s abban nem a v\u0151leg\u00e9ny, nem egy\u00fctt az ifj\u00fa p\u00e1r, hanem a menyasszony \u00e1ll. A menyegz\u0151 ugyanis nem egy\u00e9b, mint a n\u0151i sz\u00e9ps\u00e9g \u00f6r\u00f6m\u00fcnnepe.<\/p>\n\n\n\n<p>A menyegz\u0151re az\u00e9rt ker\u00fclhet egy\u00e1ltal\u00e1n sor, mert a f\u00e9rfi egy n\u0151 gy\u00f6ny\u00f6r\u0171s\u00e9g\u00e9nek ellen\u00e1llni nem tudv\u00e1n, v\u00e9gre megadja mag\u00e1t, hogy szabads\u00e1g\u00e1r\u00f3l lemondva \u00e9let\u00e9t ennek k\u00f6zel\u00e9ben t\u00f6lthesse: ez a sz\u00e9ps\u00e9g gy\u0151zelme az er\u0151 f\u00f6l\u00f6tt.<\/p>\n\n\n\n<p>Minden err\u0151l sz\u00f3l a menyegz\u0151 el\u0151tt \u00e9s a menyegz\u0151 k\u00f6zben: a l\u00e1nyk\u00e9r\u00e9s, azut\u00e1n a menyasszony kik\u00e9r\u00e9se, a menyasszony b\u00facs\u00faz\u00e1sa anyj\u00e1t\u00f3l, a leg\u00e9nyb\u00facs\u00fa \u00e9s a menyegz\u0151 k\u00fcl\u00f6nb\u00f6z\u0151 szimbolikus mozzanatai.<\/p>\n\n\n\n<p>\u2013 Mondhatn\u00e1nk, aki nem hiszi, j\u00e1rjon ut\u00e1na.<\/p>\n\n\n\n<p>\u00c9s mi \u00fagy d\u00f6nt\u00f6tt\u00fcnk, hogy ut\u00e1naj\u00e1runk. M\u00e9gpedig az\u00e9rt, mert v\u00e9lem\u00e9ny\u00fcnk szerint \u2013 ha ez a szimbolik\u00e1j\u00e1ban ma is \u00e1t\u00e9lt tartalom \u00e9vezredeken \u00e1t fenn tudott maradni, akkor nyilv\u00e1nval\u00f3an olyan \u00fczenetet hordoz, ami f\u00fcggetlen kult\u00far\u00e1kt\u00f3l, divatokt\u00f3l, h\u00f3bortokt\u00f3l, hanem az emberi l\u00e9tez\u00e9s teremtett-term\u00e9szeti talapzat\u00e1hoz k\u00f6t\u0151dik.<\/p>\n\n\n\n<p>\u00c9ppen ez\u00e9rt ebben l\u00e1tjuk lehet\u0151s\u00e9g\u00e9t az olyan harmonikus l\u00e9tforma megtal\u00e1l\u00e1s\u00e1nak, aminek hi\u00e1nya legink\u00e1bb az azonos ind\u00edttat\u00e1ssal, m\u00e9gis szomor\u00fa sorsra jutott h\u00e1zass\u00e1gok forgat\u00f3k\u00f6nyveiben \u00e9rhet\u0151 tetten.<\/p>\n\n\n\n<p>A mai \u00e9rt\u00e9kv\u00e1ls\u00e1gos id\u0151kben teh\u00e1t l\u00e1tunk egy olyan biztos pontot, amib\u0151l elindulhatunk. Harm\u00f3ni\u00e1t att\u00f3l v\u00e1runk, ha az a tiszta sz\u00e1nd\u00e9k \u00e9s az a centr\u00e1lis er\u0151t\u00e9r, ami a menyegz\u0151n m\u00e9g jelen van, fenntarthat\u00f3 l\u00e9tszervez\u0151 er\u0151v\u00e9 v\u00e1lik egy \u00e9leten kereszt\u00fcl.<\/p>\n\n\n\n<hr class=\"wp-block-separator has-alpha-channel-opacity\"\/>\n\n\n\n<p><a href=\"#_ftnref1\" id=\"_ftn1\">[1]<\/a> A k\u00f6sz\u00f6nt\u0151 a Magyar Nemzeti M\u00fazeumban 2024. janu\u00e1r 19-\u00e9n a \u201eH\u00e1zass\u00e1gk\u00f6t\u00e9s egykor \u00e9s ma\u201d c\u00edm\u0171 konferenci\u00e1n hangzott el.<\/p>\n\n\n\n<p>A tudom\u00e1ny rovatban a konferencia el\u0151ad\u00e1sainak \u00edr\u00e1sos anyag\u00e1t tessz\u00fck k\u00f6zz\u00e9.<\/p>\n","protected":false},"excerpt":{"rendered":"<p>Tisztelt H\u00f6lgyek \u00e9s Urak![1] A Kort\u00e1rs N\u0151i Reflexi\u00f3k F\u00f3ruma \u00e9s a J\u00e1sz-Nagykun-Szolnok Megyei Tudom\u00e1nyos Egyes\u00fclet nev\u00e9ben szeretettel \u00e9s tisztelettel k\u00f6sz\u00f6nt\u00f6m \u00d6n\u00f6ket a Magyar Nemzeti M\u00fazeum \u201eMagyar menyasszony\u201d c\u00edm\u0171 ki\u00e1ll\u00edt\u00e1s kapcs\u00e1n megrendezett konferenci\u00e1nkon. T\u0171nhetne \u00fagy, mintha minden n\u0151nek \u00e9s kisl\u00e1nynak a menyasszonys\u00e1ghoz, a menyegz\u0151h\u00f6z f\u0171z\u0151d\u0151 archetipikus bels\u0151 k\u00e9pe ir\u00e1nti nosztalgi\u00e1b\u00f3l foglalkozn\u00e1nk konferenci\u00e1nk mai t\u00e1rgy\u00e1val, a H\u00e1zass\u00e1gk\u00f6t\u00e9ssel.&hellip;<\/p>\n","protected":false},"author":1,"featured_media":0,"parent":5930,"menu_order":1,"comment_status":"closed","ping_status":"closed","template":"page-article.php","meta":{"inline_featured_image":false,"footnotes":""},"categories":[],"tags":[],"_links":{"self":[{"href":"https:\/\/www.femmeharmone.com\/eng\/wp-json\/wp\/v2\/pages\/6007"}],"collection":[{"href":"https:\/\/www.femmeharmone.com\/eng\/wp-json\/wp\/v2\/pages"}],"about":[{"href":"https:\/\/www.femmeharmone.com\/eng\/wp-json\/wp\/v2\/types\/page"}],"author":[{"embeddable":true,"href":"https:\/\/www.femmeharmone.com\/eng\/wp-json\/wp\/v2\/users\/1"}],"replies":[{"embeddable":true,"href":"https:\/\/www.femmeharmone.com\/eng\/wp-json\/wp\/v2\/comments?post=6007"}],"version-history":[{"count":3,"href":"https:\/\/www.femmeharmone.com\/eng\/wp-json\/wp\/v2\/pages\/6007\/revisions"}],"predecessor-version":[{"id":6170,"href":"https:\/\/www.femmeharmone.com\/eng\/wp-json\/wp\/v2\/pages\/6007\/revisions\/6170"}],"up":[{"embeddable":true,"href":"https:\/\/www.femmeharmone.com\/eng\/wp-json\/wp\/v2\/pages\/5930"}],"wp:attachment":[{"href":"https:\/\/www.femmeharmone.com\/eng\/wp-json\/wp\/v2\/media?parent=6007"}],"wp:term":[{"taxonomy":"category","embeddable":true,"href":"https:\/\/www.femmeharmone.com\/eng\/wp-json\/wp\/v2\/categories?post=6007"},{"taxonomy":"post_tag","embeddable":true,"href":"https:\/\/www.femmeharmone.com\/eng\/wp-json\/wp\/v2\/tags?post=6007"}],"curies":[{"name":"wp","href":"https:\/\/api.w.org\/{rel}","templated":true}]}}