{"id":6015,"date":"2025-08-15T11:43:38","date_gmt":"2025-08-15T11:43:38","guid":{"rendered":"https:\/\/www.femmeharmone.com\/?page_id=6015"},"modified":"2025-08-15T14:09:03","modified_gmt":"2025-08-15T14:09:03","slug":"h-kakucska-maria-hazassagkotes-az-orczy-csalad-koreben-a-megfelelo-hazastars-kivalasztasanak-fontossaga-es-peldai","status":"publish","type":"page","link":"https:\/\/www.femmeharmone.com\/eng\/a-noi-dimenzio\/iv-evfolyam-1-4-szam\/tudomany\/h-kakucska-maria-hazassagkotes-az-orczy-csalad-koreben-a-megfelelo-hazastars-kivalasztasanak-fontossaga-es-peldai\/","title":{"rendered":"<em>H. Kakucska M\u00e1ria:<\/em> H\u00e1zass\u00e1gk\u00f6t\u00e9s az Orczy csal\u00e1d k\u00f6r\u00e9ben \u2013 A megfelel\u0151 h\u00e1zast\u00e1rs kiv\u00e1laszt\u00e1s\u00e1nak fontoss\u00e1ga \u00e9s p\u00e9ld\u00e1i"},"content":{"rendered":"<p class=\"has-text-align-right\"><a href=\"https:\/\/doi.org\/10.55344\/andfh.2401048\"><em>DOI: 10.55344\/andfh.2401048<\/em><\/a><\/p>\n\n\n\n<p><em><strong>Absztrakt<\/strong><\/em><\/p>\n\n\n\n<p><strong>Az \u0151seit az \u00c1rp\u00e1dok kor\u00e1ig visszavezet\u0151, dun\u00e1nt\u00fali k\u00f6z\u00e9pnemes Orczy csal\u00e1d f\u00e9rfitagjai a t\u00f6r\u00f6k h\u00e1bor\u00fakban val\u00f3 r\u00e9szv\u00e9tel mellett el\u0151ny\u00f6s h\u00e1zast\u00e1rs v\u00e1laszt\u00e1s\u00e1val igyekeztek nemzets\u00e9g\u00fck fenntart\u00e1s\u00e1ra \u00e9s a t\u00e1rsadalmi rangl\u00e9tr\u00e1n val\u00f3 feljebbjut\u00e1sra is. A r\u00e1termetts\u00e9g fontosabb volt, mint az el\u0151ny\u00f6s k\u00fcls\u0151, azt a \u201eszeg\u00e9nyleg\u00e9ny\u201d Orczy VIII. Istv\u00e1n (1669\u20131749) \u00e9s a Ny\u00e1ry csal\u00e1db\u00f3l sz\u00e1rmaz\u00f3 feles\u00e9ge, a b\u00fcszke \u00e9s sz\u00e9p Petrovay Zsuzsanna (1690\u20131737) p\u00e9ld\u00e1ja mutatja. J\u00f3 gazd\u00e1lkod\u00e1s\u00e1val, kell\u0151 megfontolts\u00e1g\u00e1val b\u00e1r\u00f3s\u00e1ga anyagi alapjait is megteremtette. K\u00f6lt\u0151, t\u00e1bornok, f\u0151isp\u00e1n, v\u00edz\u00fcgyi biztos L\u0151rinc fia (1718\u20131789) \u00e9s \u00f6r\u00f6k\u00f6sei m\u00e1r \u201ej\u00f3 partinak\u201d bizonyultak. A \u201egazdag\u201d Orczy I. Zsuzsanna megfelel\u0151 h\u00e1zast\u00e1rsa lehetett Amad\u00e9 L\u00e1szl\u00f3nak.<\/strong><\/p>\n\n\n\n<p><strong>Ny\u00e1ry III., illetve IV. Krisztina (1604\u20131641) p\u00e9ld\u00e1ja mutatja, \u00f6zvegyen maradva, milyen nagy sz\u00fcks\u00e9ge volt egy er\u0151s t\u00e1mogat\u00f3ra.<\/strong><\/p>\n\n\n\n<p><strong>Megl\u00e1thatjuk, mi mindenre sz\u00fcks\u00e9g volt, hogy \u00e9rzelemb\u0151l v\u00e1laszthasson valaki t\u00e1rsat mag\u00e1nak, Orczy II. Zsuzsanna \u00e9s Spl\u00e9nyi (I.) G\u00e1bor eset\u00e9ben mi mindent\u0151l lehetett eltekinteni.<\/strong><\/p>\n\n\n\n<p><strong>A csal\u00e1d p\u00e9ld\u00e1t ad embers\u00e9gr\u0151l, bel\u00e1t\u00e1sr\u00f3l, csal\u00e1d- \u00e9s nemzetszeretetr\u0151l, gyakorlatilag olyan tulajdons\u00e1gokr\u00f3l, melyek egy h\u00e1zass\u00e1g alapjai.<\/strong><\/p>\n\n\n\n<div style=\"height:100px\" aria-hidden=\"true\" class=\"wp-block-spacer\"><\/div>\n\n\n\n<div data-wp-interactive=\"core\/file\" class=\"wp-block-file\"><object data-wp-bind--hidden=\"!state.hasPdfPreview\"  class=\"wp-block-file__embed\" data=\"https:\/\/www.femmeharmone.com\/wp-content\/uploads\/2025\/08\/AND11_2024_Tavasz_Nyar_Osz_Tel_v1_H_Kakucska_Maria.pdf\" type=\"application\/pdf\" style=\"width:100%;height:1500px\" aria-label=\"Embed of AND11_2024_Tavasz_Nyar_Osz_Tel_v1_H_Kakucska_Maria.\"><\/object><a id=\"wp-block-file--media-dc445d66-b146-4a8e-aee9-ebcb20a1fee3\" href=\"https:\/\/www.femmeharmone.com\/wp-content\/uploads\/2025\/08\/AND11_2024_Tavasz_Nyar_Osz_Tel_v1_H_Kakucska_Maria.pdf\">AND11_2024_Tavasz_Nyar_Osz_Tel_v1_H_Kakucska_Maria<\/a><a href=\"https:\/\/www.femmeharmone.com\/wp-content\/uploads\/2025\/08\/AND11_2024_Tavasz_Nyar_Osz_Tel_v1_H_Kakucska_Maria.pdf\" class=\"wp-block-file__button wp-element-button\" download aria-describedby=\"wp-block-file--media-dc445d66-b146-4a8e-aee9-ebcb20a1fee3\">Let\u00f6lt\u00e9s<\/a><\/div>","protected":false},"excerpt":{"rendered":"<p>DOI: 10.55344\/andfh.2401048 Absztrakt Az \u0151seit az \u00c1rp\u00e1dok kor\u00e1ig visszavezet\u0151, dun\u00e1nt\u00fali k\u00f6z\u00e9pnemes Orczy csal\u00e1d f\u00e9rfitagjai a t\u00f6r\u00f6k h\u00e1bor\u00fakban val\u00f3 r\u00e9szv\u00e9tel mellett el\u0151ny\u00f6s h\u00e1zast\u00e1rs v\u00e1laszt\u00e1s\u00e1val igyekeztek nemzets\u00e9g\u00fck fenntart\u00e1s\u00e1ra \u00e9s a t\u00e1rsadalmi rangl\u00e9tr\u00e1n val\u00f3 feljebbjut\u00e1sra is. A r\u00e1termetts\u00e9g fontosabb volt, mint az el\u0151ny\u00f6s k\u00fcls\u0151, azt a \u201eszeg\u00e9nyleg\u00e9ny\u201d Orczy VIII. Istv\u00e1n (1669\u20131749) \u00e9s a Ny\u00e1ry csal\u00e1db\u00f3l sz\u00e1rmaz\u00f3 feles\u00e9ge, a&hellip;<\/p>","protected":false},"author":1,"featured_media":0,"parent":5930,"menu_order":5,"comment_status":"closed","ping_status":"closed","template":"page-article.php","meta":{"inline_featured_image":false,"footnotes":""},"categories":[],"tags":[],"_links":{"self":[{"href":"https:\/\/www.femmeharmone.com\/eng\/wp-json\/wp\/v2\/pages\/6015"}],"collection":[{"href":"https:\/\/www.femmeharmone.com\/eng\/wp-json\/wp\/v2\/pages"}],"about":[{"href":"https:\/\/www.femmeharmone.com\/eng\/wp-json\/wp\/v2\/types\/page"}],"author":[{"embeddable":true,"href":"https:\/\/www.femmeharmone.com\/eng\/wp-json\/wp\/v2\/users\/1"}],"replies":[{"embeddable":true,"href":"https:\/\/www.femmeharmone.com\/eng\/wp-json\/wp\/v2\/comments?post=6015"}],"version-history":[{"count":4,"href":"https:\/\/www.femmeharmone.com\/eng\/wp-json\/wp\/v2\/pages\/6015\/revisions"}],"predecessor-version":[{"id":6174,"href":"https:\/\/www.femmeharmone.com\/eng\/wp-json\/wp\/v2\/pages\/6015\/revisions\/6174"}],"up":[{"embeddable":true,"href":"https:\/\/www.femmeharmone.com\/eng\/wp-json\/wp\/v2\/pages\/5930"}],"wp:attachment":[{"href":"https:\/\/www.femmeharmone.com\/eng\/wp-json\/wp\/v2\/media?parent=6015"}],"wp:term":[{"taxonomy":"category","embeddable":true,"href":"https:\/\/www.femmeharmone.com\/eng\/wp-json\/wp\/v2\/categories?post=6015"},{"taxonomy":"post_tag","embeddable":true,"href":"https:\/\/www.femmeharmone.com\/eng\/wp-json\/wp\/v2\/tags?post=6015"}],"curies":[{"name":"wp","href":"https:\/\/api.w.org\/{rel}","templated":true}]}}