{"id":6019,"date":"2025-08-15T11:44:58","date_gmt":"2025-08-15T11:44:58","guid":{"rendered":"https:\/\/www.femmeharmone.com\/?page_id=6019"},"modified":"2025-08-15T14:10:11","modified_gmt":"2025-08-15T14:10:11","slug":"ogoljuk-berzsenyi-anett-csalad-es-mindennapok-a-bussui-gaal-kastelyban-doethingem-ludovica-emlekei-nyoman","status":"publish","type":"page","link":"https:\/\/www.femmeharmone.com\/eng\/a-noi-dimenzio\/iv-evfolyam-1-4-szam\/tudomany\/ogoljuk-berzsenyi-anett-csalad-es-mindennapok-a-bussui-gaal-kastelyban-doethingem-ludovica-emlekei-nyoman\/","title":{"rendered":"<em>Ogoljuk-Berzsenyi Anett:<\/em> Csal\u00e1d \u00e9s mindennapok a b\u00fcss\u00fci Ga\u00e1l-kast\u00e9lyban \u2013 Doethingem Ludovica eml\u00e9kei nyom\u00e1n"},"content":{"rendered":"<p class=\"has-text-align-right\"><a href=\"https:\/\/doi.org\/10.55344\/andfh.2401067\"><em>DOI: 10.55344\/andfh.2401067<\/em><\/a><\/p>\n\n\n\n<p><em><strong>Absztrakt<\/strong><\/em><\/p>\n\n\n\n<p><strong>A k\u00f6z\u00e9pkori eredet\u0171 gyulai Ga\u00e1l csal\u00e1d legtekint\u00e9lyesebb id\u0151szak\u00e1t a 18\u201319. sz\u00e1zadban \u00e9lte. Ga\u00e1l G\u00e1bor r\u00e9v\u00e9n vetette meg l\u00e1b\u00e1t Somogy v\u00e1rmegy\u00e9ben \u00e9s k\u00f6rny\u00e9k\u00e9n, a t\u00f6r\u00f6k al\u00f3l felszabadul\u00f3 ter\u00fcletek adotts\u00e1gait kihaszn\u00e1lva. Unok\u00e1ja, Ga\u00e1l Istv\u00e1n, a birodalmi arisztokr\u00e1cia soraib\u00f3l v\u00e1lasztott h\u00e1zast\u00e1rsat. \u00cdgy ker\u00fclt a n\u00e9metalf\u00f6ldi sz\u00e1rmaz\u00e1s\u00fa b\u00e1r\u00f3 Doethingem Ludovica a somogyi B\u00fcss\u00fcbe. Napl\u00f3ja, melyben 1830-t\u00f3l mintegy n\u00e9gy \u00e9ven \u00e1t feljegyezte mindennapjait \u00e9s a csal\u00e1dtagjaival kapcsolatos legfontosabb mozzanatokat, igaz\u00e1n k\u00fcl\u00f6nleges forr\u00e1sa a reformkori arisztokr\u00e1cia \u00e9s vagyonos k\u00f6znemess\u00e9g vizsg\u00e1lat\u00e1nak. Ludovica gondolatain kereszt\u00fcl megismerj\u00fck f\u00e9rj\u00e9vel val\u00f3 viszony\u00e1t, akivel ekkor m\u00e1r csaknem h\u00fasz \u00e9ve alkottak egy p\u00e1rt, \u00e9s a kih\u00edv\u00e1sokat, melyekkel egy sokgyermekes \u00e9desany\u00e1nak kellett szemben\u00e9znie.<\/strong><\/p>\n\n\n\n<div style=\"height:100px\" aria-hidden=\"true\" class=\"wp-block-spacer\"><\/div>\n\n\n\n<div data-wp-interactive=\"core\/file\" class=\"wp-block-file\"><object data-wp-bind--hidden=\"!state.hasPdfPreview\"  class=\"wp-block-file__embed\" data=\"https:\/\/www.femmeharmone.com\/wp-content\/uploads\/2025\/08\/AND11_2024_Tavasz_Nyar_Osz_Tel_v1_Ogoljuk_Berzsenyi_Anett.pdf\" type=\"application\/pdf\" style=\"width:100%;height:1500px\" aria-label=\"Embed of AND11_2024_Tavasz_Nyar_Osz_Tel_v1_Ogoljuk_Berzsenyi_Anett.\"><\/object><a id=\"wp-block-file--media-85a25dae-cc1b-456a-858e-27b2deb630f7\" href=\"https:\/\/www.femmeharmone.com\/wp-content\/uploads\/2025\/08\/AND11_2024_Tavasz_Nyar_Osz_Tel_v1_Ogoljuk_Berzsenyi_Anett.pdf\">AND11_2024_Tavasz_Nyar_Osz_Tel_v1_Ogoljuk_Berzsenyi_Anett<\/a><a href=\"https:\/\/www.femmeharmone.com\/wp-content\/uploads\/2025\/08\/AND11_2024_Tavasz_Nyar_Osz_Tel_v1_Ogoljuk_Berzsenyi_Anett.pdf\" class=\"wp-block-file__button wp-element-button\" download aria-describedby=\"wp-block-file--media-85a25dae-cc1b-456a-858e-27b2deb630f7\">Let\u00f6lt\u00e9s<\/a><\/div>","protected":false},"excerpt":{"rendered":"<p>DOI: 10.55344\/andfh.2401067 Absztrakt A k\u00f6z\u00e9pkori eredet\u0171 gyulai Ga\u00e1l csal\u00e1d legtekint\u00e9lyesebb id\u0151szak\u00e1t a 18\u201319. sz\u00e1zadban \u00e9lte. Ga\u00e1l G\u00e1bor r\u00e9v\u00e9n vetette meg l\u00e1b\u00e1t Somogy v\u00e1rmegy\u00e9ben \u00e9s k\u00f6rny\u00e9k\u00e9n, a t\u00f6r\u00f6k al\u00f3l felszabadul\u00f3 ter\u00fcletek adotts\u00e1gait kihaszn\u00e1lva. Unok\u00e1ja, Ga\u00e1l Istv\u00e1n, a birodalmi arisztokr\u00e1cia soraib\u00f3l v\u00e1lasztott h\u00e1zast\u00e1rsat. \u00cdgy ker\u00fclt a n\u00e9metalf\u00f6ldi sz\u00e1rmaz\u00e1s\u00fa b\u00e1r\u00f3 Doethingem Ludovica a somogyi B\u00fcss\u00fcbe. Napl\u00f3ja, melyben 1830-t\u00f3l&hellip;<\/p>","protected":false},"author":1,"featured_media":0,"parent":5930,"menu_order":7,"comment_status":"closed","ping_status":"closed","template":"page-article.php","meta":{"inline_featured_image":false,"footnotes":""},"categories":[],"tags":[],"_links":{"self":[{"href":"https:\/\/www.femmeharmone.com\/eng\/wp-json\/wp\/v2\/pages\/6019"}],"collection":[{"href":"https:\/\/www.femmeharmone.com\/eng\/wp-json\/wp\/v2\/pages"}],"about":[{"href":"https:\/\/www.femmeharmone.com\/eng\/wp-json\/wp\/v2\/types\/page"}],"author":[{"embeddable":true,"href":"https:\/\/www.femmeharmone.com\/eng\/wp-json\/wp\/v2\/users\/1"}],"replies":[{"embeddable":true,"href":"https:\/\/www.femmeharmone.com\/eng\/wp-json\/wp\/v2\/comments?post=6019"}],"version-history":[{"count":5,"href":"https:\/\/www.femmeharmone.com\/eng\/wp-json\/wp\/v2\/pages\/6019\/revisions"}],"predecessor-version":[{"id":6178,"href":"https:\/\/www.femmeharmone.com\/eng\/wp-json\/wp\/v2\/pages\/6019\/revisions\/6178"}],"up":[{"embeddable":true,"href":"https:\/\/www.femmeharmone.com\/eng\/wp-json\/wp\/v2\/pages\/5930"}],"wp:attachment":[{"href":"https:\/\/www.femmeharmone.com\/eng\/wp-json\/wp\/v2\/media?parent=6019"}],"wp:term":[{"taxonomy":"category","embeddable":true,"href":"https:\/\/www.femmeharmone.com\/eng\/wp-json\/wp\/v2\/categories?post=6019"},{"taxonomy":"post_tag","embeddable":true,"href":"https:\/\/www.femmeharmone.com\/eng\/wp-json\/wp\/v2\/tags?post=6019"}],"curies":[{"name":"wp","href":"https:\/\/api.w.org\/{rel}","templated":true}]}}