{"id":6023,"date":"2025-08-15T11:45:51","date_gmt":"2025-08-15T11:45:51","guid":{"rendered":"https:\/\/www.femmeharmone.com\/?page_id=6023"},"modified":"2025-08-15T14:10:28","modified_gmt":"2025-08-15T14:10:28","slug":"orsi-julianna-taji-kozossegek-vitalitasanak-jelzoi-az-endogam-es-exogam-hazassagok","status":"publish","type":"page","link":"https:\/\/www.femmeharmone.com\/eng\/a-noi-dimenzio\/iv-evfolyam-1-4-szam\/tudomany\/orsi-julianna-taji-kozossegek-vitalitasanak-jelzoi-az-endogam-es-exogam-hazassagok\/","title":{"rendered":"<em>\u00d6rsi Julianna:<\/em> T\u00e1ji k\u00f6z\u00f6ss\u00e9gek vitalit\u00e1s\u00e1nak jelz\u0151i az endog\u00e1m \u00e9s exog\u00e1m h\u00e1zass\u00e1gok"},"content":{"rendered":"<p class=\"has-text-align-right\"><a href=\"https:\/\/doi.org\/10.55344\/andfh.2401090\"><em>DOI: 10.55344\/andfh.2401090<\/em><\/a><\/p>\n\n\n\n<p><em><strong>Absztrakt<\/strong><\/em><\/p>\n\n\n\n<p><strong>A t\u00f6rt\u00e9nelem folyam\u00e1n a magyar n\u00e9p m\u00e1s n\u00e9pcsoportokat is befogadott, vagy vel\u00fck szomsz\u00e9ds\u00e1gban \u00e9lt. Az asszimil\u00e1l\u00f3d\u00e1st jelzik a k\u00f6z\u00f6s h\u00e1zass\u00e1gok. A k\u00fcl\u00f6nb\u00f6z\u0151 jog\u00e1ll\u00e1s\u00fa k\u00f6z\u00f6ss\u00e9gek egys\u00e9g\u00e9nek meg\u0151rz\u00e9s\u00e9t mindenkor a t\u00f6rv\u00e9nyek biztos\u00edtott\u00e1k. Az emberek mindennapi \u00e9let\u00e9nek keretei megszab\u00e1s\u00e1r\u00f3l az \u00e1llam mellett az egyh\u00e1zak is gondoskodtak. Mindezek befoly\u00e1solt\u00e1k a t\u00f6rt\u00e9neti-n\u00e9prajzi csoportok kialakul\u00e1s\u00e1t \u00e9s m\u0171k\u00f6d\u00e9s\u00e9t. Az \u00e9vsz\u00e1zadok folyam\u00e1n ezen k\u00f6z\u00f6ss\u00e9gek ereje \u2013 k\u00fcls\u0151 \u00e9s bels\u0151 hat\u00e1sok k\u00f6vetkezt\u00e9ben \u2013 hol er\u0151s\u00f6d\u00f6tt, hol gyeng\u00fclt. \u00cdgy n\u00e9pess\u00e9g\u00fck egys\u00e9ge is bomlott, m\u00e1skor a saj\u00e1tos t\u00e1rsadalmi helyzet\u00fck meger\u0151s\u00edt\u00e9sre, a kultur\u00e1lis, t\u00e1rsadalmi egys\u00e9g\u00fck meg\u0151rz\u00e9s\u00e9re bez\u00e1rk\u00f3z\u00e1si, elk\u00fcl\u00f6n\u00fcl\u00e9si folyamat er\u0151s\u00f6d\u00f6tt fel. P\u00e9ld\u00e1ul el\u0151bb a tat\u00e1r, majd k\u00e9s\u0151bb t\u00f6r\u00f6k elleni harc a k\u00f6z\u00e9pkori falvak nagy r\u00e9sz\u00e9t az Alf\u00f6ld\u00f6n elpuszt\u00edtotta. A n\u00e9pess\u00e9g p\u00f3tl\u00e1s\u00e1ra a betelep\u00edt\u00e9s \u00e9s a betelep\u00fcl\u00e9s nyitottabb\u00e1 \u00e9s sz\u00ednesebb\u00e9 tette a vid\u00e9k n\u00e9pess\u00e9g\u00e9t.<\/strong><\/p>\n\n\n\n<p><strong>A k\u00f6z\u00f6ss\u00e9gek vitalit\u00e1sa kifejez\u0151dik a h\u00e1zass\u00e1gi kapcsolatokban, illetve a felekezeti soksz\u00edn\u0171s\u00e9gben is. A 18. sz\u00e1zadi viszonylagos nyitotts\u00e1g ut\u00e1n a 19. sz\u00e1zadban egy bez\u00e1rk\u00f3z\u00e1si folyamat zajlott le, amit a 20. sz\u00e1zadban ellenkez\u0151 ir\u00e1ny k\u00f6vetett. A k\u00fcls\u0151 hat\u00e1sok feler\u0151s\u00f6d\u00e9s\u00e9t a 19. sz\u00e1zadi felvil\u00e1gosod\u00e1s, majd a 19. sz\u00e1zadi nemzet-egys\u00e9ges\u00fcl\u00e9s mutat. A 20. sz\u00e1zadban pedig az \u00faj eszm\u00e9k megjelen\u00e9se, terjed\u00e9se, a vil\u00e1gh\u00e1bor\u00fak \u00e9s a rendszerv\u00e1lt\u00e1sok ugyancsak befoly\u00e1solt\u00e1k az emberek szeml\u00e9let\u00e9t, magatart\u00e1s\u00e1t, \u00edgy a szok\u00e1sokat is. A t\u00f6rt\u00e9neti-n\u00e9prajzi, nemzetis\u00e9gi csoportok gyeng\u00fcltek, amihez a k\u00f6zigazgat\u00e1si beoszt\u00e1sok is hozz\u00e1j\u00e1rultak. a felekezetileg vegyes h\u00e1zass\u00e1gok, s\u0151t az ateista szeml\u00e9let elismertet\u00e9se is teret nyert. Ehhez hozz\u00e1j\u00e1rult az \u00e1llami h\u00e1zass\u00e1gk\u00f6t\u00e9s elismer\u00e9se, az egyh\u00e1z jelent\u0151s\u00e9g\u00e9nek cs\u00f6kken\u00e9se.<\/strong><\/p>\n\n\n\n<p><strong>Nem hagyhatjuk figyelmen k\u00edv\u00fcl a 20\u201321. sz\u00e1zad fordul\u00f3j\u00e1n egyre er\u0151s\u00f6d\u0151 migr\u00e1ci\u00f3t \u00e9s a globaliz\u00e1l\u00f3d\u00e1st. Ennek t\u00e1rsadalmi lenyomata a h\u00e1zass\u00e1gi kapcsolatokban tetten \u00e9rhet\u0151.<\/strong><\/p>\n\n\n\n<div style=\"height:100px\" aria-hidden=\"true\" class=\"wp-block-spacer\"><\/div>\n\n\n\n<div data-wp-interactive=\"core\/file\" class=\"wp-block-file\"><object data-wp-bind--hidden=\"!state.hasPdfPreview\"  class=\"wp-block-file__embed\" data=\"https:\/\/www.femmeharmone.com\/wp-content\/uploads\/2025\/08\/AND11_2024_Tavasz_Nyar_Osz_Tel_v1_Orsi-_Julianna.pdf\" type=\"application\/pdf\" style=\"width:100%;height:1500px\" aria-label=\"Embed of AND11_2024_Tavasz_Nyar_Osz_Tel_v1_Orsi-_Julianna.\"><\/object><a id=\"wp-block-file--media-41cdc8d7-2bd8-4140-b468-be5699bd03ca\" href=\"https:\/\/www.femmeharmone.com\/wp-content\/uploads\/2025\/08\/AND11_2024_Tavasz_Nyar_Osz_Tel_v1_Orsi-_Julianna.pdf\">AND11_2024_Tavasz_Nyar_Osz_Tel_v1_Orsi-_Julianna<\/a><a href=\"https:\/\/www.femmeharmone.com\/wp-content\/uploads\/2025\/08\/AND11_2024_Tavasz_Nyar_Osz_Tel_v1_Orsi-_Julianna.pdf\" class=\"wp-block-file__button wp-element-button\" download aria-describedby=\"wp-block-file--media-41cdc8d7-2bd8-4140-b468-be5699bd03ca\">Let\u00f6lt\u00e9s<\/a><\/div>","protected":false},"excerpt":{"rendered":"<p>DOI: 10.55344\/andfh.2401090 Absztrakt A t\u00f6rt\u00e9nelem folyam\u00e1n a magyar n\u00e9p m\u00e1s n\u00e9pcsoportokat is befogadott, vagy vel\u00fck szomsz\u00e9ds\u00e1gban \u00e9lt. Az asszimil\u00e1l\u00f3d\u00e1st jelzik a k\u00f6z\u00f6s h\u00e1zass\u00e1gok. A k\u00fcl\u00f6nb\u00f6z\u0151 jog\u00e1ll\u00e1s\u00fa k\u00f6z\u00f6ss\u00e9gek egys\u00e9g\u00e9nek meg\u0151rz\u00e9s\u00e9t mindenkor a t\u00f6rv\u00e9nyek biztos\u00edtott\u00e1k. Az emberek mindennapi \u00e9let\u00e9nek keretei megszab\u00e1s\u00e1r\u00f3l az \u00e1llam mellett az egyh\u00e1zak is gondoskodtak. Mindezek befoly\u00e1solt\u00e1k a t\u00f6rt\u00e9neti-n\u00e9prajzi csoportok kialakul\u00e1s\u00e1t \u00e9s m\u0171k\u00f6d\u00e9s\u00e9t. Az&hellip;<\/p>","protected":false},"author":1,"featured_media":0,"parent":5930,"menu_order":9,"comment_status":"closed","ping_status":"closed","template":"page-article.php","meta":{"inline_featured_image":false,"footnotes":""},"categories":[],"tags":[],"_links":{"self":[{"href":"https:\/\/www.femmeharmone.com\/eng\/wp-json\/wp\/v2\/pages\/6023"}],"collection":[{"href":"https:\/\/www.femmeharmone.com\/eng\/wp-json\/wp\/v2\/pages"}],"about":[{"href":"https:\/\/www.femmeharmone.com\/eng\/wp-json\/wp\/v2\/types\/page"}],"author":[{"embeddable":true,"href":"https:\/\/www.femmeharmone.com\/eng\/wp-json\/wp\/v2\/users\/1"}],"replies":[{"embeddable":true,"href":"https:\/\/www.femmeharmone.com\/eng\/wp-json\/wp\/v2\/comments?post=6023"}],"version-history":[{"count":3,"href":"https:\/\/www.femmeharmone.com\/eng\/wp-json\/wp\/v2\/pages\/6023\/revisions"}],"predecessor-version":[{"id":6180,"href":"https:\/\/www.femmeharmone.com\/eng\/wp-json\/wp\/v2\/pages\/6023\/revisions\/6180"}],"up":[{"embeddable":true,"href":"https:\/\/www.femmeharmone.com\/eng\/wp-json\/wp\/v2\/pages\/5930"}],"wp:attachment":[{"href":"https:\/\/www.femmeharmone.com\/eng\/wp-json\/wp\/v2\/media?parent=6023"}],"wp:term":[{"taxonomy":"category","embeddable":true,"href":"https:\/\/www.femmeharmone.com\/eng\/wp-json\/wp\/v2\/categories?post=6023"},{"taxonomy":"post_tag","embeddable":true,"href":"https:\/\/www.femmeharmone.com\/eng\/wp-json\/wp\/v2\/tags?post=6023"}],"curies":[{"name":"wp","href":"https:\/\/api.w.org\/{rel}","templated":true}]}}