{"id":6025,"date":"2025-08-15T11:46:07","date_gmt":"2025-08-15T11:46:07","guid":{"rendered":"https:\/\/www.femmeharmone.com\/?page_id=6025"},"modified":"2025-08-15T14:10:39","modified_gmt":"2025-08-15T14:10:39","slug":"peterbencze-aniko-a-moldvai-magyar-menyekezo-szimbolizacioja","status":"publish","type":"page","link":"https:\/\/www.femmeharmone.com\/eng\/a-noi-dimenzio\/iv-evfolyam-1-4-szam\/tudomany\/peterbencze-aniko-a-moldvai-magyar-menyekezo-szimbolizacioja\/","title":{"rendered":"<em>P\u00e9terbencze Anik\u00f3:<\/em> A moldvai magyar menyekez\u0151 szimboliz\u00e1ci\u00f3ja"},"content":{"rendered":"<p class=\"has-text-align-right\"><a href=\"https:\/\/doi.org\/10.55344\/andfh.2401102\"><em>DOI: 10.55344\/andfh.2401102<\/em><\/a><\/p>\n\n\n\n<p><em><strong>Absztrakt<\/strong><\/em><\/p>\n\n\n\n<p><strong>A moldvai magyarok lakodalmi r\u00edtusainak vizsg\u00e1latakor, h\u00e1rom \u00e9vtizedes gy\u0171jt\u0151munka eredm\u00e9nyek\u00e9nt siker\u00fclt r\u00e1tal\u00e1lnom egy kor\u00e1bban r\u00e9szleteiben alig ismert, komplex szok\u00e1srendszerre, mely a <em>menyekez\u0151<\/em>ben jut \u00e9rv\u00e9nyre.<\/strong><\/p>\n\n\n\n<p><strong>A 30-40 \u00e9vvel kor\u00e1bbi lakodalmak h\u00e1rom napig tartottak Moldv\u00e1ban. Az els\u0151 napon a <em>f\u00fclke<\/em>, a menyasszony-b\u00facs\u00faztat\u00f3, azaz a <em>nyir\u00e1sza<\/em> b\u00facs\u00faztat\u00f3, illetve a v\u0151leg\u00e9ny, a <em>nyirel<\/em> b\u00facs\u00faztat\u00f3 zajlott. M\u00e1snap t\u00f6rt\u00e9nt a templomi szertart\u00e1s, majd ezt k\u00f6vet\u0151en a le\u00e1nyos h\u00e1zn\u00e1l \u00f6sszegy\u0171ltek a nyir\u00e1sza le\u00e1nypajt\u00e1sai \u00e9s amikor meg\u00e9rkeztek a v\u0151leg\u00e9ny k\u00fcld\u00f6ttei, azaz a v\u0151f\u00e9ly \u00e9s a <em>hivogat\u00f3k<\/em>, akkor a le\u00e1nyok k\u00f6zrefogt\u00e1k a nyir\u00e1sz\u00e1t, \u00e9s hangos jajvesz\u00e9kel\u00e9ssel v\u00e9delmezt\u00e9k. Majd k\u00f6vetkezett a nyir\u00e1sza <em>burkoz\u00e1sa<\/em>, ami nem azonos az \u00fagynevezett <em>felkerp\u00e1z\u00e1ssal<\/em>, vagyis a le\u00e1nyb\u00f3l asszonny\u00e1 avat\u00e1ssal. A menyasszony burkoz\u00e1sa egy eg\u00e9szen k\u00fcl\u00f6nleges r\u00edtusegy\u00fcttes, melyet a szakirodalom csak \u00e9rintett kor\u00e1bban. A tanulm\u00e1nyban err\u0151l a k\u00fcl\u00f6nleges, \u00e9s Eur\u00f3p\u00e1ban is egyed\u00fcl\u00e1ll\u00f3 szok\u00e1srendszerr\u0151l k\u00edv\u00e1nok r\u00e9szletes adatokat k\u00f6zreadni, illetve a r\u00edtusok szimbolikus jelent\u00e9s\u00e9t is igyekszem \u00e9rtelmezni.<\/strong><\/p>\n\n\n\n<div style=\"height:100px\" aria-hidden=\"true\" class=\"wp-block-spacer\"><\/div>\n\n\n\n<div data-wp-interactive=\"core\/file\" class=\"wp-block-file\"><object data-wp-bind--hidden=\"!state.hasPdfPreview\"  class=\"wp-block-file__embed\" data=\"https:\/\/www.femmeharmone.com\/wp-content\/uploads\/2025\/08\/AND11_2024_Tavasz_Nyar_Osz_Tel_v1_Peterbencze_Aniko.pdf\" type=\"application\/pdf\" style=\"width:100%;height:1500px\" aria-label=\"Embed of AND11_2024_Tavasz_Nyar_Osz_Tel_v1_Peterbencze_Aniko.\"><\/object><a id=\"wp-block-file--media-f032f287-39ed-43c2-a946-a1385ea487f3\" href=\"https:\/\/www.femmeharmone.com\/wp-content\/uploads\/2025\/08\/AND11_2024_Tavasz_Nyar_Osz_Tel_v1_Peterbencze_Aniko.pdf\">AND11_2024_Tavasz_Nyar_Osz_Tel_v1_Peterbencze_Aniko<\/a><a href=\"https:\/\/www.femmeharmone.com\/wp-content\/uploads\/2025\/08\/AND11_2024_Tavasz_Nyar_Osz_Tel_v1_Peterbencze_Aniko.pdf\" class=\"wp-block-file__button wp-element-button\" download aria-describedby=\"wp-block-file--media-f032f287-39ed-43c2-a946-a1385ea487f3\">Let\u00f6lt\u00e9s<\/a><\/div>","protected":false},"excerpt":{"rendered":"<p>DOI: 10.55344\/andfh.2401102 Absztrakt A moldvai magyarok lakodalmi r\u00edtusainak vizsg\u00e1latakor, h\u00e1rom \u00e9vtizedes gy\u0171jt\u0151munka eredm\u00e9nyek\u00e9nt siker\u00fclt r\u00e1tal\u00e1lnom egy kor\u00e1bban r\u00e9szleteiben alig ismert, komplex szok\u00e1srendszerre, mely a menyekez\u0151ben jut \u00e9rv\u00e9nyre. A 30-40 \u00e9vvel kor\u00e1bbi lakodalmak h\u00e1rom napig tartottak Moldv\u00e1ban. Az els\u0151 napon a f\u00fclke, a menyasszony-b\u00facs\u00faztat\u00f3, azaz a nyir\u00e1sza b\u00facs\u00faztat\u00f3, illetve a v\u0151leg\u00e9ny, a nyirel b\u00facs\u00faztat\u00f3 zajlott. M\u00e1snap&hellip;<\/p>","protected":false},"author":1,"featured_media":0,"parent":5930,"menu_order":10,"comment_status":"closed","ping_status":"closed","template":"page-article.php","meta":{"inline_featured_image":false,"footnotes":""},"categories":[],"tags":[],"_links":{"self":[{"href":"https:\/\/www.femmeharmone.com\/eng\/wp-json\/wp\/v2\/pages\/6025"}],"collection":[{"href":"https:\/\/www.femmeharmone.com\/eng\/wp-json\/wp\/v2\/pages"}],"about":[{"href":"https:\/\/www.femmeharmone.com\/eng\/wp-json\/wp\/v2\/types\/page"}],"author":[{"embeddable":true,"href":"https:\/\/www.femmeharmone.com\/eng\/wp-json\/wp\/v2\/users\/1"}],"replies":[{"embeddable":true,"href":"https:\/\/www.femmeharmone.com\/eng\/wp-json\/wp\/v2\/comments?post=6025"}],"version-history":[{"count":4,"href":"https:\/\/www.femmeharmone.com\/eng\/wp-json\/wp\/v2\/pages\/6025\/revisions"}],"predecessor-version":[{"id":6181,"href":"https:\/\/www.femmeharmone.com\/eng\/wp-json\/wp\/v2\/pages\/6025\/revisions\/6181"}],"up":[{"embeddable":true,"href":"https:\/\/www.femmeharmone.com\/eng\/wp-json\/wp\/v2\/pages\/5930"}],"wp:attachment":[{"href":"https:\/\/www.femmeharmone.com\/eng\/wp-json\/wp\/v2\/media?parent=6025"}],"wp:term":[{"taxonomy":"category","embeddable":true,"href":"https:\/\/www.femmeharmone.com\/eng\/wp-json\/wp\/v2\/categories?post=6025"},{"taxonomy":"post_tag","embeddable":true,"href":"https:\/\/www.femmeharmone.com\/eng\/wp-json\/wp\/v2\/tags?post=6025"}],"curies":[{"name":"wp","href":"https:\/\/api.w.org\/{rel}","templated":true}]}}