{"id":6027,"date":"2025-08-15T11:46:28","date_gmt":"2025-08-15T11:46:28","guid":{"rendered":"https:\/\/www.femmeharmone.com\/?page_id=6027"},"modified":"2025-08-15T14:10:49","modified_gmt":"2025-08-15T14:10:49","slug":"batho-edit-a-lakodalmi-tancok-valtozasa-a-20%e2%80%9221-szazadban","status":"publish","type":"page","link":"https:\/\/www.femmeharmone.com\/eng\/a-noi-dimenzio\/iv-evfolyam-1-4-szam\/tudomany\/batho-edit-a-lakodalmi-tancok-valtozasa-a-20%e2%80%9221-szazadban\/","title":{"rendered":"<em>Bath\u00f3 Edit:<\/em> A lakodalmi t\u00e1ncok v\u00e1ltoz\u00e1sa a 20\u201221. sz\u00e1zadban"},"content":{"rendered":"<p class=\"has-text-align-right\"><em><a href=\"https:\/\/doi.org\/10.55344\/andfh.2401117\">DOI: 10.55344\/andfh.2401117<\/a><\/em><\/p>\n\n\n\n<p><em><strong>Absztrakt<\/strong><\/em><\/p>\n\n\n\n<p><strong>Az ember\u00e9let fordul\u00f3i k\u00f6z\u00fcl a h\u00e1zass\u00e1gk\u00f6t\u00e9shez is sz\u00e1mos szok\u00e1s f\u0171z\u0151dik, amelyek a paraszti k\u00f6z\u00f6ss\u00e9gekben eg\u00e9szen a 20. sz\u00e1zad k\u00f6zep\u00e9ig \u00e9l\u0151k voltak. K\u00fcl\u00f6n\u00f6sen a lakodalom b\u0151velkedik r\u00edtusokban, amelyek legt\u00f6bbje a fiatal p\u00e1r elk\u00f6vetkez\u0151 \u00e9let\u00e9nek gy\u00f6keres v\u00e1ltoz\u00e1s\u00e1ra utal (a l\u00e1nyb\u00f3l asszony, a leg\u00e9nyb\u0151l f\u00e9rj lesz, a menyecske any\u00f3s\u00e1nak h\u00e1z\u00e1hoz ker\u00fcl stb.).<\/strong><\/p>\n\n\n\n<p><strong>A 20. sz\u00e1zad k\u00f6zep\u00e9t\u0151l lezajlott t\u00e1rsadalmi, gazdas\u00e1gi \u00e9s kultur\u00e1lis v\u00e1ltoz\u00e1sok jelent\u0151sen megv\u00e1ltoztatt\u00e1k nemcsak a p\u00e1rv\u00e1laszt\u00e1s szok\u00e1s\u00e1t, de az esk\u00fcv\u0151i \u00e9s lakodalmi szok\u00e1sokat is. K\u00fcl\u00f6n\u00f6sen a 21. sz\u00e1zad \u00faj divathull\u00e1mai voltak nagy befoly\u00e1ssal az esk\u00fcv\u0151i \u00e9s lakodalmi cerem\u00f3ni\u00e1kra. M\u00edg j\u00f3 n\u00e9h\u00e1ny r\u00e9gi szok\u00e1s elmaradt a gyakorlatb\u00f3l, addig sz\u00e1mos nyugati, f\u0151k\u00e9nt amerikai esk\u00fcv\u0151i szok\u00e1s ker\u00fclt be a szertart\u00e1sok k\u00f6z\u00e9, de j\u00f3 n\u00e9h\u00e1ny ma sz\u00fcletett \u00faj szok\u00e1selemmel is gyarapodott a 21. sz\u00e1zadi esk\u00fcv\u0151 \u00e9s lakodalom egy\u00e9bk\u00e9nt gazdag cerem\u00f3nia t\u00e1ra.<\/strong><\/p>\n\n\n\n<p><strong>A t\u00e1nc sem hi\u00e1nyzik a mai lakodalomb\u00f3l, de sz\u00e1mos ritu\u00e1lis t\u00e1ncot m\u00e1r nem gyakorolnak, s\u0151t a megl\u00e9v\u0151k is elvesz\u00edtett\u00e9k kor\u00e1bbi jelent\u00e9startalmukat. A mai lakodalmi zene \u00e9s a t\u00e1nc term\u00e9szetszer\u0171en korunk sz\u00f3rakoz\u00e1si ig\u00e9nyeihez igazodik, \u00e9s ennek pr\u00f3b\u00e1l megfelelni. Kiv\u00e9telt k\u00e9peznek azok a lakodalmak, ahol a menyasszony \u00e9s a v\u0151leg\u00e9ny t\u00e1rsas- vagy n\u00e9pt\u00e1ncos, az ilyen helyeken m\u00e9g ma is megid\u00e9zik a r\u00e9gi lakodalmak hangulat\u00e1t.<\/strong><\/p>\n\n\n\n<div style=\"height:100px\" aria-hidden=\"true\" class=\"wp-block-spacer\"><\/div>\n\n\n\n<div data-wp-interactive=\"core\/file\" class=\"wp-block-file\"><object data-wp-bind--hidden=\"!state.hasPdfPreview\"  class=\"wp-block-file__embed\" data=\"https:\/\/www.femmeharmone.com\/wp-content\/uploads\/2025\/08\/AND11_2024_Tavasz_Nyar_Osz_Tel_v1_Batho_Edit.pdf\" type=\"application\/pdf\" style=\"width:100%;height:1500px\" aria-label=\"Embed of AND11_2024_Tavasz_Nyar_Osz_Tel_v1_Batho_Edit.\"><\/object><a id=\"wp-block-file--media-3cd3e09d-fc9e-40e3-b7c5-f1308f93f935\" href=\"https:\/\/www.femmeharmone.com\/wp-content\/uploads\/2025\/08\/AND11_2024_Tavasz_Nyar_Osz_Tel_v1_Batho_Edit.pdf\">AND11_2024_Tavasz_Nyar_Osz_Tel_v1_Batho_Edit<\/a><a href=\"https:\/\/www.femmeharmone.com\/wp-content\/uploads\/2025\/08\/AND11_2024_Tavasz_Nyar_Osz_Tel_v1_Batho_Edit.pdf\" class=\"wp-block-file__button wp-element-button\" download aria-describedby=\"wp-block-file--media-3cd3e09d-fc9e-40e3-b7c5-f1308f93f935\">Let\u00f6lt\u00e9s<\/a><\/div>","protected":false},"excerpt":{"rendered":"<p>DOI: 10.55344\/andfh.2401117 Absztrakt Az ember\u00e9let fordul\u00f3i k\u00f6z\u00fcl a h\u00e1zass\u00e1gk\u00f6t\u00e9shez is sz\u00e1mos szok\u00e1s f\u0171z\u0151dik, amelyek a paraszti k\u00f6z\u00f6ss\u00e9gekben eg\u00e9szen a 20. sz\u00e1zad k\u00f6zep\u00e9ig \u00e9l\u0151k voltak. K\u00fcl\u00f6n\u00f6sen a lakodalom b\u0151velkedik r\u00edtusokban, amelyek legt\u00f6bbje a fiatal p\u00e1r elk\u00f6vetkez\u0151 \u00e9let\u00e9nek gy\u00f6keres v\u00e1ltoz\u00e1s\u00e1ra utal (a l\u00e1nyb\u00f3l asszony, a leg\u00e9nyb\u0151l f\u00e9rj lesz, a menyecske any\u00f3s\u00e1nak h\u00e1z\u00e1hoz ker\u00fcl stb.). A 20. sz\u00e1zad&hellip;<\/p>","protected":false},"author":1,"featured_media":0,"parent":5930,"menu_order":11,"comment_status":"closed","ping_status":"closed","template":"page-article.php","meta":{"inline_featured_image":false,"footnotes":""},"categories":[],"tags":[],"_links":{"self":[{"href":"https:\/\/www.femmeharmone.com\/eng\/wp-json\/wp\/v2\/pages\/6027"}],"collection":[{"href":"https:\/\/www.femmeharmone.com\/eng\/wp-json\/wp\/v2\/pages"}],"about":[{"href":"https:\/\/www.femmeharmone.com\/eng\/wp-json\/wp\/v2\/types\/page"}],"author":[{"embeddable":true,"href":"https:\/\/www.femmeharmone.com\/eng\/wp-json\/wp\/v2\/users\/1"}],"replies":[{"embeddable":true,"href":"https:\/\/www.femmeharmone.com\/eng\/wp-json\/wp\/v2\/comments?post=6027"}],"version-history":[{"count":3,"href":"https:\/\/www.femmeharmone.com\/eng\/wp-json\/wp\/v2\/pages\/6027\/revisions"}],"predecessor-version":[{"id":6182,"href":"https:\/\/www.femmeharmone.com\/eng\/wp-json\/wp\/v2\/pages\/6027\/revisions\/6182"}],"up":[{"embeddable":true,"href":"https:\/\/www.femmeharmone.com\/eng\/wp-json\/wp\/v2\/pages\/5930"}],"wp:attachment":[{"href":"https:\/\/www.femmeharmone.com\/eng\/wp-json\/wp\/v2\/media?parent=6027"}],"wp:term":[{"taxonomy":"category","embeddable":true,"href":"https:\/\/www.femmeharmone.com\/eng\/wp-json\/wp\/v2\/categories?post=6027"},{"taxonomy":"post_tag","embeddable":true,"href":"https:\/\/www.femmeharmone.com\/eng\/wp-json\/wp\/v2\/tags?post=6027"}],"curies":[{"name":"wp","href":"https:\/\/api.w.org\/{rel}","templated":true}]}}