{"id":6203,"date":"2025-08-28T13:23:53","date_gmt":"2025-08-28T13:23:53","guid":{"rendered":"https:\/\/www.femmeharmone.com\/?page_id=6203"},"modified":"2025-08-28T13:28:49","modified_gmt":"2025-08-28T13:28:49","slug":"impresszum-2","status":"publish","type":"page","link":"https:\/\/www.femmeharmone.com\/eng\/a-noi-dimenzio\/iii-evfolyam-4-szam\/impresszum\/impresszum-2\/","title":{"rendered":"Impresszum"},"content":{"rendered":"<p style=\"text-align: center;\"><em>publication of the online magazine, The female dimension \u2013 Femme Harmone<\/em><\/p>\n<p style=\"text-align: center;\">III. \u00e9vfolyam 4. sz\u00e1m, 2023\/T\u00e9l<\/p>\n<p style=\"text-align: center;\"><strong>ISSN 2786-3905<\/strong><\/p>\n<p style=\"text-align: center;\"><strong>\u00a0<\/strong><\/p>\n<p style=\"text-align: center;\"><strong>F\u0151szerkeszt\u0151 \u00e9s felel\u0151s kiad\u00f3:<\/strong><\/p>\n<p style=\"text-align: center;\"><em>Dr. Gy\u00f6ngyi Major<\/em><\/p>\n<p style=\"text-align: center;\"><strong>A Szerkeszt\u0151bizotts\u00e1g eln\u00f6ke:<\/strong><\/p>\n<p style=\"text-align: center;\"><em>Dr. Zsuzsanna J. \u00dajv\u00e1ry<\/em><\/p>\n<p style=\"text-align: center;\"><strong>Olvas\u00f3szerkeszt\u0151:<\/strong> <em>Braun L\u00e1szl\u00f3<\/em><\/p>\n<p style=\"text-align: center;\"><strong>Korrektor:<\/strong> <em>Varga Vir\u00e1g<\/em><\/p>\n<p style=\"text-align: center;\"><strong>Szerkeszt\u0151bizotts\u00e1g:<\/strong><\/p>\n<p style=\"text-align: center;\"><em>Dr. Antalfai M\u00e1rta<\/em>, klinikai szakpszichol\u00f3gus, m\u0171v\u00e9szetpszichoterapeuta<\/p>\n<p style=\"text-align: center;\"><em>Birinyi J\u00f3zsef<\/em>, UNESCO FIAMP-d\u00edjas filmrendez\u0151, n\u00e9pzenekutat\u00f3<\/p>\n<p style=\"text-align: center;\"><em>Dr. Domokos Tam\u00e1s<\/em>, szociol\u00f3gus<\/p>\n<p style=\"text-align: center;\"><em>Dr. Garaczi Imre<\/em>, filoz\u00f3fus<\/p>\n<p style=\"text-align: center;\"><em>Dr. L\u00e1z\u00e1rn\u00e9 Balog Edit, <\/em>Ferenczy No\u00e9mi-d\u00edjas k\u00e1rpitm\u0171v\u00e9sz<\/p>\n<p style=\"text-align: center;\"><em>Dr. Gy\u00f6ngyi Major<\/em>, k\u00f6zgazd\u00e1sz<\/p>\n<p style=\"text-align: center;\"><em>Dr. M\u00e1rfai Moln\u00e1r L\u00e1szl\u00f3<\/em>, m\u0171v\u00e9szetfiloz\u00f3fus, kritikus<\/p>\n<p style=\"text-align: center;\"><em>Gr\u00f3f N\u00e1dasdy Borb\u00e1la<\/em>, \u00edr\u00f3n\u0151, kor\u00e1bban balettmester, sz\u00edn\u00e9szn\u0151<\/p>\n<p style=\"text-align: center;\"><em>Dr. Prokopp M\u00e1ria,<\/em> Sz\u00e9chenyi-d\u00edjas m\u0171v\u00e9szett\u00f6rt\u00e9n\u00e9sz<\/p>\n<p style=\"text-align: center;\"><em>Dr. Szab\u00f3 G\u00e9za,<\/em> r\u00e9g\u00e9sz<\/p>\n<p style=\"text-align: center;\"><em>Szir\u00e1ky G\u00e1bor,<\/em> balettmester, koreogr\u00e1fus, politol\u00f3gus<\/p>\n<p style=\"text-align: center;\"><em>Dr. J. \u00dajv\u00e1ry Zsuzsanna,<\/em> t\u00f6rt\u00e9n\u00e9sz<\/p>\n<p style=\"text-align: center;\">\n<p style=\"text-align: center;\"><strong>C\u00edmlapon<em>:<\/em><\/strong><em> Hutton L\u00e1szl\u00f3<\/em> fot\u00f3ja a T\u00e9l-sorozatb\u00f3l<\/p>\n<p style=\"text-align: center;\"><strong>Webdesign:<\/strong> <em>Juh\u00e1sz M\u00e1rton<\/em><\/p>\n<p style=\"text-align: center;\"><strong>Webszerkeszt\u0151:<\/strong> <em>G\u00e1bor Ale<\/em><\/p>\n<p style=\"text-align: center;\"><strong>Szakmai partnerek<\/strong><\/p>\n<p style=\"text-align: center;\"><em>MKT Kult\u00faragazdas\u00e1gi Szakoszt\u00e1ly<\/em><\/p>\n<p style=\"text-align: center;\"><em>Veszpr\u00e9mi Hum\u00e1n Tudom\u00e1nyok\u00e9rt Alap\u00edtv\u00e1ny<\/em><\/p>\n<p style=\"text-align: center;\"><strong>Szerkeszt\u0151s\u00e9g<\/strong><\/p>\n<p style=\"text-align: center;\">1114 Budapest, Bosny\u00e1k utca 1.<\/p>\n<p style=\"text-align: center;\">info@femmeharmone.com<\/p>\n<p style=\"text-align: center;\"><strong>Kiad\u00f3<\/strong><\/p>\n<p style=\"text-align: center;\">Forum for Contemporary Women\u2019s Reflections<\/p>\n<p style=\"text-align: center;\">1138 Budapest, V\u00e1ci \u00fat 165\/56.<\/p>","protected":false},"excerpt":{"rendered":"<p>A n\u0151i dimenzi\u00f3 \u2013 Femme Harmone III. \u00e9vfolyam 4. sz\u00e1m, 2023\/T\u00e9l ISSN 2786-3905 \u00a0 F\u0151szerkeszt\u0151 \u00e9s felel\u0151s kiad\u00f3: Dr. Major Gy\u00f6ngyi A Szerkeszt\u0151bizotts\u00e1g eln\u00f6ke: Dr. J. \u00dajv\u00e1ry Zsuzsanna Olvas\u00f3szerkeszt\u0151: Braun L\u00e1szl\u00f3 Korrektor: Varga Vir\u00e1g Szerkeszt\u0151bizotts\u00e1g: Dr. Antalfai M\u00e1rta, klinikai szakpszichol\u00f3gus, m\u0171v\u00e9szetpszichoterapeuta Birinyi J\u00f3zsef, UNESCO FIAMP-d\u00edjas filmrendez\u0151, n\u00e9pzenekutat\u00f3 Dr. Domokos Tam\u00e1s, szociol\u00f3gus Dr. Garaczi Imre, filoz\u00f3fus&hellip;<\/p>","protected":false},"author":1,"featured_media":0,"parent":6201,"menu_order":1,"comment_status":"closed","ping_status":"closed","template":"page-article.php","meta":{"inline_featured_image":false,"footnotes":""},"categories":[],"tags":[],"_links":{"self":[{"href":"https:\/\/www.femmeharmone.com\/eng\/wp-json\/wp\/v2\/pages\/6203"}],"collection":[{"href":"https:\/\/www.femmeharmone.com\/eng\/wp-json\/wp\/v2\/pages"}],"about":[{"href":"https:\/\/www.femmeharmone.com\/eng\/wp-json\/wp\/v2\/types\/page"}],"author":[{"embeddable":true,"href":"https:\/\/www.femmeharmone.com\/eng\/wp-json\/wp\/v2\/users\/1"}],"replies":[{"embeddable":true,"href":"https:\/\/www.femmeharmone.com\/eng\/wp-json\/wp\/v2\/comments?post=6203"}],"version-history":[{"count":3,"href":"https:\/\/www.femmeharmone.com\/eng\/wp-json\/wp\/v2\/pages\/6203\/revisions"}],"predecessor-version":[{"id":6206,"href":"https:\/\/www.femmeharmone.com\/eng\/wp-json\/wp\/v2\/pages\/6203\/revisions\/6206"}],"up":[{"embeddable":true,"href":"https:\/\/www.femmeharmone.com\/eng\/wp-json\/wp\/v2\/pages\/6201"}],"wp:attachment":[{"href":"https:\/\/www.femmeharmone.com\/eng\/wp-json\/wp\/v2\/media?parent=6203"}],"wp:term":[{"taxonomy":"category","embeddable":true,"href":"https:\/\/www.femmeharmone.com\/eng\/wp-json\/wp\/v2\/categories?post=6203"},{"taxonomy":"post_tag","embeddable":true,"href":"https:\/\/www.femmeharmone.com\/eng\/wp-json\/wp\/v2\/tags?post=6203"}],"curies":[{"name":"wp","href":"https:\/\/api.w.org\/{rel}","templated":true}]}}