{"id":6513,"date":"2026-04-30T15:58:17","date_gmt":"2026-04-30T15:58:17","guid":{"rendered":"https:\/\/www.femmeharmone.com\/?page_id=6513"},"modified":"2026-04-30T16:33:39","modified_gmt":"2026-04-30T16:33:39","slug":"nema-arcok-kozott-antigone-ma-beszelgetes-dettre-gabor-filmmuvesszel","status":"publish","type":"page","link":"https:\/\/www.femmeharmone.com\/eng\/a-noi-dimenzio\/v-evfolyam-1-szam\/filmmuveszet-2\/nema-arcok-kozott-antigone-ma-beszelgetes-dettre-gabor-filmmuvesszel\/","title":{"rendered":"N\u00e9ma arcok k\u00f6z\u00f6tt: Antigon\u00e9 ma. Besz\u00e9lget\u00e9s Dettre G\u00e1bor filmm\u0171v\u00e9sszel"},"content":{"rendered":"<div data-wp-interactive=\"core\/file\" class=\"wp-block-file\"><object data-wp-bind--hidden=\"!state.hasPdfPreview\"  class=\"wp-block-file__embed\" data=\"https:\/\/www.femmeharmone.com\/wp-content\/uploads\/2026\/04\/AND12_2025_Tavasz_v1_Antigone.pdf\" type=\"application\/pdf\" style=\"width:100%;height:1500px\" aria-label=\"Embed of AND12_2025_Tavasz_v1_Antigone.\"><\/object><a id=\"wp-block-file--media-c7ec7652-8464-4e8f-a023-b308609d36d7\" href=\"https:\/\/www.femmeharmone.com\/wp-content\/uploads\/2026\/04\/AND12_2025_Tavasz_v1_Antigone.pdf\">AND12_2025_Tavasz_v1_Antigone<\/a><a href=\"https:\/\/www.femmeharmone.com\/wp-content\/uploads\/2026\/04\/AND12_2025_Tavasz_v1_Antigone.pdf\" class=\"wp-block-file__button wp-element-button\" download aria-describedby=\"wp-block-file--media-c7ec7652-8464-4e8f-a023-b308609d36d7\">Let\u00f6lt\u00e9s<\/a><\/div>","protected":false},"excerpt":{"rendered":"","protected":false},"author":1,"featured_media":0,"parent":6483,"menu_order":1,"comment_status":"closed","ping_status":"closed","template":"page-article.php","meta":{"inline_featured_image":false,"footnotes":""},"categories":[],"tags":[],"_links":{"self":[{"href":"https:\/\/www.femmeharmone.com\/eng\/wp-json\/wp\/v2\/pages\/6513"}],"collection":[{"href":"https:\/\/www.femmeharmone.com\/eng\/wp-json\/wp\/v2\/pages"}],"about":[{"href":"https:\/\/www.femmeharmone.com\/eng\/wp-json\/wp\/v2\/types\/page"}],"author":[{"embeddable":true,"href":"https:\/\/www.femmeharmone.com\/eng\/wp-json\/wp\/v2\/users\/1"}],"replies":[{"embeddable":true,"href":"https:\/\/www.femmeharmone.com\/eng\/wp-json\/wp\/v2\/comments?post=6513"}],"version-history":[{"count":1,"href":"https:\/\/www.femmeharmone.com\/eng\/wp-json\/wp\/v2\/pages\/6513\/revisions"}],"predecessor-version":[{"id":6514,"href":"https:\/\/www.femmeharmone.com\/eng\/wp-json\/wp\/v2\/pages\/6513\/revisions\/6514"}],"up":[{"embeddable":true,"href":"https:\/\/www.femmeharmone.com\/eng\/wp-json\/wp\/v2\/pages\/6483"}],"wp:attachment":[{"href":"https:\/\/www.femmeharmone.com\/eng\/wp-json\/wp\/v2\/media?parent=6513"}],"wp:term":[{"taxonomy":"category","embeddable":true,"href":"https:\/\/www.femmeharmone.com\/eng\/wp-json\/wp\/v2\/categories?post=6513"},{"taxonomy":"post_tag","embeddable":true,"href":"https:\/\/www.femmeharmone.com\/eng\/wp-json\/wp\/v2\/tags?post=6513"}],"curies":[{"name":"wp","href":"https:\/\/api.w.org\/{rel}","templated":true}]}}