{"id":6517,"date":"2026-04-30T16:02:47","date_gmt":"2026-04-30T16:02:47","guid":{"rendered":"https:\/\/www.femmeharmone.com\/?page_id=6517"},"modified":"2026-04-30T16:51:37","modified_gmt":"2026-04-30T16:51:37","slug":"kemenesi-zsuzsanna-katharina-arndt-es-a-kozep-kelet-europai-merengoszepsegeszmeny-az-akademikus-portreabrazolas-megreformalasaa-xxi-szazadban","status":"publish","type":"page","link":"https:\/\/www.femmeharmone.com\/eng\/a-noi-dimenzio\/v-evfolyam-1-szam\/fotomuveszet-2\/kemenesi-zsuzsanna-katharina-arndt-es-a-kozep-kelet-europai-merengoszepsegeszmeny-az-akademikus-portreabrazolas-megreformalasaa-xxi-szazadban\/","title":{"rendered":"<em>Kemenesi Zsuzsanna:<\/em> Katharina Arndt \u00e9s a k\u00f6z\u00e9p-kelet-eur\u00f3pai mereng\u0151sz\u00e9ps\u00e9geszm\u00e9ny. <br>Az akad\u00e9mikus portr\u00e9\u00e1br\u00e1zol\u00e1s megreform\u00e1l\u00e1saa XXI. sz\u00e1zadban"},"content":{"rendered":"<div data-wp-interactive=\"core\/file\" class=\"wp-block-file\"><object data-wp-bind--hidden=\"!state.hasPdfPreview\"  class=\"wp-block-file__embed\" data=\"https:\/\/www.femmeharmone.com\/wp-content\/uploads\/2026\/04\/AND12_2025_Tavasz_v1_Kemenesi_Zsuzsanna.pdf\" type=\"application\/pdf\" style=\"width:100%;height:1500px\" aria-label=\"Embed of AND12_2025_Tavasz_v1_Kemenesi_Zsuzsanna.\"><\/object><a id=\"wp-block-file--media-5022f677-1e49-467e-8d41-a94b6cd30b50\" href=\"https:\/\/www.femmeharmone.com\/wp-content\/uploads\/2026\/04\/AND12_2025_Tavasz_v1_Kemenesi_Zsuzsanna.pdf\">AND12_2025_Tavasz_v1_Kemenesi_Zsuzsanna<\/a><a href=\"https:\/\/www.femmeharmone.com\/wp-content\/uploads\/2026\/04\/AND12_2025_Tavasz_v1_Kemenesi_Zsuzsanna.pdf\" class=\"wp-block-file__button wp-element-button\" download aria-describedby=\"wp-block-file--media-5022f677-1e49-467e-8d41-a94b6cd30b50\">Let\u00f6lt\u00e9s<\/a><\/div>","protected":false},"excerpt":{"rendered":"","protected":false},"author":1,"featured_media":0,"parent":6489,"menu_order":1,"comment_status":"closed","ping_status":"closed","template":"page-article.php","meta":{"inline_featured_image":false,"footnotes":""},"categories":[],"tags":[],"_links":{"self":[{"href":"https:\/\/www.femmeharmone.com\/eng\/wp-json\/wp\/v2\/pages\/6517"}],"collection":[{"href":"https:\/\/www.femmeharmone.com\/eng\/wp-json\/wp\/v2\/pages"}],"about":[{"href":"https:\/\/www.femmeharmone.com\/eng\/wp-json\/wp\/v2\/types\/page"}],"author":[{"embeddable":true,"href":"https:\/\/www.femmeharmone.com\/eng\/wp-json\/wp\/v2\/users\/1"}],"replies":[{"embeddable":true,"href":"https:\/\/www.femmeharmone.com\/eng\/wp-json\/wp\/v2\/comments?post=6517"}],"version-history":[{"count":3,"href":"https:\/\/www.femmeharmone.com\/eng\/wp-json\/wp\/v2\/pages\/6517\/revisions"}],"predecessor-version":[{"id":6580,"href":"https:\/\/www.femmeharmone.com\/eng\/wp-json\/wp\/v2\/pages\/6517\/revisions\/6580"}],"up":[{"embeddable":true,"href":"https:\/\/www.femmeharmone.com\/eng\/wp-json\/wp\/v2\/pages\/6489"}],"wp:attachment":[{"href":"https:\/\/www.femmeharmone.com\/eng\/wp-json\/wp\/v2\/media?parent=6517"}],"wp:term":[{"taxonomy":"category","embeddable":true,"href":"https:\/\/www.femmeharmone.com\/eng\/wp-json\/wp\/v2\/categories?post=6517"},{"taxonomy":"post_tag","embeddable":true,"href":"https:\/\/www.femmeharmone.com\/eng\/wp-json\/wp\/v2\/tags?post=6517"}],"curies":[{"name":"wp","href":"https:\/\/api.w.org\/{rel}","templated":true}]}}