{"id":6533,"date":"2026-04-30T16:16:17","date_gmt":"2026-04-30T16:16:17","guid":{"rendered":"https:\/\/www.femmeharmone.com\/?page_id=6533"},"modified":"2026-04-30T16:44:39","modified_gmt":"2026-04-30T16:44:39","slug":"janurik-timea-nok-a-hangszeres-nepzene-torteneteben","status":"publish","type":"page","link":"https:\/\/www.femmeharmone.com\/eng\/a-noi-dimenzio\/v-evfolyam-1-szam\/tudomany\/janurik-timea-nok-a-hangszeres-nepzene-torteneteben\/","title":{"rendered":"<em>Janurik T\u00edmea:<\/em> N\u0151k a hangszeres n\u00e9pzene t\u00f6rt\u00e9net\u00e9ben"},"content":{"rendered":"<p class=\"has-text-align-right\"><a href=\"https:\/\/doi.org\/10.55344\/andfh.2501108\"><em>DOI: 10.55344\/andfh.2501108<\/em><\/a><\/p>\n\n\n\n<div style=\"height:100px\" aria-hidden=\"true\" class=\"wp-block-spacer\"><\/div>\n\n\n\n<p><em><strong>Absztrakt<\/strong><\/em><\/p>\n\n\n\n<p><strong>A t\u00f6rt\u00e9neti jelleg\u0171 tanulm\u00e1ny a n\u00e9pzen\u00e9ben kiemelked\u0151 munk\u00e1ss\u00e1g\u00fa n\u0151ket mutatja be, \u00edgy r\u00e1vil\u00e1g\u00edtva a n\u0151k jelent\u0151s szerep\u00e9re e ter\u00fcleten. A von\u00f3sband\u00e1kban rendszerint f\u00e9rfiak j\u00e1tszottak, a furulya \u00e9s a duda a p\u00e1sztorok hangszere volt, \u00edgy a n\u0151k f\u00e9rj\u00fcket k\u00eds\u00e9rve az \u00fct\u0151gardonon, vagy a legelterjedtebb paraszthangszeren, a citer\u00e1n j\u00e1tszhattak. A tanulm\u00e1ny \u00e9rtelmezi a n\u00e9pzenei adatk\u00f6zl\u0151 fogalm\u00e1t, felveti a kultuszuk k\u00e9rd\u00e9s\u00e9t \u00e9s a <em>Zenetudom\u00e1nyi Int\u00e9zet \u201eHungaricana\u201d N\u00e9pzenei gy\u0171jtem\u00e9ny\u00e9ben<\/em> \u00e9s a <em>Hagyom\u00e1nyok H\u00e1za Folkl\u00f3radatb\u00e1zis\u00e1ban<\/em> fellelhet\u0151 adatk\u00f6zl\u0151k tekintet\u00e9ben is r\u00f6vid elemz\u00e9st ny\u00fajt. Ennek szempontja az adatk\u00f6zl\u0151k sz\u00e1ma, a fel\u00e9nekelt dalok mennyis\u00e9ge \u00e9s az adatk\u00f6zl\u0151k megnevez\u00e9sei, mely a \u201ef\u00e9rfiak\u201d gy\u0171jt\u0151fogalomt\u00f3l az adatk\u00f6zl\u0151k teljes neve mell\u00e9 \u00edrt kedvelt megsz\u00f3l\u00edt\u00e1sig v\u00e1ltozatosan fordult el\u0151. A foly\u00f3iratcikk \u00f6sszefoglal\u00f3an bemutatja a n\u00e9pzenegy\u0171jt\u00e9s kezdeteit a 18. sz\u00e1zadt\u00f3l, mely sor\u00e1n az \u00e9rtelmis\u00e9giek k\u00e9ziratos lejegyz\u00e9seit\u0151l a zen\u00e9szek, pedag\u00f3gusok nyomtatott kiadv\u00e1nyain \u00e1t a n\u00e9pdalgy\u0171jt\u00e9s folyamata Vik\u00e1r B\u00e9la, Kod\u00e1ly Zolt\u00e1n, Bart\u00f3k B\u00e9la \u00e9s Lajtha L\u00e1szl\u00f3 munk\u00e1ss\u00e1ga sor\u00e1n cs\u00facsosodott ki. Ezt k\u00f6vet\u0151en az els\u0151 n\u0151i cig\u00e1nypr\u00edm\u00e1s, Czinka Panna, majd h\u00e1rom kiemelked\u0151 citer\u00e1s, illetve h\u00e1rom gardonos adatk\u00f6zl\u0151 \u00e9let\u00fatja ker\u00fcl bemutat\u00e1sra. Czinka Panna \u00e9let\u00e9r\u0151l legend\u00e1k keringtek, kor\u00e1nak egyik legh\u00edresebb muzsik\u00e1sa volt. Maszlag J\u00f3zsefn\u00e9 Mecs Balogh M\u00e1ria \u00e9nekes, citer\u00e1s, teker\u0151s volt, Tak\u00e1cs J\u00f3zsefn\u00e9 Tat\u00e1r Kiss Erzs\u00e9bet, aki citer\u00e1z\u00e1st is oktatott \u00e9s Bozsik Margit a N\u00e9pm\u0171v\u00e9szet Mestere c\u00edm birtokosai, ut\u00f3bbi citer\u00e1s m\u0171v\u00e9szk\u00e9nt sz\u00e1mos rendezv\u00e9nyen fell\u00e9pett. A bemutatott gardonos asszonyok, Zerkula J\u00e1nosn\u00e9 Fik\u00f3 Regina, Halm\u00e1gyi Mih\u00e1lyn\u00e9 \u00c1d\u00e1m Gizella \u00e9s Sinka S\u00e1ndorn\u00e9 Duduj Roz\u00e1lia f\u00e9rj\u00fckt\u0151l f\u00fcggetlen\u00fcl is elismert muzsikusok voltak, \u00edgy a tanulm\u00e1nyban szerepl\u0151 zen\u00e9szeket a legismertebb n\u0151i n\u00e9pzen\u00e9szek k\u00f6z\u00f6tt tartjuk sz\u00e1mon napjainkban is. Az adatb\u00e1zisokban m\u00e1s n\u0151i hangszeres adatk\u00f6zl\u0151k nevei is eml\u00edt\u00e9sre ker\u00fclnek, \u00e1m \u00e9let\u00fatjukr\u00f3l nem \u00e9rhet\u0151 el inform\u00e1ci\u00f3.<\/strong><\/p>\n\n\n\n<p><strong>Kulcsszavak: n\u00e9pzene, n\u00e9pzenegy\u0171jt\u00e9s, n\u0151, \u00e9let\u00fat.<\/strong><\/p>\n\n\n\n<div style=\"height:100px\" aria-hidden=\"true\" class=\"wp-block-spacer\"><\/div>\n\n\n\n<div data-wp-interactive=\"core\/file\" class=\"wp-block-file\"><object data-wp-bind--hidden=\"!state.hasPdfPreview\"  class=\"wp-block-file__embed\" data=\"https:\/\/www.femmeharmone.com\/wp-content\/uploads\/2026\/04\/AND12_2025_Tavasz_v1_Janurik_Timea.pdf\" type=\"application\/pdf\" style=\"width:100%;height:1500px\" aria-label=\"Embed of AND12_2025_Tavasz_v1_Janurik_Timea.\"><\/object><a id=\"wp-block-file--media-79771235-1637-4c07-a65b-2de132517ca9\" href=\"https:\/\/www.femmeharmone.com\/wp-content\/uploads\/2026\/04\/AND12_2025_Tavasz_v1_Janurik_Timea.pdf\">AND12_2025_Tavasz_v1_Janurik_Timea<\/a><a href=\"https:\/\/www.femmeharmone.com\/wp-content\/uploads\/2026\/04\/AND12_2025_Tavasz_v1_Janurik_Timea.pdf\" class=\"wp-block-file__button wp-element-button\" download aria-describedby=\"wp-block-file--media-79771235-1637-4c07-a65b-2de132517ca9\">Let\u00f6lt\u00e9s<\/a><\/div>","protected":false},"excerpt":{"rendered":"<p>DOI: 10.55344\/andfh.2501108 Absztrakt A t\u00f6rt\u00e9neti jelleg\u0171 tanulm\u00e1ny a n\u00e9pzen\u00e9ben kiemelked\u0151 munk\u00e1ss\u00e1g\u00fa n\u0151ket mutatja be, \u00edgy r\u00e1vil\u00e1g\u00edtva a n\u0151k jelent\u0151s szerep\u00e9re e ter\u00fcleten. A von\u00f3sband\u00e1kban rendszerint f\u00e9rfiak j\u00e1tszottak, a furulya \u00e9s a duda a p\u00e1sztorok hangszere volt, \u00edgy a n\u0151k f\u00e9rj\u00fcket k\u00eds\u00e9rve az \u00fct\u0151gardonon, vagy a legelterjedtebb paraszthangszeren, a citer\u00e1n j\u00e1tszhattak. A tanulm\u00e1ny \u00e9rtelmezi a n\u00e9pzenei&hellip;<\/p>","protected":false},"author":1,"featured_media":0,"parent":6497,"menu_order":3,"comment_status":"closed","ping_status":"closed","template":"page-article.php","meta":{"inline_featured_image":false,"footnotes":""},"categories":[],"tags":[],"_links":{"self":[{"href":"https:\/\/www.femmeharmone.com\/eng\/wp-json\/wp\/v2\/pages\/6533"}],"collection":[{"href":"https:\/\/www.femmeharmone.com\/eng\/wp-json\/wp\/v2\/pages"}],"about":[{"href":"https:\/\/www.femmeharmone.com\/eng\/wp-json\/wp\/v2\/types\/page"}],"author":[{"embeddable":true,"href":"https:\/\/www.femmeharmone.com\/eng\/wp-json\/wp\/v2\/users\/1"}],"replies":[{"embeddable":true,"href":"https:\/\/www.femmeharmone.com\/eng\/wp-json\/wp\/v2\/comments?post=6533"}],"version-history":[{"count":3,"href":"https:\/\/www.femmeharmone.com\/eng\/wp-json\/wp\/v2\/pages\/6533\/revisions"}],"predecessor-version":[{"id":6569,"href":"https:\/\/www.femmeharmone.com\/eng\/wp-json\/wp\/v2\/pages\/6533\/revisions\/6569"}],"up":[{"embeddable":true,"href":"https:\/\/www.femmeharmone.com\/eng\/wp-json\/wp\/v2\/pages\/6497"}],"wp:attachment":[{"href":"https:\/\/www.femmeharmone.com\/eng\/wp-json\/wp\/v2\/media?parent=6533"}],"wp:term":[{"taxonomy":"category","embeddable":true,"href":"https:\/\/www.femmeharmone.com\/eng\/wp-json\/wp\/v2\/categories?post=6533"},{"taxonomy":"post_tag","embeddable":true,"href":"https:\/\/www.femmeharmone.com\/eng\/wp-json\/wp\/v2\/tags?post=6533"}],"curies":[{"name":"wp","href":"https:\/\/api.w.org\/{rel}","templated":true}]}}