{"id":6539,"date":"2026-04-30T16:26:16","date_gmt":"2026-04-30T16:26:16","guid":{"rendered":"https:\/\/www.femmeharmone.com\/?page_id=6539"},"modified":"2026-04-30T16:55:30","modified_gmt":"2026-04-30T16:55:30","slug":"birinyi-jozsef-eljunk-a-szokas-hatalmaval","status":"publish","type":"page","link":"https:\/\/www.femmeharmone.com\/eng\/a-noi-dimenzio\/v-evfolyam-1-szam\/tehetsegek-foruma\/birinyi-jozsef-eljunk-a-szokas-hatalmaval\/","title":{"rendered":"<em>Birinyi J\u00f3zsef:<\/em> \u00c9lj\u00fcnk a szok\u00e1s hatalm\u00e1val!"},"content":{"rendered":"<h3 class=\"wp-block-heading has-text-align-center\">Birinyi J\u00f3zsefnek, a Csutor\u00e1s T\u00e1bor alap\u00edt\u00f3j\u00e1nak \u00e9s vezet\u0151j\u00e9nek gondolatai a jubileumi 40. \u00e9vfordul\u00f3j\u00e1hoz k\u00f6zel\u00edt\u0151 Csutor\u00e1s Nemzetk\u00f6zi N\u00e9pzenei \u00e9s N\u00e9pt\u00e1nc T\u00e1borr\u00f3l<\/h3>\n\n\n\n<div style=\"height:100px\" aria-hidden=\"true\" class=\"wp-block-spacer\"><\/div>\n\n\n\n<p>Zeng a heged\u0171, kontra, sz\u00e1ll a gyantapor az ajzott b\u0151g\u0151 b\u00e9lh\u00farokon. A legkisebb b\u0151g\u0151s gyerek alig \u00e9ri el a nagytest\u0171 hangszer nyak\u00e1t, de a kedv \u00f3ri\u00e1ss\u00e1 teszi, felny\u00fajt\u00f3zik a csigafejig, az egekbe, \u00e9s testet remegtet\u0151 ritmusfolyammal t\u00e1masztja a t\u00e1ncban surran\u00f3 szokny\u00e1k suhog\u00e1s\u00e1t, a deszkapadl\u00f3n d\u00fcb\u00f6rg\u0151 leg\u00e9nyl\u00e1bak szapor\u00e1z\u00f3 apr\u00f3z\u00e1s\u00e1t. A s\u00e1tor tetej\u00e9ig r\u00fagja a port apraja \u00e9s nagyja az orsz\u00e1g k\u00f6zep\u00e9n, \u00d6rk\u00e9nyben, de enn\u00e9l is magasabbra sz\u00f6kken egy h\u00e9tig a j\u00f3kedv a 40. Csutor\u00e1s N\u00e9pzenei T\u00e1borban.<\/p>\n\n\n\n<p>\u00d6nz\u0151 vagyok. Szeretem, ha \u00fagy t\u00e1ncolnak, ahogy \u00e9n f\u00fcty\u00fcl\u00f6k! Zen\u00e9sz ap\u00e1mt\u00f3l tanultam, aki f\u00e1radhatatlan j\u00f3kedvvel, m\u00falatva az id\u0151t mulattatott, mint a mes\u00e9kben, ak\u00e1r h\u00e1rom \u00e9jjel, h\u00e1rom nap. Vezett\u00e9k ujjait a h\u00farokon az el\u0151d\u00f6k sokszor meg\u00e9lt dalai. Ha kellett, sz\u00e1zszor is sz\u00edvvel h\u00fazta a heged\u0171t, pengette a citer\u00e1t, \u00e1that\u00f3 hangon ki\u00e1ltotta vil\u00e1gba kedves dal\u00e1t:<\/p>\n\n\n\n<p>\u201eEl kell menni katon\u00e1nak messzire, itt kell hagyni a bab\u00e1mat, nincs kire\u2026\u201d \u2013 has\u00edtott a maroknyi zeneszersz\u00e1m, a sz\u00e1jharmonika. Belef\u00fajta az otthon hagyott kedvest meg\u00e9nekl\u0151 bakadallamot. Ha \u0151 j\u00e1tszott, egy szem\u00e9lyben zengett zih\u00e1lva n\u00e9h\u00e1ny s\u00edpon az eg\u00e9sz zenekar. Igazi sz\u00e1jorgona sz\u00e1z hangon, n\u00e9h\u00e1ny rezg\u0151 r\u00e9znyelvecske, de r\u00e1f\u00fajta, \u00e9letre keltette a vil\u00e1gh\u00e1bor\u00fas, doberd\u00f3s dallamot.<\/p>\n\n\n\n<p>&nbsp;Volt kit\u0151l, volt mib\u0151l mer\u00edteni. A csal\u00e1di \u201etiszta forr\u00e1s\u201d \u00edz\u00e9t \u00e9rzem minden dalban, amit f\u00e9l ember\u00f6lt\u0151n \u00e1tadok. A K\u00d3TA 55, a T\u00e1borfalvi N\u00e9pzenei M\u0171hely 50, a Csutor\u00e1s T\u00e1bor 40 \u00e9ves. Rem\u00e9lem, r\u00e1m m\u00e9r a teremt\u0151 m\u00e9g egyszer ennyit, mert sok dal van m\u00e9g a tariszny\u00e1mban, h\u00e1tamra akasztott hangszereimben. Persze, mondj\u00e1k, hogy a zene \u00e9ltet. Ebben b\u00edzhatok? \u201eF\u00favom a dalt\u2026\u201d, am\u00edg lehet.<\/p>\n\n\n\n<p>A K\u00e1rp\u00e1t-medence \u00e9rt\u00e9kei az orsz\u00e1g k\u00f6zep\u00e9n! \u00d6r\u00f6mzene, \u00f6r\u00f6mt\u00e1nc nekem a Csutor\u00e1s T\u00e1bor, ahol m\u00e1r a tan\u00edtv\u00e1nyaim tan\u00edtj\u00e1k tan\u00edtv\u00e1nyaikat, ahol alig v\u00e1rjuk, hogy ism\u00e9t egy h\u00faron pend\u00fclj\u00fcnk a padkaporban, ahol \u00f6ssze\u00f6lelkez\u00fcnk a t\u00e1bort\u0171z serceg\u0151, izz\u00f3 \u00e1gai k\u00f6r\u00fcl, ahol suhan\u00f3 k\u00f6rt\u00e1nccal f\u00fajtatjuk \u00e9gi kov\u00e1csk\u00e9nt az \u00f6r\u00f6k t\u00fczet, a nagy, nagy t\u00fczet. Majd par\u00e1zs \u00e9s hangszervar\u00e1zs\u2026 D\u00fcnny\u00f6g a furulya, \u00e9gig has\u00edt az \u00e9nek. Visszacseng Gustav Mahler int\u00e9se: A trad\u00edci\u00f3 nem a hamu \u0151rz\u00e9se, a t\u0171z tov\u00e1bbad\u00e1sa! \u00c9s tudjuk, f\u00e9ltj\u00fck, tartjuk a M\u00f3ricz-novella Kod\u00e1ly \u00e1ltal felrep\u00edtett sz\u00e1ll\u00f3ig\u00e9j\u00e9t: A t\u0171znek nem szabad kialudni! A hangl\u00e9tr\u00e1kon m\u00e1sszuk meg az \u00e9gig \u00e9r\u0151 f\u00e1kat, a felh\u0151k f\u00f6l\u00f6tt \u00f6ssze\u00e9nekl\u00fcnk az \u00e9gi karral.<\/p>\n\n\n\n<p>Tess\u00e9k, tess\u00e9k! Pr\u00f3b\u00e1lja meg! Csin\u00e1ld magad! A virtu\u00e1lis vil\u00e1gb\u00f3l l\u00e9pj a val\u00f3s\u00e1gba! Gazb\u00f3l fl\u00f3t\u00e1t, n\u00e1db\u00f3l s\u00edpot, s\u00e1rb\u00f3l csuprot, csak a j\u00f3knak sz\u00e9pen sz\u00f3l\u00f3 k\u00f6rtemuzsik\u00e1t, gy\u00f6ngyb\u0151l kl\u00e1rist, vessz\u0151b\u0151l kast, f\u00e1b\u00f3l cs\u00e1b\u00edt\u00f3 dorombot, tusk\u00f3b\u00f3l madonn\u00e1t\u2026 Csak k\u00e9z, \u00e9sz, hit \u00e9s sz\u00edv kell hozz\u00e1!<\/p>\n\n\n\n<p>R\u00e1ncos k\u00e9z vezeti a babamancsot. Csal\u00e1dbar\u00e1t teljes koroll\u00f3 csattog a kor-hat\u00e1rtalan Csutor\u00e1sban. Fi\u00f3k\u00e1k, der\u00e9khad \u00e9s sz\u00e9pkor\u00faak egy\u00fctt a mesters\u00e9gek, a zene, a t\u00e1nc \u00e9lm\u00e9nybe olvaszt\u00f3 koh\u00f3j\u00e1ban. \u00c9letre kelnek a K\u00e1rp\u00e1t-medence hagyom\u00e1nyai az orsz\u00e1g k\u00f6zep\u00e9n, amelyeket a Csutor\u00e1s T\u00e1borok h\u00edrn\u00f6kei visznek haza \u00e9s a vil\u00e1gba. B\u00fcszke sebk\u00e9nt \u00e9g bel\u00e9nk a kit\u00f6r\u00f6lhetetlen k\u00f6z\u00f6s zenenyelv, zenegenetika. H\u00e1nyan v\u00e1ltak \u00e9kessz\u00f3l\u00f3v\u00e1, vil\u00e1grasz\u00f3l\u00f3 Aranyp\u00e1v\u00e1v\u00e1 a Csutor\u00e1s Tehets\u00e9gprogramban? A kult\u00fara az emberis\u00e9g folytonoss\u00e1ga, a hagyom\u00e1ny a csal\u00e1d, a k\u00f6z\u00f6ss\u00e9g folytonoss\u00e1ga.&nbsp; Zen\u00e9lek, t\u00e1ncolok, alkotok, teh\u00e1t vagyok, \u00e9s a tan\u00edtv\u00e1nyokban leszek! \u00d6r\u00f6ks\u00e9g\u00fcnk a ma \u00e9lm\u00e9ny\u00e9vel j\u00f6v\u0151nk alapja.<\/p>\n\n\n\n<p>A tan\u00edtv\u00e1nyaink k\u00f6z\u00fcl, ha csak egy mag\u00e1hoz \u00f6leli est\u00e9nk\u00e9nt a gyerek\u00e9t \u00e9s csutor\u00e1sos dalt d\u00fadol neki, azt mondom, m\u00e1r meg\u00e9rte!<\/p>\n\n\n\n<div style=\"height:100px\" aria-hidden=\"true\" class=\"wp-block-spacer\"><\/div>\n\n\n\n<figure class=\"wp-block-gallery has-nested-images columns-2 wp-block-gallery-1 is-layout-flex wp-block-gallery-is-layout-flex\">\n<figure class=\"wp-block-image size-full\"><img loading=\"lazy\" decoding=\"async\" width=\"750\" height=\"500\" data-id=\"6550\" src=\"https:\/\/www.femmeharmone.com\/wp-content\/uploads\/2026\/04\/DSC_4869_RS.jpg\" alt=\"\" class=\"wp-image-6550\" srcset=\"https:\/\/www.femmeharmone.com\/wp-content\/uploads\/2026\/04\/DSC_4869_RS.jpg 750w, https:\/\/www.femmeharmone.com\/wp-content\/uploads\/2026\/04\/DSC_4869_RS-300x200.jpg 300w, https:\/\/www.femmeharmone.com\/wp-content\/uploads\/2026\/04\/DSC_4869_RS-18x12.jpg 18w\" sizes=\"(max-width: 750px) 100vw, 750px\" \/><\/figure>\n\n\n\n<figure class=\"wp-block-image size-full\"><img loading=\"lazy\" decoding=\"async\" width=\"730\" height=\"487\" data-id=\"6542\" src=\"https:\/\/www.femmeharmone.com\/wp-content\/uploads\/2026\/04\/DSC_2656_RS.jpg\" alt=\"\" class=\"wp-image-6542\" srcset=\"https:\/\/www.femmeharmone.com\/wp-content\/uploads\/2026\/04\/DSC_2656_RS.jpg 730w, https:\/\/www.femmeharmone.com\/wp-content\/uploads\/2026\/04\/DSC_2656_RS-300x200.jpg 300w, https:\/\/www.femmeharmone.com\/wp-content\/uploads\/2026\/04\/DSC_2656_RS-18x12.jpg 18w\" sizes=\"(max-width: 730px) 100vw, 730px\" \/><\/figure>\n\n\n\n<figure class=\"wp-block-image size-full\"><img loading=\"lazy\" decoding=\"async\" width=\"750\" height=\"500\" data-id=\"6541\" src=\"https:\/\/www.femmeharmone.com\/wp-content\/uploads\/2026\/04\/DSC_2489_RS.jpg\" alt=\"\" class=\"wp-image-6541\" srcset=\"https:\/\/www.femmeharmone.com\/wp-content\/uploads\/2026\/04\/DSC_2489_RS.jpg 750w, https:\/\/www.femmeharmone.com\/wp-content\/uploads\/2026\/04\/DSC_2489_RS-300x200.jpg 300w, https:\/\/www.femmeharmone.com\/wp-content\/uploads\/2026\/04\/DSC_2489_RS-18x12.jpg 18w\" sizes=\"(max-width: 750px) 100vw, 750px\" \/><\/figure>\n\n\n\n<figure class=\"wp-block-image size-full\"><img loading=\"lazy\" decoding=\"async\" width=\"750\" height=\"500\" data-id=\"6552\" src=\"https:\/\/www.femmeharmone.com\/wp-content\/uploads\/2026\/04\/DSC_3735_RS.jpg\" alt=\"\" class=\"wp-image-6552\" srcset=\"https:\/\/www.femmeharmone.com\/wp-content\/uploads\/2026\/04\/DSC_3735_RS.jpg 750w, https:\/\/www.femmeharmone.com\/wp-content\/uploads\/2026\/04\/DSC_3735_RS-300x200.jpg 300w, https:\/\/www.femmeharmone.com\/wp-content\/uploads\/2026\/04\/DSC_3735_RS-18x12.jpg 18w\" sizes=\"(max-width: 750px) 100vw, 750px\" \/><\/figure>\n\n\n\n<figure class=\"wp-block-image size-full\"><img loading=\"lazy\" decoding=\"async\" width=\"750\" height=\"500\" data-id=\"6549\" src=\"https:\/\/www.femmeharmone.com\/wp-content\/uploads\/2026\/04\/DSC_4663_RS.jpg\" alt=\"\" class=\"wp-image-6549\" srcset=\"https:\/\/www.femmeharmone.com\/wp-content\/uploads\/2026\/04\/DSC_4663_RS.jpg 750w, https:\/\/www.femmeharmone.com\/wp-content\/uploads\/2026\/04\/DSC_4663_RS-300x200.jpg 300w, https:\/\/www.femmeharmone.com\/wp-content\/uploads\/2026\/04\/DSC_4663_RS-18x12.jpg 18w\" sizes=\"(max-width: 750px) 100vw, 750px\" \/><\/figure>\n\n\n\n<figure class=\"wp-block-image size-full\"><img loading=\"lazy\" decoding=\"async\" width=\"750\" height=\"500\" data-id=\"6547\" src=\"https:\/\/www.femmeharmone.com\/wp-content\/uploads\/2026\/04\/DSC_1968_RS.jpg\" alt=\"\" class=\"wp-image-6547\" srcset=\"https:\/\/www.femmeharmone.com\/wp-content\/uploads\/2026\/04\/DSC_1968_RS.jpg 750w, https:\/\/www.femmeharmone.com\/wp-content\/uploads\/2026\/04\/DSC_1968_RS-300x200.jpg 300w, https:\/\/www.femmeharmone.com\/wp-content\/uploads\/2026\/04\/DSC_1968_RS-18x12.jpg 18w\" sizes=\"(max-width: 750px) 100vw, 750px\" \/><\/figure>\n\n\n\n<figure class=\"wp-block-image size-full\"><img loading=\"lazy\" decoding=\"async\" width=\"750\" height=\"500\" data-id=\"6546\" src=\"https:\/\/www.femmeharmone.com\/wp-content\/uploads\/2026\/04\/DSC_4838_RS.jpg\" alt=\"\" class=\"wp-image-6546\" srcset=\"https:\/\/www.femmeharmone.com\/wp-content\/uploads\/2026\/04\/DSC_4838_RS.jpg 750w, https:\/\/www.femmeharmone.com\/wp-content\/uploads\/2026\/04\/DSC_4838_RS-300x200.jpg 300w, https:\/\/www.femmeharmone.com\/wp-content\/uploads\/2026\/04\/DSC_4838_RS-18x12.jpg 18w\" sizes=\"(max-width: 750px) 100vw, 750px\" \/><\/figure>\n\n\n\n<figure class=\"wp-block-image size-full\"><img loading=\"lazy\" decoding=\"async\" width=\"750\" height=\"500\" data-id=\"6545\" src=\"https:\/\/www.femmeharmone.com\/wp-content\/uploads\/2026\/04\/DSC_2106_RS.jpg\" alt=\"\" class=\"wp-image-6545\" srcset=\"https:\/\/www.femmeharmone.com\/wp-content\/uploads\/2026\/04\/DSC_2106_RS.jpg 750w, https:\/\/www.femmeharmone.com\/wp-content\/uploads\/2026\/04\/DSC_2106_RS-300x200.jpg 300w, https:\/\/www.femmeharmone.com\/wp-content\/uploads\/2026\/04\/DSC_2106_RS-18x12.jpg 18w\" sizes=\"(max-width: 750px) 100vw, 750px\" \/><\/figure>\n\n\n\n<figure class=\"wp-block-image size-full\"><img loading=\"lazy\" decoding=\"async\" width=\"750\" height=\"500\" data-id=\"6551\" src=\"https:\/\/www.femmeharmone.com\/wp-content\/uploads\/2026\/04\/DSC_4885_RS.jpg\" alt=\"\" class=\"wp-image-6551\" srcset=\"https:\/\/www.femmeharmone.com\/wp-content\/uploads\/2026\/04\/DSC_4885_RS.jpg 750w, https:\/\/www.femmeharmone.com\/wp-content\/uploads\/2026\/04\/DSC_4885_RS-300x200.jpg 300w, https:\/\/www.femmeharmone.com\/wp-content\/uploads\/2026\/04\/DSC_4885_RS-18x12.jpg 18w\" sizes=\"(max-width: 750px) 100vw, 750px\" \/><\/figure>\n\n\n\n<figure class=\"wp-block-image size-full\"><img loading=\"lazy\" decoding=\"async\" width=\"750\" height=\"500\" data-id=\"6543\" src=\"https:\/\/www.femmeharmone.com\/wp-content\/uploads\/2026\/04\/DSC_3672_RS.jpg\" alt=\"\" class=\"wp-image-6543\" srcset=\"https:\/\/www.femmeharmone.com\/wp-content\/uploads\/2026\/04\/DSC_3672_RS.jpg 750w, https:\/\/www.femmeharmone.com\/wp-content\/uploads\/2026\/04\/DSC_3672_RS-300x200.jpg 300w, https:\/\/www.femmeharmone.com\/wp-content\/uploads\/2026\/04\/DSC_3672_RS-18x12.jpg 18w\" sizes=\"(max-width: 750px) 100vw, 750px\" \/><\/figure>\n\n\n\n<figure class=\"wp-block-image size-full\"><img loading=\"lazy\" decoding=\"async\" width=\"750\" height=\"500\" data-id=\"6544\" src=\"https:\/\/www.femmeharmone.com\/wp-content\/uploads\/2026\/04\/DSC_3285_RS.jpg\" alt=\"\" class=\"wp-image-6544\" srcset=\"https:\/\/www.femmeharmone.com\/wp-content\/uploads\/2026\/04\/DSC_3285_RS.jpg 750w, https:\/\/www.femmeharmone.com\/wp-content\/uploads\/2026\/04\/DSC_3285_RS-300x200.jpg 300w, https:\/\/www.femmeharmone.com\/wp-content\/uploads\/2026\/04\/DSC_3285_RS-18x12.jpg 18w\" sizes=\"(max-width: 750px) 100vw, 750px\" \/><\/figure>\n\n\n\n<figure class=\"wp-block-image size-full\"><img loading=\"lazy\" decoding=\"async\" width=\"725\" height=\"483\" data-id=\"6548\" src=\"https:\/\/www.femmeharmone.com\/wp-content\/uploads\/2026\/04\/DSC_3875_RS.jpg\" alt=\"\" class=\"wp-image-6548\" srcset=\"https:\/\/www.femmeharmone.com\/wp-content\/uploads\/2026\/04\/DSC_3875_RS.jpg 725w, https:\/\/www.femmeharmone.com\/wp-content\/uploads\/2026\/04\/DSC_3875_RS-300x200.jpg 300w, https:\/\/www.femmeharmone.com\/wp-content\/uploads\/2026\/04\/DSC_3875_RS-18x12.jpg 18w\" sizes=\"(max-width: 725px) 100vw, 725px\" \/><\/figure>\n\n\n\n<figure class=\"wp-block-image size-full\"><img loading=\"lazy\" decoding=\"async\" width=\"750\" height=\"500\" data-id=\"6553\" src=\"https:\/\/www.femmeharmone.com\/wp-content\/uploads\/2026\/04\/DSC_4902_RS.jpg\" alt=\"\" class=\"wp-image-6553\" srcset=\"https:\/\/www.femmeharmone.com\/wp-content\/uploads\/2026\/04\/DSC_4902_RS.jpg 750w, https:\/\/www.femmeharmone.com\/wp-content\/uploads\/2026\/04\/DSC_4902_RS-300x200.jpg 300w, https:\/\/www.femmeharmone.com\/wp-content\/uploads\/2026\/04\/DSC_4902_RS-18x12.jpg 18w\" sizes=\"(max-width: 750px) 100vw, 750px\" \/><\/figure>\n\n\n\n<figure class=\"wp-block-image size-full\"><img loading=\"lazy\" decoding=\"async\" width=\"750\" height=\"500\" data-id=\"6540\" src=\"https:\/\/www.femmeharmone.com\/wp-content\/uploads\/2026\/04\/DSC_1592_RS.jpg\" alt=\"\" class=\"wp-image-6540\" srcset=\"https:\/\/www.femmeharmone.com\/wp-content\/uploads\/2026\/04\/DSC_1592_RS.jpg 750w, https:\/\/www.femmeharmone.com\/wp-content\/uploads\/2026\/04\/DSC_1592_RS-300x200.jpg 300w, https:\/\/www.femmeharmone.com\/wp-content\/uploads\/2026\/04\/DSC_1592_RS-18x12.jpg 18w\" sizes=\"(max-width: 750px) 100vw, 750px\" \/><\/figure>\n<\/figure>","protected":false},"excerpt":{"rendered":"<p>Birinyi J\u00f3zsefnek, a Csutor\u00e1s T\u00e1bor alap\u00edt\u00f3j\u00e1nak \u00e9s vezet\u0151j\u00e9nek gondolatai a jubileumi 40. \u00e9vfordul\u00f3j\u00e1hoz k\u00f6zel\u00edt\u0151 Csutor\u00e1s Nemzetk\u00f6zi N\u00e9pzenei \u00e9s N\u00e9pt\u00e1nc T\u00e1borr\u00f3l Zeng a heged\u0171, kontra, sz\u00e1ll a gyantapor az ajzott b\u0151g\u0151 b\u00e9lh\u00farokon. A legkisebb b\u0151g\u0151s gyerek alig \u00e9ri el a nagytest\u0171 hangszer nyak\u00e1t, de a kedv \u00f3ri\u00e1ss\u00e1 teszi, felny\u00fajt\u00f3zik a csigafejig, az egekbe, \u00e9s testet remegtet\u0151&hellip;<\/p>","protected":false},"author":1,"featured_media":0,"parent":6499,"menu_order":1,"comment_status":"closed","ping_status":"closed","template":"page-article.php","meta":{"inline_featured_image":false,"footnotes":""},"categories":[],"tags":[],"_links":{"self":[{"href":"https:\/\/www.femmeharmone.com\/eng\/wp-json\/wp\/v2\/pages\/6539"}],"collection":[{"href":"https:\/\/www.femmeharmone.com\/eng\/wp-json\/wp\/v2\/pages"}],"about":[{"href":"https:\/\/www.femmeharmone.com\/eng\/wp-json\/wp\/v2\/types\/page"}],"author":[{"embeddable":true,"href":"https:\/\/www.femmeharmone.com\/eng\/wp-json\/wp\/v2\/users\/1"}],"replies":[{"embeddable":true,"href":"https:\/\/www.femmeharmone.com\/eng\/wp-json\/wp\/v2\/comments?post=6539"}],"version-history":[{"count":3,"href":"https:\/\/www.femmeharmone.com\/eng\/wp-json\/wp\/v2\/pages\/6539\/revisions"}],"predecessor-version":[{"id":6582,"href":"https:\/\/www.femmeharmone.com\/eng\/wp-json\/wp\/v2\/pages\/6539\/revisions\/6582"}],"up":[{"embeddable":true,"href":"https:\/\/www.femmeharmone.com\/eng\/wp-json\/wp\/v2\/pages\/6499"}],"wp:attachment":[{"href":"https:\/\/www.femmeharmone.com\/eng\/wp-json\/wp\/v2\/media?parent=6539"}],"wp:term":[{"taxonomy":"category","embeddable":true,"href":"https:\/\/www.femmeharmone.com\/eng\/wp-json\/wp\/v2\/categories?post=6539"},{"taxonomy":"post_tag","embeddable":true,"href":"https:\/\/www.femmeharmone.com\/eng\/wp-json\/wp\/v2\/tags?post=6539"}],"curies":[{"name":"wp","href":"https:\/\/api.w.org\/{rel}","templated":true}]}}