{"id":6555,"date":"2026-04-30T16:29:10","date_gmt":"2026-04-30T16:29:10","guid":{"rendered":"https:\/\/www.femmeharmone.com\/?page_id=6555"},"modified":"2026-04-30T16:45:20","modified_gmt":"2026-04-30T16:45:20","slug":"rockenbauer-antal-determinisztikus-valosag-a-kvantumvilagban-tura-a-makrovilag-es-a-mikrovilag-kozott","status":"publish","type":"page","link":"https:\/\/www.femmeharmone.com\/eng\/a-noi-dimenzio\/v-evfolyam-1-szam\/ismeret-szerzo\/rockenbauer-antal-determinisztikus-valosag-a-kvantumvilagban-tura-a-makrovilag-es-a-mikrovilag-kozott\/","title":{"rendered":"<em>Rockenbauer Antal:<\/em> Determinisztikus val\u00f3s\u00e1g a kvantumvil\u00e1gban. T\u00fara a makrovil\u00e1g \u00e9s a mikrovil\u00e1g k\u00f6z\u00f6tt"},"content":{"rendered":"<div data-wp-interactive=\"core\/file\" class=\"wp-block-file\"><object data-wp-bind--hidden=\"!state.hasPdfPreview\"  class=\"wp-block-file__embed\" data=\"https:\/\/www.femmeharmone.com\/wp-content\/uploads\/2026\/04\/AND12_2025_Tavasz_v1_Rockenbauer_Antal.pdf\" type=\"application\/pdf\" style=\"width:100%;height:1500px\" aria-label=\"Embed of AND12_2025_Tavasz_v1_Rockenbauer_Antal.\"><\/object><a id=\"wp-block-file--media-72b6e065-9b9c-4b67-9247-664aa5915175\" href=\"https:\/\/www.femmeharmone.com\/wp-content\/uploads\/2026\/04\/AND12_2025_Tavasz_v1_Rockenbauer_Antal.pdf\">AND12_2025_Tavasz_v1_Rockenbauer_Antal<\/a><a href=\"https:\/\/www.femmeharmone.com\/wp-content\/uploads\/2026\/04\/AND12_2025_Tavasz_v1_Rockenbauer_Antal.pdf\" class=\"wp-block-file__button wp-element-button\" download aria-describedby=\"wp-block-file--media-72b6e065-9b9c-4b67-9247-664aa5915175\">Let\u00f6lt\u00e9s<\/a><\/div>","protected":false},"excerpt":{"rendered":"","protected":false},"author":1,"featured_media":0,"parent":6503,"menu_order":1,"comment_status":"closed","ping_status":"closed","template":"page-article.php","meta":{"inline_featured_image":false,"footnotes":""},"categories":[],"tags":[],"_links":{"self":[{"href":"https:\/\/www.femmeharmone.com\/eng\/wp-json\/wp\/v2\/pages\/6555"}],"collection":[{"href":"https:\/\/www.femmeharmone.com\/eng\/wp-json\/wp\/v2\/pages"}],"about":[{"href":"https:\/\/www.femmeharmone.com\/eng\/wp-json\/wp\/v2\/types\/page"}],"author":[{"embeddable":true,"href":"https:\/\/www.femmeharmone.com\/eng\/wp-json\/wp\/v2\/users\/1"}],"replies":[{"embeddable":true,"href":"https:\/\/www.femmeharmone.com\/eng\/wp-json\/wp\/v2\/comments?post=6555"}],"version-history":[{"count":2,"href":"https:\/\/www.femmeharmone.com\/eng\/wp-json\/wp\/v2\/pages\/6555\/revisions"}],"predecessor-version":[{"id":6572,"href":"https:\/\/www.femmeharmone.com\/eng\/wp-json\/wp\/v2\/pages\/6555\/revisions\/6572"}],"up":[{"embeddable":true,"href":"https:\/\/www.femmeharmone.com\/eng\/wp-json\/wp\/v2\/pages\/6503"}],"wp:attachment":[{"href":"https:\/\/www.femmeharmone.com\/eng\/wp-json\/wp\/v2\/media?parent=6555"}],"wp:term":[{"taxonomy":"category","embeddable":true,"href":"https:\/\/www.femmeharmone.com\/eng\/wp-json\/wp\/v2\/categories?post=6555"},{"taxonomy":"post_tag","embeddable":true,"href":"https:\/\/www.femmeharmone.com\/eng\/wp-json\/wp\/v2\/tags?post=6555"}],"curies":[{"name":"wp","href":"https:\/\/api.w.org\/{rel}","templated":true}]}}