{"id":6557,"date":"2026-04-30T16:29:48","date_gmt":"2026-04-30T16:29:48","guid":{"rendered":"https:\/\/www.femmeharmone.com\/?page_id=6557"},"modified":"2026-04-30T16:45:29","modified_gmt":"2026-04-30T16:45:29","slug":"kiss-karoly-olvasonaplo-a-zene-miszteriuma-kalandozasok-a-metafizika-vilagaban","status":"publish","type":"page","link":"https:\/\/www.femmeharmone.com\/eng\/a-noi-dimenzio\/v-evfolyam-1-szam\/ismeret-szerzo\/kiss-karoly-olvasonaplo-a-zene-miszteriuma-kalandozasok-a-metafizika-vilagaban\/","title":{"rendered":"<em>Kiss K\u00e1roly:<\/em> Olvas\u00f3napl\u00f3: A zene miszt\u00e9riuma. Kalandoz\u00e1sok a metafizika vil\u00e1g\u00e1ban"},"content":{"rendered":"<div data-wp-interactive=\"core\/file\" class=\"wp-block-file\"><object data-wp-bind--hidden=\"!state.hasPdfPreview\"  class=\"wp-block-file__embed\" data=\"https:\/\/www.femmeharmone.com\/wp-content\/uploads\/2026\/04\/AND12_2025_Tavasz_v1_Kiss_Karoly.pdf\" type=\"application\/pdf\" style=\"width:100%;height:1500px\" aria-label=\"Embed of AND12_2025_Tavasz_v1_Kiss_Karoly.\"><\/object><a id=\"wp-block-file--media-2bf6fae4-c4b0-4e77-bf4b-bf08b0b02962\" href=\"https:\/\/www.femmeharmone.com\/wp-content\/uploads\/2026\/04\/AND12_2025_Tavasz_v1_Kiss_Karoly.pdf\">AND12_2025_Tavasz_v1_Kiss_Karoly<\/a><a href=\"https:\/\/www.femmeharmone.com\/wp-content\/uploads\/2026\/04\/AND12_2025_Tavasz_v1_Kiss_Karoly.pdf\" class=\"wp-block-file__button wp-element-button\" download aria-describedby=\"wp-block-file--media-2bf6fae4-c4b0-4e77-bf4b-bf08b0b02962\">Let\u00f6lt\u00e9s<\/a><\/div>","protected":false},"excerpt":{"rendered":"","protected":false},"author":1,"featured_media":0,"parent":6503,"menu_order":2,"comment_status":"closed","ping_status":"closed","template":"page-article.php","meta":{"inline_featured_image":false,"footnotes":""},"categories":[],"tags":[],"_links":{"self":[{"href":"https:\/\/www.femmeharmone.com\/eng\/wp-json\/wp\/v2\/pages\/6557"}],"collection":[{"href":"https:\/\/www.femmeharmone.com\/eng\/wp-json\/wp\/v2\/pages"}],"about":[{"href":"https:\/\/www.femmeharmone.com\/eng\/wp-json\/wp\/v2\/types\/page"}],"author":[{"embeddable":true,"href":"https:\/\/www.femmeharmone.com\/eng\/wp-json\/wp\/v2\/users\/1"}],"replies":[{"embeddable":true,"href":"https:\/\/www.femmeharmone.com\/eng\/wp-json\/wp\/v2\/comments?post=6557"}],"version-history":[{"count":2,"href":"https:\/\/www.femmeharmone.com\/eng\/wp-json\/wp\/v2\/pages\/6557\/revisions"}],"predecessor-version":[{"id":6573,"href":"https:\/\/www.femmeharmone.com\/eng\/wp-json\/wp\/v2\/pages\/6557\/revisions\/6573"}],"up":[{"embeddable":true,"href":"https:\/\/www.femmeharmone.com\/eng\/wp-json\/wp\/v2\/pages\/6503"}],"wp:attachment":[{"href":"https:\/\/www.femmeharmone.com\/eng\/wp-json\/wp\/v2\/media?parent=6557"}],"wp:term":[{"taxonomy":"category","embeddable":true,"href":"https:\/\/www.femmeharmone.com\/eng\/wp-json\/wp\/v2\/categories?post=6557"},{"taxonomy":"post_tag","embeddable":true,"href":"https:\/\/www.femmeharmone.com\/eng\/wp-json\/wp\/v2\/tags?post=6557"}],"curies":[{"name":"wp","href":"https:\/\/api.w.org\/{rel}","templated":true}]}}