{"id":9,"date":"2021-12-16T16:10:57","date_gmt":"2021-12-16T16:10:57","guid":{"rendered":"https:\/\/www.femmeharmone.com\/?page_id=9"},"modified":"2023-11-04T14:50:40","modified_gmt":"2023-11-04T14:50:40","slug":"a-noi-dimenzio","status":"publish","type":"page","link":"https:\/\/www.femmeharmone.com\/eng\/a-noi-dimenzio\/","title":{"rendered":"A n\u0151i dimenzi\u00f3"},"content":{"rendered":"<p>Online magazine<\/p>\n\n\n\n<p>In order to interpret the results of our research, it is essential to understand all the phenomena and processes that are at the forefront of current culture. Therefore, with regard to the diversity of culture, we offer a multidirectional and colourful approach to the the front line.<\/p>\n\n\n\n<p>We would kindly like to offer the reader a widerange of topics, from sport to astronomy through to contemporary art.<\/p>\n\n\n\n<div class=\"wp-block-buttons is-layout-flex wp-block-buttons-is-layout-flex\">\n<div class=\"wp-block-button\"><a class=\"wp-block-button__link wp-element-button\" href=\"https:\/\/www.femmeharmone.com\/eng\/a-noi-dimenzio\/ii-evfolyam-kulonszam\/\">More<\/a><\/div>\n<\/div>","protected":false},"excerpt":{"rendered":"<p>A Kort\u00e1rs N\u0151i Reflexi\u00f3k F\u00f3rum\u00e1nak foly\u00f3irata<\/p>","protected":false},"author":1,"featured_media":0,"parent":0,"menu_order":2,"comment_status":"closed","ping_status":"closed","template":"page-journal.php","meta":{"inline_featured_image":false,"footnotes":""},"categories":[5],"tags":[],"_links":{"self":[{"href":"https:\/\/www.femmeharmone.com\/eng\/wp-json\/wp\/v2\/pages\/9"}],"collection":[{"href":"https:\/\/www.femmeharmone.com\/eng\/wp-json\/wp\/v2\/pages"}],"about":[{"href":"https:\/\/www.femmeharmone.com\/eng\/wp-json\/wp\/v2\/types\/page"}],"author":[{"embeddable":true,"href":"https:\/\/www.femmeharmone.com\/eng\/wp-json\/wp\/v2\/users\/1"}],"replies":[{"embeddable":true,"href":"https:\/\/www.femmeharmone.com\/eng\/wp-json\/wp\/v2\/comments?post=9"}],"version-history":[{"count":26,"href":"https:\/\/www.femmeharmone.com\/eng\/wp-json\/wp\/v2\/pages\/9\/revisions"}],"predecessor-version":[{"id":4712,"href":"https:\/\/www.femmeharmone.com\/eng\/wp-json\/wp\/v2\/pages\/9\/revisions\/4712"}],"wp:attachment":[{"href":"https:\/\/www.femmeharmone.com\/eng\/wp-json\/wp\/v2\/media?parent=9"}],"wp:term":[{"taxonomy":"category","embeddable":true,"href":"https:\/\/www.femmeharmone.com\/eng\/wp-json\/wp\/v2\/categories?post=9"},{"taxonomy":"post_tag","embeddable":true,"href":"https:\/\/www.femmeharmone.com\/eng\/wp-json\/wp\/v2\/tags?post=9"}],"curies":[{"name":"wp","href":"https:\/\/api.w.org\/{rel}","templated":true}]}}